{"id":17769,"date":"2024-09-23T17:27:59","date_gmt":"2024-09-23T17:27:59","guid":{"rendered":"http:\/\/compunegocios.com.pe\/index.php\/product\/monitor-hp-p24-g5-23-8-fhd-1920-x-1080-a-75hz-ips-hdmi-vga-dp-color-negro\/"},"modified":"2025-08-19T16:24:32","modified_gmt":"2025-08-19T16:24:32","slug":"monitor-hp-p24-g5-23-8-fhd-1920-x-1080-a-75hz-ips-hdmi-vga-dp-color-negro","status":"publish","type":"product","link":"https:\/\/tmp.compunegocios.com.pe\/index.php\/product\/monitor-hp-p24-g5-23-8-fhd-1920-x-1080-a-75hz-ips-hdmi-vga-dp-color-negro\/","title":{"rendered":"MONITOR HP P24 G5 23.8 FHD (1920 X 1080 A 75HZ) IPS HDMI \/ VGA \/ DP COLOR NEGRO"},"content":{"rendered":"<p>MONITOR HP P24 G5 23.8 FHD (1920 X 1080 A 75HZ) IPS HDMI \/ VGA \/ DP COLOR NEGRO<\/p>\n<p>MARCA: HP<br \/>\nMODELO: P24 G5<br \/>\nPART NUMBER: 64X66AA#ABA<\/p>\n<p>PANTALLA<br \/>\nTAMA\u00d1O: 23.8 PULG<br \/>\nTIPO: FHD IPS<br \/>\nPROPORCION: 16:9<br \/>\nRESOLUCION MAX: 1920 x 1080<br \/>\nCONTRASTE: 1 000:1<br \/>\nBRILLO: 250 NITS<br \/>\nANGULO DE VISION: 178\u00b0(H) \/ 178\u00b0(V)<br \/>\nTIEMPO DE RESPUESTA: 5 MS<br \/>\nTASA DE REFRESCO: 75 HZ<\/p>\n<p>ENTRADAS \/ SALIDAS<br \/>\nDISPLAYPORT 1.2<br \/>\nHDMI<br \/>\nD-SUB VGA (15 PINES)<\/p>\n<p>CARACTERISTICAS<br \/>\nTRATAMIENTO DE LA PANTALLA: ANTIRREFLEJO<br \/>\nCOLORES DE PANTALLA: HASTA 16,7 MILLONES DE COLORES ADMITIDOS<br \/>\nSIN OSCILACIONES \/ MODOS DE LUZ AZUL BAJA: S\u00cd (CON CERTIFICACI\u00d3N T\u00dcV)<\/p>\n<p>VOLTAJE DE ALIMENTACION: 100 &#8211; 240 VAC<br \/>\nCONSUMO DE ENERGIA: 30W (MAXIMO), 20W (TIPICO), 0.5 W (STANDBY)<br \/>\nDIMENSIONES SIN BASE: 53.89 x 5.14 x 32.36 CM<br \/>\nPESO: 3.78 KG<\/p>\n","protected":false},"excerpt":{"rendered":"<p>&#8211;<\/p>\n","protected":false},"featured_media":17805,"template":"","meta":[],"pwb-brand":[],"product_brand":[],"product_cat":[177],"product_tag":[],"class_list":{"0":"post-17769","1":"product","2":"type-product","3":"status-publish","4":"has-post-thumbnail","6":"product_cat-177","8":"first","9":"outofstock","10":"taxable","11":"shipping-taxable","12":"purchasable","13":"product-type-simple"},"brands":[],"_links":{"self":[{"href":"https:\/\/tmp.compunegocios.com.pe\/index.php\/wp-json\/wp\/v2\/product\/17769","targetHints":{"allow":["GET"]}}],"collection":[{"href":"https:\/\/tmp.compunegocios.com.pe\/index.php\/wp-json\/wp\/v2\/product"}],"about":[{"href":"https:\/\/tmp.compunegocios.com.pe\/index.php\/wp-json\/wp\/v2\/types\/product"}],"wp:featuredmedia":[{"embeddable":true,"href":"https:\/\/tmp.compunegocios.com.pe\/index.php\/wp-json\/wp\/v2\/media\/17805"}],"wp:attachment":[{"href":"https:\/\/tmp.compunegocios.com.pe\/index.php\/wp-json\/wp\/v2\/media?parent=17769"}],"wp:term":[{"taxonomy":"pwb-brand","embeddable":true,"href":"https:\/\/tmp.compunegocios.com.pe\/index.php\/wp-json\/wp\/v2\/pwb-brand?post=17769"},{"taxonomy":"product_brand","embeddable":true,"href":"https:\/\/tmp.compunegocios.com.pe\/index.php\/wp-json\/wp\/v2\/product_brand?post=17769"},{"taxonomy":"product_cat","embeddable":true,"href":"https:\/\/tmp.compunegocios.com.pe\/index.php\/wp-json\/wp\/v2\/product_cat?post=17769"},{"taxonomy":"product_tag","embeddable":true,"href":"https:\/\/tmp.compunegocios.com.pe\/index.php\/wp-json\/wp\/v2\/product_tag?post=17769"}],"curies":[{"name":"wp","href":"https:\/\/api.w.org\/{rel}","templated":true}]}}