{"id":17772,"date":"2024-09-24T21:03:09","date_gmt":"2024-09-24T21:03:09","guid":{"rendered":"http:\/\/compunegocios.com.pe\/index.php\/product\/laptop-hp-victus-15-fa1090la-core-i5-12450h-ram-8gb-ssd-512gb-rtx2050-4gb-15-6-fhd-pn-a14lflaabm\/"},"modified":"2025-08-19T16:24:34","modified_gmt":"2025-08-19T16:24:34","slug":"laptop-hp-victus-15-fa1090la-core-i5-12450h-ram-8gb-ssd-512gb-rtx2050-4gb-15-6-fhd-pn-a14lflaabm","status":"publish","type":"product","link":"https:\/\/tmp.compunegocios.com.pe\/index.php\/product\/laptop-hp-victus-15-fa1090la-core-i5-12450h-ram-8gb-ssd-512gb-rtx2050-4gb-15-6-fhd-pn-a14lflaabm\/","title":{"rendered":"LAPTOP HP VICTUS 15-FA1090LA CORE I5-12450H RAM 8GB SSD 512GB RTX2050 4GB 15.6 FHD (PN: A14LFLA#ABM)"},"content":{"rendered":"<p>LAPTOP HP VICTUS 15-FA1090LA CORE I5-12450H RAM 8GB SSD 512GB RTX2050 4GB 15.6 FHD<\/p>\n<p>Marca: HP<br \/>\nModelo: Gaming Victus 15-fa1090la<br \/>\nSKU: A14LFLA<\/p>\n<p>Procesador: Intel\u00ae Core\u2122 i5-12450H (hasta 4,4 GHz con tecnolog\u00eda Intel\u00ae Turbo Boost, 12 MB de cach\u00e9 L3, 8 n\u00facleos y 12 subprocesos)<br \/>\nMemoria:  8 GB de RAM DDR4-3200 MHz (1 x 8 GB)<br \/>\nAlmacenamiento:  Unidad de estado s\u00f3lido PCIe\u00ae Gen4 NVMe\u2122 M.2 de 512 GB<br \/>\nTarjeta Gr\u00e1fica: GPU NVIDIA\u00ae GeForce RTX\u2122 2050 para laptop (GDDR6 de 4 GB dedicada)<br \/>\nDuraci\u00f3n de la Bater\u00eda: Hasta 7 horas y 45 minutos<br \/>\nSistema Operativo: Windows 11 Home Single Language<\/p>\n<p>PANTALLA<br \/>\nTipo de Pantalla: Pantalla FHD, IPS, antirreflectante, con tiempo de respuesta de 9 ms y microbordes, de 144 Hz, 39,6 cm (15,6&#8243;) en diagonal, 250 nits y 45 % de NTSC (1920 x 1080)<br \/>\nPantalla Touch: No<br \/>\nDISE\u00d1O<br \/>\nColor: Azul metalizado brillante<br \/>\nPeso: 2,29 kg<br \/>\nDimensiones: 35,79 x 25,5 x 2,35 cm<br \/>\nSistema de Audio: Audio by B&amp;O; Altavoces dobles; HP Audio Boost<br \/>\nC\u00e1mara Web: C\u00e1mara HD HP Wide Vision de 720p con reducci\u00f3n de ruido temporal y micr\u00f3fonos digitales integrados de doble matriz<br \/>\nOTROS<br \/>\nConectividad: Tarjeta inal\u00e1mbrica de Intel\u00ae Wi-Fi 6E AX211 (2&#215;2) y Bluetooth\u00ae 5.3 (compatible con velocidad de datos de Gigabit)<br \/>\nTeclado: Teclado de tama\u00f1o completo, con retroiluminaci\u00f3n, de color azul intenso y teclado num\u00e9rico<\/p>\n","protected":false},"excerpt":{"rendered":"<p>&#8211;<\/p>\n","protected":false},"featured_media":17812,"template":"","meta":[],"pwb-brand":[],"product_brand":[],"product_cat":[23],"product_tag":[],"class_list":{"0":"post-17772","1":"product","2":"type-product","3":"status-publish","4":"has-post-thumbnail","6":"product_cat-23","8":"first","9":"outofstock","10":"taxable","11":"shipping-taxable","12":"purchasable","13":"product-type-simple"},"brands":[],"_links":{"self":[{"href":"https:\/\/tmp.compunegocios.com.pe\/index.php\/wp-json\/wp\/v2\/product\/17772","targetHints":{"allow":["GET"]}}],"collection":[{"href":"https:\/\/tmp.compunegocios.com.pe\/index.php\/wp-json\/wp\/v2\/product"}],"about":[{"href":"https:\/\/tmp.compunegocios.com.pe\/index.php\/wp-json\/wp\/v2\/types\/product"}],"wp:featuredmedia":[{"embeddable":true,"href":"https:\/\/tmp.compunegocios.com.pe\/index.php\/wp-json\/wp\/v2\/media\/17812"}],"wp:attachment":[{"href":"https:\/\/tmp.compunegocios.com.pe\/index.php\/wp-json\/wp\/v2\/media?parent=17772"}],"wp:term":[{"taxonomy":"pwb-brand","embeddable":true,"href":"https:\/\/tmp.compunegocios.com.pe\/index.php\/wp-json\/wp\/v2\/pwb-brand?post=17772"},{"taxonomy":"product_brand","embeddable":true,"href":"https:\/\/tmp.compunegocios.com.pe\/index.php\/wp-json\/wp\/v2\/product_brand?post=17772"},{"taxonomy":"product_cat","embeddable":true,"href":"https:\/\/tmp.compunegocios.com.pe\/index.php\/wp-json\/wp\/v2\/product_cat?post=17772"},{"taxonomy":"product_tag","embeddable":true,"href":"https:\/\/tmp.compunegocios.com.pe\/index.php\/wp-json\/wp\/v2\/product_tag?post=17772"}],"curies":[{"name":"wp","href":"https:\/\/api.w.org\/{rel}","templated":true}]}}