{"id":17773,"date":"2024-09-24T21:09:04","date_gmt":"2024-09-24T21:09:04","guid":{"rendered":"http:\/\/compunegocios.com.pe\/index.php\/product\/laptop-hp-15-fc0068la-amd-ryzen-3-7320u-4-1ghz-ram-8gb-ddr5-ssd-512gb-pantalla-15-6-fhd-pn-a1ud2laabm\/"},"modified":"2025-09-17T17:38:30","modified_gmt":"2025-09-17T17:38:30","slug":"laptop-hp-15-fc0068la-amd-ryzen-3-7320u-4-1ghz-ram-8gb-ddr5-ssd-512gb-pantalla-15-6-fhd-pn-a1ud2laabm","status":"publish","type":"product","link":"https:\/\/tmp.compunegocios.com.pe\/index.php\/product\/laptop-hp-15-fc0068la-amd-ryzen-3-7320u-4-1ghz-ram-8gb-ddr5-ssd-512gb-pantalla-15-6-fhd-pn-a1ud2laabm\/","title":{"rendered":"LAPTOP HP 15-FC0068LA AMD RYZEN 3 7320U 4.1GHZ RAM 8GB DDR5 SSD 512GB PANTALLA 15.6 FHD (PN: A1UD2LA#ABM)"},"content":{"rendered":"<p>LAPTOP HP 15-FC0068LA AMD RYZEN 3 7320U 4.1GHZ RAM 8GB DDR5 SSD 512GB PANTALLA 15.6 FHD (PN: A1UD2LA#ABM)<\/p>\n<p>Procesador: AMD Ryzen\u2122 3 7320U (aumento m\u00e1ximo del reloj hasta 4,1 GHz, 4 MB de cach\u00e9 L3, 4 n\u00facleos, 8 subprocesos)<br \/>\nFamilia de procesador: Procesador AMD Ryzen\u2122 3<br \/>\nMemoria, est\u00e1ndar\t8 GB de RAM LPDDR5-5500 MHz (incorporada)<br \/>\nDescripci\u00f3n del disco duro: Unidad de estado s\u00f3lido de 512 GB PCIe\u00ae NVMe\u2122 M.2<br \/>\nMonitor: 15.6\u2033 diagonal, FHD (1920 x 1080), micro-edge, anti-glare, 250 nits, 45% NTSC<br \/>\nPantalla: FHD (1920 x 1080), de 15,6\u2033 (39,6 cm) en diagonal, con bisel microborde, antirreflejante, 250 nits, 45 % de NTSC<br \/>\nPuertos: 1 USB Tipo-C\u00ae con velocidad de se\u00f1alizaci\u00f3n de 5 Gb\/s (admite solo transferencia de datos y no admite carga o monitores externos); 2 USB Tipo-A con velocidad de se\u00f1alizaci\u00f3n de 5 Gb\/s; 1 conector inteligente de CA; 1 HDMI 1.4b; 1 combinaci\u00f3n de aud\u00edfonos\/micr\u00f3fono<br \/>\nFunciones de audio\tDos altavoces<br \/>\nC\u00e1mara web: C\u00e1mara FHD HP True Vision de 1080p con reducci\u00f3n de ruido temporal y micr\u00f3fonos digitales integrados de doble matriz<br \/>\nSistema operativo: Windows 11 Home Single Language<\/p>\n","protected":false},"excerpt":{"rendered":"<p>&#8211;<\/p>\n","protected":false},"featured_media":17814,"template":"","meta":[],"pwb-brand":[],"product_brand":[],"product_cat":[24],"product_tag":[],"class_list":{"0":"post-17773","1":"product","2":"type-product","3":"status-publish","4":"has-post-thumbnail","6":"product_cat-24","8":"first","9":"outofstock","10":"taxable","11":"shipping-taxable","12":"purchasable","13":"product-type-simple"},"brands":[],"_links":{"self":[{"href":"https:\/\/tmp.compunegocios.com.pe\/index.php\/wp-json\/wp\/v2\/product\/17773","targetHints":{"allow":["GET"]}}],"collection":[{"href":"https:\/\/tmp.compunegocios.com.pe\/index.php\/wp-json\/wp\/v2\/product"}],"about":[{"href":"https:\/\/tmp.compunegocios.com.pe\/index.php\/wp-json\/wp\/v2\/types\/product"}],"wp:featuredmedia":[{"embeddable":true,"href":"https:\/\/tmp.compunegocios.com.pe\/index.php\/wp-json\/wp\/v2\/media\/17814"}],"wp:attachment":[{"href":"https:\/\/tmp.compunegocios.com.pe\/index.php\/wp-json\/wp\/v2\/media?parent=17773"}],"wp:term":[{"taxonomy":"pwb-brand","embeddable":true,"href":"https:\/\/tmp.compunegocios.com.pe\/index.php\/wp-json\/wp\/v2\/pwb-brand?post=17773"},{"taxonomy":"product_brand","embeddable":true,"href":"https:\/\/tmp.compunegocios.com.pe\/index.php\/wp-json\/wp\/v2\/product_brand?post=17773"},{"taxonomy":"product_cat","embeddable":true,"href":"https:\/\/tmp.compunegocios.com.pe\/index.php\/wp-json\/wp\/v2\/product_cat?post=17773"},{"taxonomy":"product_tag","embeddable":true,"href":"https:\/\/tmp.compunegocios.com.pe\/index.php\/wp-json\/wp\/v2\/product_tag?post=17773"}],"curies":[{"name":"wp","href":"https:\/\/api.w.org\/{rel}","templated":true}]}}