{"id":17863,"date":"2024-09-28T17:27:49","date_gmt":"2024-09-28T17:27:49","guid":{"rendered":"http:\/\/compunegocios.com.pe\/index.php\/product\/cable-utp-satra-cat6-utp-lszh-1-lszh-24awg-305mt-para-interiores-gris\/"},"modified":"2025-08-19T16:25:06","modified_gmt":"2025-08-19T16:25:06","slug":"cable-utp-satra-cat6-utp-lszh-1-lszh-24awg-305mt-para-interiores-gris","status":"publish","type":"product","link":"https:\/\/tmp.compunegocios.com.pe\/index.php\/product\/cable-utp-satra-cat6-utp-lszh-1-lszh-24awg-305mt-para-interiores-gris\/","title":{"rendered":"CABLE (CAJA) UTP SATRA CAT6 UTP-LSZH-1 LSZH 24AWG 305MT PARA INTERIORES GRIS"},"content":{"rendered":"<p>CABLE (CAJA) UTP SATRA CAT6 UTP-LSZH-1 LSZH 24AWG 305MT PARA INTERIORES GRIS<\/p>\n<p>El cable s\u00f3lido UTP SATRA Categor\u00eda 6 LSZH, de 4 pares trenzados aislados, est\u00e1 dise\u00f1ado para la red horizontal transmitiendo datos, voz e imagen en un sistema de cableado estructurado. Frecuencia de operaci\u00f3n de 250 MHz.<\/p>\n<p>Cada caja contiene un carrete con 305 m (1000 pies) de cable.<\/p>\n<p>CARACTERISTICAS:<br \/>\nChaqueta de LSZH de color gris de 24 AWG<br \/>\n4 pares trenzados aislados<br \/>\nM\u00e1xima frecuencia de operaci\u00f3n 250 MHz<br \/>\nCruceta de polietileno de alta densidad HDPE<br \/>\nSuministro en caja de 305 m<br \/>\nM\u00e1xima tensi\u00f3n 11.5 Kg<\/p>\n<p>DESCRIPCI\u00d3N:<\/p>\n<p>Categor\u00eda 6 S\u00f3lido LSZH<br \/>\nFrecuencia de operaci\u00f3n 250\u202fMHz<br \/>\nEst\u00e1ndares IEC 60332-1. ANSI\/TIA 568-C.2.ISO\/IEC 11801<br \/>\nCONSTRUCCI\u00d3N:<\/p>\n<p>Calibre del conductor 24 AWG.<br \/>\nDi\u00e1metro del aislador 0.88 mm<br \/>\nMaterial de aislamiento HDPE.<br \/>\nIDENTIFICACI\u00d3N DE PARES:<\/p>\n<p>1- Azul: Azul\/Blanco.<br \/>\n2- Naranja: Naranja\/Blanco.<br \/>\n3- Verde: Verde\/Blanco.<br \/>\n4- Marr\u00f3n: Marr\u00f3n\/Blanco<br \/>\nMaterial de la cruceta Polietileno de alta densidad<br \/>\nDi\u00e1metro del cable 5.3 mm<br \/>\nPropiedades F\u00edsicas y El\u00e9ctricas<br \/>\nImpedancia 85 ~ 115 \u03a9 (1-250 MHz)<br \/>\nResistencia desbalanceada DC 5% m\u00e1x.<\/p>\n","protected":false},"excerpt":{"rendered":"<p>&#8211;<\/p>\n","protected":false},"featured_media":18007,"template":"","meta":[],"pwb-brand":[],"product_brand":[],"product_cat":[266],"product_tag":[],"class_list":{"0":"post-17863","1":"product","2":"type-product","3":"status-publish","4":"has-post-thumbnail","6":"product_cat-266","8":"first","9":"outofstock","10":"taxable","11":"shipping-taxable","12":"purchasable","13":"product-type-simple"},"brands":[],"_links":{"self":[{"href":"https:\/\/tmp.compunegocios.com.pe\/index.php\/wp-json\/wp\/v2\/product\/17863","targetHints":{"allow":["GET"]}}],"collection":[{"href":"https:\/\/tmp.compunegocios.com.pe\/index.php\/wp-json\/wp\/v2\/product"}],"about":[{"href":"https:\/\/tmp.compunegocios.com.pe\/index.php\/wp-json\/wp\/v2\/types\/product"}],"wp:featuredmedia":[{"embeddable":true,"href":"https:\/\/tmp.compunegocios.com.pe\/index.php\/wp-json\/wp\/v2\/media\/18007"}],"wp:attachment":[{"href":"https:\/\/tmp.compunegocios.com.pe\/index.php\/wp-json\/wp\/v2\/media?parent=17863"}],"wp:term":[{"taxonomy":"pwb-brand","embeddable":true,"href":"https:\/\/tmp.compunegocios.com.pe\/index.php\/wp-json\/wp\/v2\/pwb-brand?post=17863"},{"taxonomy":"product_brand","embeddable":true,"href":"https:\/\/tmp.compunegocios.com.pe\/index.php\/wp-json\/wp\/v2\/product_brand?post=17863"},{"taxonomy":"product_cat","embeddable":true,"href":"https:\/\/tmp.compunegocios.com.pe\/index.php\/wp-json\/wp\/v2\/product_cat?post=17863"},{"taxonomy":"product_tag","embeddable":true,"href":"https:\/\/tmp.compunegocios.com.pe\/index.php\/wp-json\/wp\/v2\/product_tag?post=17863"}],"curies":[{"name":"wp","href":"https:\/\/api.w.org\/{rel}","templated":true}]}}