{"id":1789,"date":"2023-11-16T16:31:47","date_gmt":"2023-11-16T16:31:47","guid":{"rendered":"http:\/\/compunegocios.com.pe\/index.php\/product\/mouse-gamer-inalambrico-logitech-g305\/"},"modified":"2025-08-19T17:04:06","modified_gmt":"2025-08-19T17:04:06","slug":"mouse-gamer-inalambrico-logitech-g305","status":"publish","type":"product","link":"https:\/\/tmp.compunegocios.com.pe\/index.php\/product\/mouse-gamer-inalambrico-logitech-g305\/","title":{"rendered":"MOUSE GAMER INALAMBRICO LOGITECH G305 BLACK (PN: 910-005281)"},"content":{"rendered":"<p>MOUSE GAMER INALAMBRICO LOGITECH G305 BLACK (PN: 910-005281)<\/p>\n<p>ESPECIFICACIONES T\u00c9CNICAS<br \/>\nSEGUIMIENTO<br \/>\nSensor: HERO<br \/>\nResoluci\u00f3n: 200 \u2013 12.000 dpi<br \/>\nSin suavizado\/aceleraci\u00f3n\/filtros<br \/>\nAceleraci\u00f3n m\u00e1x.: 40 g 2Pruebas realizadas en Logitech G240 Gaming Mouse Pad<br \/>\nVelocidad m\u00e1x.: 400 ips 3Pruebas realizadas en Logitech G240 Gaming Mouse Pad<br \/>\nRESPUESTA<br \/>\nVelocidad de respuesta inal\u00e1mbrica: 1000 Hz (1 ms)<br \/>\nTecnolog\u00eda inal\u00e1mbrica: Tecnolog\u00eda inal\u00e1mbrica LIGHTSPEED<br \/>\nMicroprocesador: ARM de 32 bits<br \/>\nDURABILIDAD<br \/>\nPies de PTFE: Recorrido de 250 km 1Pruebas realizadas en Logitech G240 Gaming Mouse Pad<br \/>\nDURACI\u00d3N DE BATER\u00cdAS<br \/>\n250 horas<br \/>\nOTRAS FUNCIONES<br \/>\nMemoria integrada: 1 perfil<br \/>\nSistema mec\u00e1nico de tensi\u00f3n de botones<br \/>\nESPECIFICACIONES F\u00cdSICAS<br \/>\nAltura: 116,6 mm<br \/>\nAncho: 62,15 mm<br \/>\nProfundidad: 38,2 mm<br \/>\nPeso: 99 g<br \/>\nCOMPATIBILIDAD<br \/>\nWindows\u00ae 7 o posterior<br \/>\nmacOS 10.13 o posterior<br \/>\nChromeOS<br \/>\nPuerto USB<br \/>\nAcceso a Internet para Logitech G HUB (opcional)<\/p>\n","protected":false},"excerpt":{"rendered":"<p>&#8211;<\/p>\n","protected":false},"featured_media":1798,"template":"","meta":[],"pwb-brand":[],"product_brand":[],"product_cat":[194],"product_tag":[],"class_list":{"0":"post-1789","1":"product","2":"type-product","3":"status-publish","4":"has-post-thumbnail","6":"product_cat-194","8":"first","9":"instock","10":"taxable","11":"shipping-taxable","12":"purchasable","13":"product-type-simple"},"brands":[],"_links":{"self":[{"href":"https:\/\/tmp.compunegocios.com.pe\/index.php\/wp-json\/wp\/v2\/product\/1789","targetHints":{"allow":["GET"]}}],"collection":[{"href":"https:\/\/tmp.compunegocios.com.pe\/index.php\/wp-json\/wp\/v2\/product"}],"about":[{"href":"https:\/\/tmp.compunegocios.com.pe\/index.php\/wp-json\/wp\/v2\/types\/product"}],"wp:featuredmedia":[{"embeddable":true,"href":"https:\/\/tmp.compunegocios.com.pe\/index.php\/wp-json\/wp\/v2\/media\/1798"}],"wp:attachment":[{"href":"https:\/\/tmp.compunegocios.com.pe\/index.php\/wp-json\/wp\/v2\/media?parent=1789"}],"wp:term":[{"taxonomy":"pwb-brand","embeddable":true,"href":"https:\/\/tmp.compunegocios.com.pe\/index.php\/wp-json\/wp\/v2\/pwb-brand?post=1789"},{"taxonomy":"product_brand","embeddable":true,"href":"https:\/\/tmp.compunegocios.com.pe\/index.php\/wp-json\/wp\/v2\/product_brand?post=1789"},{"taxonomy":"product_cat","embeddable":true,"href":"https:\/\/tmp.compunegocios.com.pe\/index.php\/wp-json\/wp\/v2\/product_cat?post=1789"},{"taxonomy":"product_tag","embeddable":true,"href":"https:\/\/tmp.compunegocios.com.pe\/index.php\/wp-json\/wp\/v2\/product_tag?post=1789"}],"curies":[{"name":"wp","href":"https:\/\/api.w.org\/{rel}","templated":true}]}}