{"id":17890,"date":"2024-09-30T23:49:24","date_gmt":"2024-09-30T23:49:24","guid":{"rendered":"http:\/\/compunegocios.com.pe\/index.php\/product\/mouse-gamer-micronics-mic-m669-norton-usb-7leds-7b-3200dpi\/"},"modified":"2025-08-19T16:25:26","modified_gmt":"2025-08-19T16:25:26","slug":"mouse-gamer-micronics-mic-m669-norton-usb-7leds-7b-3200dpi","status":"publish","type":"product","link":"https:\/\/tmp.compunegocios.com.pe\/index.php\/product\/mouse-gamer-micronics-mic-m669-norton-usb-7leds-7b-3200dpi\/","title":{"rendered":"MOUSE GAMER MICRONICS MIC M669 NORTON USB 7LEDS 7B 3200DPI"},"content":{"rendered":"<p>MOUSE GAMER MICRONICS MIC M669 NORTON USB 7LEDS 7B 3200DPI <\/p>\n<p>Mouse: Mouse \u00d3ptico Gamer<br \/>\nDise\u00f1o ergon\u00f3mico: Para uso m\u00e1s confortable<br \/>\nFuncionamiento: Sobre cualquier superficie no reflectiva, sin necesidad de Pad Mouse<br \/>\nDesplazamiento: (Scroll) para ahorrar tiempo y evitar molestias en la mu\u00f1eca<br \/>\nLED: 7 colores<br \/>\nDise\u00f1o: Dise\u00f1o labrado sobre superficie mate.<br \/>\nAgarres laterales: Texturados antideslizantes<br \/>\nEmpaque: Empaque con ventana para una \u00f3ptima exhibici\u00f3n<br \/>\nCompatible con: Sistemas Operativos Windows<\/p>\n<p>Especificaciones T\u00e9cnicas<br \/>\nConector: USB<br \/>\nInterruptores de los botones derecho\/izquierdo: Huano<br \/>\nAlta sensibilidad DPI graduable de: 800\/1200\/1600\/4000<br \/>\nDurabilidad de los botones derecho\/izquierdo: 10 millones de pulsaciones.<br \/>\nBotones\t7 botones<\/p>\n","protected":false},"excerpt":{"rendered":"<p>&#8211;<\/p>\n","protected":false},"featured_media":18046,"template":"","meta":[],"pwb-brand":[],"product_brand":[],"product_cat":[194],"product_tag":[],"class_list":{"0":"post-17890","1":"product","2":"type-product","3":"status-publish","4":"has-post-thumbnail","6":"product_cat-194","8":"first","9":"outofstock","10":"taxable","11":"shipping-taxable","12":"purchasable","13":"product-type-simple"},"brands":[],"_links":{"self":[{"href":"https:\/\/tmp.compunegocios.com.pe\/index.php\/wp-json\/wp\/v2\/product\/17890","targetHints":{"allow":["GET"]}}],"collection":[{"href":"https:\/\/tmp.compunegocios.com.pe\/index.php\/wp-json\/wp\/v2\/product"}],"about":[{"href":"https:\/\/tmp.compunegocios.com.pe\/index.php\/wp-json\/wp\/v2\/types\/product"}],"wp:featuredmedia":[{"embeddable":true,"href":"https:\/\/tmp.compunegocios.com.pe\/index.php\/wp-json\/wp\/v2\/media\/18046"}],"wp:attachment":[{"href":"https:\/\/tmp.compunegocios.com.pe\/index.php\/wp-json\/wp\/v2\/media?parent=17890"}],"wp:term":[{"taxonomy":"pwb-brand","embeddable":true,"href":"https:\/\/tmp.compunegocios.com.pe\/index.php\/wp-json\/wp\/v2\/pwb-brand?post=17890"},{"taxonomy":"product_brand","embeddable":true,"href":"https:\/\/tmp.compunegocios.com.pe\/index.php\/wp-json\/wp\/v2\/product_brand?post=17890"},{"taxonomy":"product_cat","embeddable":true,"href":"https:\/\/tmp.compunegocios.com.pe\/index.php\/wp-json\/wp\/v2\/product_cat?post=17890"},{"taxonomy":"product_tag","embeddable":true,"href":"https:\/\/tmp.compunegocios.com.pe\/index.php\/wp-json\/wp\/v2\/product_tag?post=17890"}],"curies":[{"name":"wp","href":"https:\/\/api.w.org\/{rel}","templated":true}]}}