{"id":17896,"date":"2024-10-01T01:09:10","date_gmt":"2024-10-01T01:09:10","guid":{"rendered":"http:\/\/compunegocios.com.pe\/index.php\/product\/switch-tp-link-tl-sg1016d-de-16-puertos-gigabit-para-escritorio-montaje-en-rack\/"},"modified":"2025-08-29T16:51:27","modified_gmt":"2025-08-29T16:51:27","slug":"switch-tp-link-tl-sg1016d-de-16-puertos-gigabit-para-escritorio-montaje-en-rack","status":"publish","type":"product","link":"https:\/\/tmp.compunegocios.com.pe\/index.php\/product\/switch-tp-link-tl-sg1016d-de-16-puertos-gigabit-para-escritorio-montaje-en-rack\/","title":{"rendered":"SWITCH TP-LINK TL-SG1016D DE 16 PUERTOS GIGABIT PARA ESCRITORIO \/ MONTAJE EN RACK PN:1730502264"},"content":{"rendered":"<p>SWITCH TP-LINK TL-SG1016D DE 16 PUERTOS GIGABIT PARA ESCRITORIO \/ MONTAJE EN RACK<br \/>\n16 puertos de 10\/100\/1000 Mbps PN:1730502264<br \/>\nLa tecnolog\u00eda innovadora de eficiencia energ\u00e9tica ahorra consumo de energ\u00eda<br \/>\nAdmite autoaprendizaje de direcciones MAC, Auto MDI \/ MDIX y negociaci\u00f3n autom\u00e1tica<br \/>\nDise\u00f1o plug &amp; play<\/p>\n","protected":false},"excerpt":{"rendered":"<p>&#8211;<\/p>\n","protected":false},"featured_media":18079,"template":"","meta":[],"pwb-brand":[],"product_brand":[],"product_cat":[218],"product_tag":[],"class_list":{"0":"post-17896","1":"product","2":"type-product","3":"status-publish","4":"has-post-thumbnail","6":"product_cat-218","8":"first","9":"instock","10":"taxable","11":"shipping-taxable","12":"purchasable","13":"product-type-simple"},"brands":[],"_links":{"self":[{"href":"https:\/\/tmp.compunegocios.com.pe\/index.php\/wp-json\/wp\/v2\/product\/17896","targetHints":{"allow":["GET"]}}],"collection":[{"href":"https:\/\/tmp.compunegocios.com.pe\/index.php\/wp-json\/wp\/v2\/product"}],"about":[{"href":"https:\/\/tmp.compunegocios.com.pe\/index.php\/wp-json\/wp\/v2\/types\/product"}],"wp:featuredmedia":[{"embeddable":true,"href":"https:\/\/tmp.compunegocios.com.pe\/index.php\/wp-json\/wp\/v2\/media\/18079"}],"wp:attachment":[{"href":"https:\/\/tmp.compunegocios.com.pe\/index.php\/wp-json\/wp\/v2\/media?parent=17896"}],"wp:term":[{"taxonomy":"pwb-brand","embeddable":true,"href":"https:\/\/tmp.compunegocios.com.pe\/index.php\/wp-json\/wp\/v2\/pwb-brand?post=17896"},{"taxonomy":"product_brand","embeddable":true,"href":"https:\/\/tmp.compunegocios.com.pe\/index.php\/wp-json\/wp\/v2\/product_brand?post=17896"},{"taxonomy":"product_cat","embeddable":true,"href":"https:\/\/tmp.compunegocios.com.pe\/index.php\/wp-json\/wp\/v2\/product_cat?post=17896"},{"taxonomy":"product_tag","embeddable":true,"href":"https:\/\/tmp.compunegocios.com.pe\/index.php\/wp-json\/wp\/v2\/product_tag?post=17896"}],"curies":[{"name":"wp","href":"https:\/\/api.w.org\/{rel}","templated":true}]}}