{"id":17897,"date":"2024-10-01T01:16:04","date_gmt":"2024-10-01T01:16:04","guid":{"rendered":"http:\/\/compunegocios.com.pe\/index.php\/product\/impresora-multifuncional-kyocera-ecosys-ma5500ifx-monocromatica\/"},"modified":"2025-08-19T16:25:32","modified_gmt":"2025-08-19T16:25:32","slug":"impresora-multifuncional-kyocera-ecosys-ma5500ifx-monocromatica","status":"publish","type":"product","link":"https:\/\/tmp.compunegocios.com.pe\/index.php\/product\/impresora-multifuncional-kyocera-ecosys-ma5500ifx-monocromatica\/","title":{"rendered":"IMPRESORA MULTIFUNCIONAL KYOCERA ECOSYS MA5500IFX MONOCROMATICA"},"content":{"rendered":"<p>IMPRESORA MULTIFUNCIONAL KYOCERA ECOSYS MA5500IFX MONOCROMATICA<\/p>\n<p>Calidad de impresi\u00f3n: Alta resoluci\u00f3n,Baja resoluci\u00f3n,Media resoluci\u00f3n<br \/>\nDimensiones: 480 x 495 x 590 mm<br \/>\nModelo: MA5500IFX<br \/>\nCantidad de puertos USB: 1<br \/>\nPa\u00eds de origen\tChina<br \/>\nLargo del cable: 1.5<br \/>\nCompatible con: Android,Mac OS,Microsoft windows<br \/>\nColor: BLANCA<br \/>\nTipo de inyecci\u00f3n: L\u00e1ser<br \/>\nGarant\u00eda: 6 meses<br \/>\nConectividad\/conexi\u00f3n: Wifi,Al\u00e1mbrico<br \/>\nFormato de papel: A4<br \/>\nTipo de impresora: Impresora l\u00e1ser<br \/>\nCantidad de bandejas: 1<br \/>\nCantidad de hojas: 500<br \/>\nEntrada: 1<br \/>\nVelocidad de la impresi\u00f3n a blanco y negro: 55<br \/>\nTipo de impresi\u00f3n: L\u00e1ser monocrom\u00e1tica<\/p>\n","protected":false},"excerpt":{"rendered":"<p>&#8211;<\/p>\n","protected":false},"featured_media":18083,"template":"","meta":[],"pwb-brand":[],"product_brand":[],"product_cat":[206],"product_tag":[],"class_list":{"0":"post-17897","1":"product","2":"type-product","3":"status-publish","4":"has-post-thumbnail","6":"product_cat-206","8":"first","9":"outofstock","10":"taxable","11":"shipping-taxable","12":"purchasable","13":"product-type-simple"},"brands":[],"_links":{"self":[{"href":"https:\/\/tmp.compunegocios.com.pe\/index.php\/wp-json\/wp\/v2\/product\/17897","targetHints":{"allow":["GET"]}}],"collection":[{"href":"https:\/\/tmp.compunegocios.com.pe\/index.php\/wp-json\/wp\/v2\/product"}],"about":[{"href":"https:\/\/tmp.compunegocios.com.pe\/index.php\/wp-json\/wp\/v2\/types\/product"}],"wp:featuredmedia":[{"embeddable":true,"href":"https:\/\/tmp.compunegocios.com.pe\/index.php\/wp-json\/wp\/v2\/media\/18083"}],"wp:attachment":[{"href":"https:\/\/tmp.compunegocios.com.pe\/index.php\/wp-json\/wp\/v2\/media?parent=17897"}],"wp:term":[{"taxonomy":"pwb-brand","embeddable":true,"href":"https:\/\/tmp.compunegocios.com.pe\/index.php\/wp-json\/wp\/v2\/pwb-brand?post=17897"},{"taxonomy":"product_brand","embeddable":true,"href":"https:\/\/tmp.compunegocios.com.pe\/index.php\/wp-json\/wp\/v2\/product_brand?post=17897"},{"taxonomy":"product_cat","embeddable":true,"href":"https:\/\/tmp.compunegocios.com.pe\/index.php\/wp-json\/wp\/v2\/product_cat?post=17897"},{"taxonomy":"product_tag","embeddable":true,"href":"https:\/\/tmp.compunegocios.com.pe\/index.php\/wp-json\/wp\/v2\/product_tag?post=17897"}],"curies":[{"name":"wp","href":"https:\/\/api.w.org\/{rel}","templated":true}]}}