{"id":18,"date":"2023-11-11T12:14:30","date_gmt":"2023-11-11T12:14:30","guid":{"rendered":"http:\/\/compunegocios.com.pe\/index.php\/product\/impresora-epson-multifuncional-l5590\/"},"modified":"2025-10-02T22:26:43","modified_gmt":"2025-10-02T22:26:43","slug":"impresora-epson-multifuncional-l5590","status":"publish","type":"product","link":"https:\/\/tmp.compunegocios.com.pe\/index.php\/product\/impresora-epson-multifuncional-l5590\/","title":{"rendered":"IMPRESORA EPSON MULTIFUNCIONAL L5590"},"content":{"rendered":"<p>Impresora Multifuncional Epson EcoTank L5590, Imprime\/Escanea\/Copia\/Fax\/USB\/LAN\/Wi-Fi<br \/>\nPantalla LCD en color de 1.44&#8243; \/ Tecnolog\u00eda de impresi\u00f3n: Inyecci\u00f3n de tinta Heat-Free PrecisionCore de 4 colores (CMYK) \/ Resoluci\u00f3n m\u00e1xima de impresi\u00f3n: Hasta 4800 x 1200 dpi \/ Velocidad de impresi\u00f3n m\u00e1xima: Negro 33 ppm y color 20 ppm \/ Resolucion maxima de escaneado: 1200 x 2400 ppp \/ Capacidad de carga: Alimentaci\u00f3n trasera: hasta 100 hojas (A4\/Carta\/Oficio) \/ ADF: hasta 30 hojas (A4\/Carta) \/ hasta 10 hojas (Oficio) \/ Tensi\u00f3n y frecuencia nominal: AC 100-240V\/50-60Hz \/ Dimensiones (ancho x profundidad x altura): 37.5 cm x 57.80 cm x 25.30 cm &#8211; Peso: 5.2 kg.<\/p>\n","protected":false},"excerpt":{"rendered":"<p>&#8211;<\/p>\n","protected":false},"featured_media":1342,"template":"","meta":[],"pwb-brand":[333],"product_brand":[],"product_cat":[205],"product_tag":[],"class_list":{"0":"post-18","1":"product","2":"type-product","3":"status-publish","4":"has-post-thumbnail","6":"pwb-brand-epson","7":"product_cat-205","9":"first","10":"instock","11":"taxable","12":"shipping-taxable","13":"purchasable","14":"product-type-simple"},"brands":[{"id":333,"name":"Epson","slug":"epson"}],"_links":{"self":[{"href":"https:\/\/tmp.compunegocios.com.pe\/index.php\/wp-json\/wp\/v2\/product\/18","targetHints":{"allow":["GET"]}}],"collection":[{"href":"https:\/\/tmp.compunegocios.com.pe\/index.php\/wp-json\/wp\/v2\/product"}],"about":[{"href":"https:\/\/tmp.compunegocios.com.pe\/index.php\/wp-json\/wp\/v2\/types\/product"}],"wp:featuredmedia":[{"embeddable":true,"href":"https:\/\/tmp.compunegocios.com.pe\/index.php\/wp-json\/wp\/v2\/media\/1342"}],"wp:attachment":[{"href":"https:\/\/tmp.compunegocios.com.pe\/index.php\/wp-json\/wp\/v2\/media?parent=18"}],"wp:term":[{"taxonomy":"pwb-brand","embeddable":true,"href":"https:\/\/tmp.compunegocios.com.pe\/index.php\/wp-json\/wp\/v2\/pwb-brand?post=18"},{"taxonomy":"product_brand","embeddable":true,"href":"https:\/\/tmp.compunegocios.com.pe\/index.php\/wp-json\/wp\/v2\/product_brand?post=18"},{"taxonomy":"product_cat","embeddable":true,"href":"https:\/\/tmp.compunegocios.com.pe\/index.php\/wp-json\/wp\/v2\/product_cat?post=18"},{"taxonomy":"product_tag","embeddable":true,"href":"https:\/\/tmp.compunegocios.com.pe\/index.php\/wp-json\/wp\/v2\/product_tag?post=18"}],"curies":[{"name":"wp","href":"https:\/\/api.w.org\/{rel}","templated":true}]}}