{"id":18067,"date":"2024-10-11T01:38:20","date_gmt":"2024-10-11T01:38:20","guid":{"rendered":"http:\/\/compunegocios.com.pe\/index.php\/product\/cable-usb-c-genius-acc-c2cc-3a-usb-c-a-usb-c-100cm-pn-32590006400\/"},"modified":"2025-08-19T16:26:44","modified_gmt":"2025-08-19T16:26:44","slug":"cable-usb-c-genius-acc-c2cc-3a-usb-c-a-usb-c-100cm-pn-32590006400","status":"publish","type":"product","link":"https:\/\/tmp.compunegocios.com.pe\/index.php\/product\/cable-usb-c-genius-acc-c2cc-3a-usb-c-a-usb-c-100cm-pn-32590006400\/","title":{"rendered":"CABLE USB-C GENIUS ACC-C2CC-3A USB-C A USB-C 100CM (PN: 32590006400)"},"content":{"rendered":"<p>CABLE USB-C GENIUS ACC-C2CC-3A USB-C A USB-C 100CM (PN: 32590006400)<\/p>\n<p>MARCA: GENIUS<br \/>\nMODELO: ACC-A2CC-3A<br \/>\nNUMERO DE PARTE: 32590006400<\/p>\n<p>CARACTERISTICAS<br \/>\nEste cable es compatible con una amplia gama de dispositivos, incluidos los \u00faltimos tel\u00e9fonos inteligentes, tabletas, consolas de juegos,<br \/>\nadaptadores de carga, bancos de energ\u00eda, computadoras port\u00e1tiles, dispositivos electr\u00f3nicos digitales y m\u00e1s.<br \/>\nTRANSFERENCIA DE DATOS Y CARGO: Carga r\u00e1pida y transferencia de datos m\u00e1s r\u00e1pida (10 veces m\u00e1s r\u00e1pido que los 480 Mbps del USB 2.0)<br \/>\nDURABILIDAD: Exterior de nailon trenzado, m\u00e1s resistente y duradero.<\/p>\n","protected":false},"excerpt":{"rendered":"<p>&#8211;<\/p>\n","protected":false},"featured_media":18131,"template":"","meta":[],"pwb-brand":[],"product_brand":[],"product_cat":[243],"product_tag":[],"class_list":{"0":"post-18067","1":"product","2":"type-product","3":"status-publish","4":"has-post-thumbnail","6":"product_cat-243","8":"first","9":"instock","10":"taxable","11":"shipping-taxable","12":"purchasable","13":"product-type-simple"},"brands":[],"_links":{"self":[{"href":"https:\/\/tmp.compunegocios.com.pe\/index.php\/wp-json\/wp\/v2\/product\/18067","targetHints":{"allow":["GET"]}}],"collection":[{"href":"https:\/\/tmp.compunegocios.com.pe\/index.php\/wp-json\/wp\/v2\/product"}],"about":[{"href":"https:\/\/tmp.compunegocios.com.pe\/index.php\/wp-json\/wp\/v2\/types\/product"}],"wp:featuredmedia":[{"embeddable":true,"href":"https:\/\/tmp.compunegocios.com.pe\/index.php\/wp-json\/wp\/v2\/media\/18131"}],"wp:attachment":[{"href":"https:\/\/tmp.compunegocios.com.pe\/index.php\/wp-json\/wp\/v2\/media?parent=18067"}],"wp:term":[{"taxonomy":"pwb-brand","embeddable":true,"href":"https:\/\/tmp.compunegocios.com.pe\/index.php\/wp-json\/wp\/v2\/pwb-brand?post=18067"},{"taxonomy":"product_brand","embeddable":true,"href":"https:\/\/tmp.compunegocios.com.pe\/index.php\/wp-json\/wp\/v2\/product_brand?post=18067"},{"taxonomy":"product_cat","embeddable":true,"href":"https:\/\/tmp.compunegocios.com.pe\/index.php\/wp-json\/wp\/v2\/product_cat?post=18067"},{"taxonomy":"product_tag","embeddable":true,"href":"https:\/\/tmp.compunegocios.com.pe\/index.php\/wp-json\/wp\/v2\/product_tag?post=18067"}],"curies":[{"name":"wp","href":"https:\/\/api.w.org\/{rel}","templated":true}]}}