{"id":18068,"date":"2024-10-11T01:40:40","date_gmt":"2024-10-11T01:40:40","guid":{"rendered":"http:\/\/compunegocios.com.pe\/index.php\/product\/cargador-de-pared-genius-pd-20acp-20w-fast-charge-pn-32590009400\/"},"modified":"2025-08-19T16:26:45","modified_gmt":"2025-08-19T16:26:45","slug":"cargador-de-pared-genius-pd-20acp-20w-fast-charge-pn-32590009400","status":"publish","type":"product","link":"https:\/\/tmp.compunegocios.com.pe\/index.php\/product\/cargador-de-pared-genius-pd-20acp-20w-fast-charge-pn-32590009400\/","title":{"rendered":"CARGADOR DE PARED GENIUS PD-20ACP 20W FAST CHARGE(PN: 32590009400)"},"content":{"rendered":"<p>CARGADOR DE PARED GENIUS PD-20ACP 20W FAST CHARGE (PN: 32590009400)<\/p>\n<p>MARCA: GENIUS<br \/>\nMODELO: PD-20ACP<br \/>\nNUMERO DE PARTE: 32590009400<\/p>\n<p>CARACTERISTICAS<br \/>\nAlimente su iPhone 15, Galaxy, iPad y otros dispositivos con nuestro cargador de pared USB-C de 20 W.<br \/>\nCARGADOR USB R\u00c1PIDO: Carga simult\u00e1nea de dos dispositivos con dos puertos USB. Para alcanzar el 50 % de carga en 30 minutos,<br \/>\nse puede hacer en cualquiera de los dos puertos USB.<br \/>\nTRANSFERENCIA DE DATOS Y CARGO: El cable tipo C a tipo C admite la carga r\u00e1pida PD 3.0 de su dispositivo y al mismo tiempo facilita la transferencia de datos a una velocidad<br \/>\nm\u00e1xima de 480 Mbps con nuestro cable compatible con USB 2.0.<br \/>\nTAMA\u00d1O COMPACTO Y PORT\u00c1TIL: El dise\u00f1o incorpora un enchufe para mayor comodidad en los viajes.<br \/>\nSEGURO Y CONFIABLE: La protecci\u00f3n incorporada salvaguarda sus dispositivos, evitando sobrecorriente y sobretensi\u00f3n.<\/p>\n","protected":false},"excerpt":{"rendered":"<p>&#8211;<\/p>\n","protected":false},"featured_media":18130,"template":"","meta":[],"pwb-brand":[],"product_brand":[],"product_cat":[243],"product_tag":[],"class_list":{"0":"post-18068","1":"product","2":"type-product","3":"status-publish","4":"has-post-thumbnail","6":"product_cat-243","8":"first","9":"instock","10":"taxable","11":"shipping-taxable","12":"purchasable","13":"product-type-simple"},"brands":[],"_links":{"self":[{"href":"https:\/\/tmp.compunegocios.com.pe\/index.php\/wp-json\/wp\/v2\/product\/18068","targetHints":{"allow":["GET"]}}],"collection":[{"href":"https:\/\/tmp.compunegocios.com.pe\/index.php\/wp-json\/wp\/v2\/product"}],"about":[{"href":"https:\/\/tmp.compunegocios.com.pe\/index.php\/wp-json\/wp\/v2\/types\/product"}],"wp:featuredmedia":[{"embeddable":true,"href":"https:\/\/tmp.compunegocios.com.pe\/index.php\/wp-json\/wp\/v2\/media\/18130"}],"wp:attachment":[{"href":"https:\/\/tmp.compunegocios.com.pe\/index.php\/wp-json\/wp\/v2\/media?parent=18068"}],"wp:term":[{"taxonomy":"pwb-brand","embeddable":true,"href":"https:\/\/tmp.compunegocios.com.pe\/index.php\/wp-json\/wp\/v2\/pwb-brand?post=18068"},{"taxonomy":"product_brand","embeddable":true,"href":"https:\/\/tmp.compunegocios.com.pe\/index.php\/wp-json\/wp\/v2\/product_brand?post=18068"},{"taxonomy":"product_cat","embeddable":true,"href":"https:\/\/tmp.compunegocios.com.pe\/index.php\/wp-json\/wp\/v2\/product_cat?post=18068"},{"taxonomy":"product_tag","embeddable":true,"href":"https:\/\/tmp.compunegocios.com.pe\/index.php\/wp-json\/wp\/v2\/product_tag?post=18068"}],"curies":[{"name":"wp","href":"https:\/\/api.w.org\/{rel}","templated":true}]}}