{"id":18069,"date":"2024-10-11T01:43:27","date_gmt":"2024-10-11T01:43:27","guid":{"rendered":"http:\/\/compunegocios.com.pe\/index.php\/product\/hub-usb-c-genius-uh-400-4-usb-a-3-0-black-pn-31240002400\/"},"modified":"2025-08-19T16:26:46","modified_gmt":"2025-08-19T16:26:46","slug":"hub-usb-c-genius-uh-400-4-usb-a-3-0-black-pn-31240002400","status":"publish","type":"product","link":"https:\/\/tmp.compunegocios.com.pe\/index.php\/product\/hub-usb-c-genius-uh-400-4-usb-a-3-0-black-pn-31240002400\/","title":{"rendered":"HUB USB-C GENIUS UH-400 4 USB-A 3.0 BLACK (PN: 31240002400)"},"content":{"rendered":"<p>HUB USB-C GENIUS UH-400 4 USB-A 3.0 BLACK (PN: 31240002400) <\/p>\n<p>MARCA: GENIUS<br \/>\nMODELO: UH-400<br \/>\nN\u00daMERO DE PARTE: 31240002400<\/p>\n<p>CARACTER\u00cdSTICAS<br \/>\nHub USB-C Genius de 4 puertos, 4 puertos USB 3.0 tipo A (F), instalaci\u00f3n Plug and Play.<br \/>\nVISI\u00d3N GENERAL\tGenius UH-400 ofrece 4 puertos USB 3.0 para ordenadores mediante conector USB tipo C. Puede utilizar estos puertos adicionales para transmitir datos o<br \/>\nconectar dispositivos USB incluso si su computadora no tiene suficientes puertos USB.<br \/>\nESPECIFICACIONES<br \/>\nFUNCI\u00d3N: Hub USB 3.0 de 4 puertos para transmisi\u00f3n de datos o conexi\u00f3n de dispositivos USB.<br \/>\nCOMPATIBILIDAD: Los 4 puertos admiten USB 3.0.<br \/>\nTR\u00c1NSMISI\u00d3N DE DATOS: Transmisi\u00f3n de datos de hasta 5 Gbps (625 MB\/s), 10 veces m\u00e1s r\u00e1pido que USB 2.0.<br \/>\nINTERFAZ: USB 3.0.<\/p>\n","protected":false},"excerpt":{"rendered":"<p>&#8211;<\/p>\n","protected":false},"featured_media":18129,"template":"","meta":[],"pwb-brand":[],"product_brand":[],"product_cat":[243],"product_tag":[],"class_list":{"0":"post-18069","1":"product","2":"type-product","3":"status-publish","4":"has-post-thumbnail","6":"product_cat-243","8":"first","9":"outofstock","10":"taxable","11":"shipping-taxable","12":"purchasable","13":"product-type-simple"},"brands":[],"_links":{"self":[{"href":"https:\/\/tmp.compunegocios.com.pe\/index.php\/wp-json\/wp\/v2\/product\/18069","targetHints":{"allow":["GET"]}}],"collection":[{"href":"https:\/\/tmp.compunegocios.com.pe\/index.php\/wp-json\/wp\/v2\/product"}],"about":[{"href":"https:\/\/tmp.compunegocios.com.pe\/index.php\/wp-json\/wp\/v2\/types\/product"}],"wp:featuredmedia":[{"embeddable":true,"href":"https:\/\/tmp.compunegocios.com.pe\/index.php\/wp-json\/wp\/v2\/media\/18129"}],"wp:attachment":[{"href":"https:\/\/tmp.compunegocios.com.pe\/index.php\/wp-json\/wp\/v2\/media?parent=18069"}],"wp:term":[{"taxonomy":"pwb-brand","embeddable":true,"href":"https:\/\/tmp.compunegocios.com.pe\/index.php\/wp-json\/wp\/v2\/pwb-brand?post=18069"},{"taxonomy":"product_brand","embeddable":true,"href":"https:\/\/tmp.compunegocios.com.pe\/index.php\/wp-json\/wp\/v2\/product_brand?post=18069"},{"taxonomy":"product_cat","embeddable":true,"href":"https:\/\/tmp.compunegocios.com.pe\/index.php\/wp-json\/wp\/v2\/product_cat?post=18069"},{"taxonomy":"product_tag","embeddable":true,"href":"https:\/\/tmp.compunegocios.com.pe\/index.php\/wp-json\/wp\/v2\/product_tag?post=18069"}],"curies":[{"name":"wp","href":"https:\/\/api.w.org\/{rel}","templated":true}]}}