{"id":1807,"date":"2023-11-16T17:08:51","date_gmt":"2023-11-16T17:08:51","guid":{"rendered":"http:\/\/compunegocios.com.pe\/index.php\/product\/mouse-gamer-logitech-mx518-legendary\/"},"modified":"2025-08-19T17:04:07","modified_gmt":"2025-08-19T17:04:07","slug":"mouse-gamer-logitech-mx518-legendary","status":"publish","type":"product","link":"https:\/\/tmp.compunegocios.com.pe\/index.php\/product\/mouse-gamer-logitech-mx518-legendary\/","title":{"rendered":"MOUSE GAMER LOGITECH MX518 LEGENDARY"},"content":{"rendered":"<p>MOUSE GAMER LOGITECH MX518 LEGENDARY<br \/>\nEspecificaciones t\u00e9cnicas<br \/>\nSeguimiento<br \/>\nSensor: HERO 16K<br \/>\nResoluci\u00f3n: 100 &#8211; 16,000 ppp<br \/>\nSin suavizado \/ aceleraci\u00f3n \/ filtros<br \/>\nAceleraci\u00f3n m\u00e1x .:&gt; 40 G Pruebas realizadas sobre alfombrilla de rat\u00f3n Logitech G240 para juegos<br \/>\nVelocidad m\u00e1x .:&gt; 400 ips Pruebas realizadas sobre alfombrilla de rat\u00f3n Logitech G240 para juegos<br \/>\n8 Botones<br \/>\nRespuesta<br \/>\nFormato de datos USB: 16 bits \/ eje<br \/>\nVelocidad de respuesta USB: 1000 Hz (1 ms)<br \/>\nMicroprocesador: ARM de 32 bits<br \/>\nDurabilidad<br \/>\nBotones principales: 50 millones de clics<br \/>\nPies de PTFE: Grabado de&gt; 250 km. Pruebas realizadas sobre alfombrilla de mouse Logitech G240 para juegos<br \/>\nOtras funciones<br \/>\nMemoria integrada: 5 perfiles<br \/>\nCable flexible y ligero<br \/>\nRequisitos del sistema<br \/>\nWindows 7 o posteriores<br \/>\nmacOS 10.11 o posterior<br \/>\nPuerto USB<br \/>\nDimensiones<br \/>\nAltura: 131 mm<br \/>\nAncho: 73 mm.<br \/>\nProfundidad: 43 mm<br \/>\nPeso: 101 g, solo mouse<br \/>\nLongitud de cable: 2,10 m<\/p>\n","protected":false},"excerpt":{"rendered":"<p>&#8211;<\/p>\n","protected":false},"featured_media":1811,"template":"","meta":[],"pwb-brand":[],"product_brand":[],"product_cat":[194],"product_tag":[],"class_list":{"0":"post-1807","1":"product","2":"type-product","3":"status-publish","4":"has-post-thumbnail","6":"product_cat-194","8":"first","9":"instock","10":"taxable","11":"shipping-taxable","12":"purchasable","13":"product-type-simple"},"brands":[],"_links":{"self":[{"href":"https:\/\/tmp.compunegocios.com.pe\/index.php\/wp-json\/wp\/v2\/product\/1807","targetHints":{"allow":["GET"]}}],"collection":[{"href":"https:\/\/tmp.compunegocios.com.pe\/index.php\/wp-json\/wp\/v2\/product"}],"about":[{"href":"https:\/\/tmp.compunegocios.com.pe\/index.php\/wp-json\/wp\/v2\/types\/product"}],"wp:featuredmedia":[{"embeddable":true,"href":"https:\/\/tmp.compunegocios.com.pe\/index.php\/wp-json\/wp\/v2\/media\/1811"}],"wp:attachment":[{"href":"https:\/\/tmp.compunegocios.com.pe\/index.php\/wp-json\/wp\/v2\/media?parent=1807"}],"wp:term":[{"taxonomy":"pwb-brand","embeddable":true,"href":"https:\/\/tmp.compunegocios.com.pe\/index.php\/wp-json\/wp\/v2\/pwb-brand?post=1807"},{"taxonomy":"product_brand","embeddable":true,"href":"https:\/\/tmp.compunegocios.com.pe\/index.php\/wp-json\/wp\/v2\/product_brand?post=1807"},{"taxonomy":"product_cat","embeddable":true,"href":"https:\/\/tmp.compunegocios.com.pe\/index.php\/wp-json\/wp\/v2\/product_cat?post=1807"},{"taxonomy":"product_tag","embeddable":true,"href":"https:\/\/tmp.compunegocios.com.pe\/index.php\/wp-json\/wp\/v2\/product_tag?post=1807"}],"curies":[{"name":"wp","href":"https:\/\/api.w.org\/{rel}","templated":true}]}}