{"id":18070,"date":"2024-10-11T01:45:51","date_gmt":"2024-10-11T01:45:51","guid":{"rendered":"http:\/\/compunegocios.com.pe\/index.php\/product\/hub-usb-c-genius-uh-500-2-usb-a-3-0-1-usb-c-1-hdmi-4k-power-delivery-100w-silver-pn-31240003400\/"},"modified":"2025-08-19T16:26:47","modified_gmt":"2025-08-19T16:26:47","slug":"hub-usb-c-genius-uh-500-2-usb-a-3-0-1-usb-c-1-hdmi-4k-power-delivery-100w-silver-pn-31240003400","status":"publish","type":"product","link":"https:\/\/tmp.compunegocios.com.pe\/index.php\/product\/hub-usb-c-genius-uh-500-2-usb-a-3-0-1-usb-c-1-hdmi-4k-power-delivery-100w-silver-pn-31240003400\/","title":{"rendered":"HUB USB-C GENIUS UH-500 2 USB-A 3.0 1 USB-C 1 HDMI 4K POWER DELIVERY 100W SILVER (PN: 31240003400)"},"content":{"rendered":"<p>HUB USB-C GENIUS UH-500 2 USB-A 3.0 1 USB-C 1 HDMI 4K POWER DELIVERY 100W SILVER (PN: 31240003400)<\/p>\n<p>MARCA: GENIUS<br \/>\nMODELO: UH-500<br \/>\nN\u00daMERO DE PARTE: 31240003400<\/p>\n<p>CARACTER\u00cdSTICAS<br \/>\nVISI\u00d3N GENERAL: Ofrece 5 puertos de uso frecuente con un puerto de salida de video HDMI 4K &#8211; 60Hz para monitor o TV, un puerto USB-C de 100 W PD<br \/>\npara carga, un puerto de datos USB-C 3.0 y 2 puertos de datos USB. -Un 3.0 para transmitir datos para ordenadores mediante conector USB Tipo C.<br \/>\nFUNCI\u00d3N: Hub multipuerto con entrada de alimentaci\u00f3n PD para carga, salida de v\u00eddeo HDMI y puertos USB para transmisi\u00f3n de datos.<br \/>\nPUERTO: Un puerto USB-C PD para una potencia de entrada de hasta 100 W.<br \/>\n3 puertos de datos USB 3.0 con un USB-C y 2 USB-A.<br \/>\nSalida de v\u00eddeo 4K HDMI 60 Hz.<br \/>\nTodos los puertos de datos USB admiten USB 3.0.<br \/>\nTRANSMISI\u00d3N DE DATOS: Transmite hasta 5 Gbps, 10 veces m\u00e1s r\u00e1pido que USB 2.0.<\/p>\n","protected":false},"excerpt":{"rendered":"<p>&#8211;<\/p>\n","protected":false},"featured_media":18128,"template":"","meta":[],"pwb-brand":[],"product_brand":[],"product_cat":[243],"product_tag":[],"class_list":{"0":"post-18070","1":"product","2":"type-product","3":"status-publish","4":"has-post-thumbnail","6":"product_cat-243","8":"first","9":"outofstock","10":"taxable","11":"shipping-taxable","12":"purchasable","13":"product-type-simple"},"brands":[],"_links":{"self":[{"href":"https:\/\/tmp.compunegocios.com.pe\/index.php\/wp-json\/wp\/v2\/product\/18070","targetHints":{"allow":["GET"]}}],"collection":[{"href":"https:\/\/tmp.compunegocios.com.pe\/index.php\/wp-json\/wp\/v2\/product"}],"about":[{"href":"https:\/\/tmp.compunegocios.com.pe\/index.php\/wp-json\/wp\/v2\/types\/product"}],"wp:featuredmedia":[{"embeddable":true,"href":"https:\/\/tmp.compunegocios.com.pe\/index.php\/wp-json\/wp\/v2\/media\/18128"}],"wp:attachment":[{"href":"https:\/\/tmp.compunegocios.com.pe\/index.php\/wp-json\/wp\/v2\/media?parent=18070"}],"wp:term":[{"taxonomy":"pwb-brand","embeddable":true,"href":"https:\/\/tmp.compunegocios.com.pe\/index.php\/wp-json\/wp\/v2\/pwb-brand?post=18070"},{"taxonomy":"product_brand","embeddable":true,"href":"https:\/\/tmp.compunegocios.com.pe\/index.php\/wp-json\/wp\/v2\/product_brand?post=18070"},{"taxonomy":"product_cat","embeddable":true,"href":"https:\/\/tmp.compunegocios.com.pe\/index.php\/wp-json\/wp\/v2\/product_cat?post=18070"},{"taxonomy":"product_tag","embeddable":true,"href":"https:\/\/tmp.compunegocios.com.pe\/index.php\/wp-json\/wp\/v2\/product_tag?post=18070"}],"curies":[{"name":"wp","href":"https:\/\/api.w.org\/{rel}","templated":true}]}}