{"id":18071,"date":"2024-10-11T01:48:05","date_gmt":"2024-10-11T01:48:05","guid":{"rendered":"http:\/\/compunegocios.com.pe\/index.php\/product\/hub-usb-c-genius-uh-545-gigabit-ethernet-1-usb-c-3-usb-a-pn-31240004400\/"},"modified":"2025-09-18T18:19:01","modified_gmt":"2025-09-18T18:19:01","slug":"hub-usb-c-genius-uh-545-gigabit-ethernet-1-usb-c-3-usb-a-pn-31240004400","status":"publish","type":"product","link":"https:\/\/tmp.compunegocios.com.pe\/index.php\/product\/hub-usb-c-genius-uh-545-gigabit-ethernet-1-usb-c-3-usb-a-pn-31240004400\/","title":{"rendered":"HUB USB-C GENIUS UH-545 GIGABIT ETHERNET 1-USB-C 3-USB-A (PN: 31240004400)"},"content":{"rendered":"<p>HUB USB-C GENIUS UH-545 GIGABIT ETHERNET 1-USB-C 3-USB-A (PN: 31240004400)<\/p>\n<p>MARCA: GENIUS<br \/>\nMODELO: UH-545<br \/>\nNUMERO DE PARTE: 31240004400<br \/>\nCARACTERISTICAS<br \/>\nDise\u00f1ado para una m\u00e1xima versatilidad, cuenta con 5 puertos de uso frecuente con un cable de 15 cm. Entre ellos, una salida Gigabit Ethernet RJ45,<br \/>\nun puerto de alimentaci\u00f3n USB-C y tres puertos de datos USB-A 3.0.<br \/>\nCONECTIVIDAD: Con salida Gigabit Ethernet RJ45, garantiza conexiones de red r\u00e1pidas y confiables.<br \/>\nRENDIMIENTO DE TRANSMISI\u00d3N DE DATOS: Los tres puertos de datos USB-A 3.0 garantizan una transmisi\u00f3n de datos ultrarr\u00e1pida a velocidades de hasta 5 Gbps (625 MB\/s),<br \/>\nlo que los hace 10 veces m\u00e1s r\u00e1pidos que USB 2.0.<br \/>\nLIGERO, PORT\u00c1TIL, PRODUCTIVO: Adecuado para uso en la oficina, el hogar y en dispositivos m\u00f3viles, es liviano y f\u00e1cil de operar.<\/p>\n","protected":false},"excerpt":{"rendered":"<p>&#8211;<\/p>\n","protected":false},"featured_media":18127,"template":"","meta":[],"pwb-brand":[],"product_brand":[],"product_cat":[243],"product_tag":[],"class_list":{"0":"post-18071","1":"product","2":"type-product","3":"status-publish","4":"has-post-thumbnail","6":"product_cat-243","8":"first","9":"instock","10":"taxable","11":"shipping-taxable","12":"purchasable","13":"product-type-simple"},"brands":[],"_links":{"self":[{"href":"https:\/\/tmp.compunegocios.com.pe\/index.php\/wp-json\/wp\/v2\/product\/18071","targetHints":{"allow":["GET"]}}],"collection":[{"href":"https:\/\/tmp.compunegocios.com.pe\/index.php\/wp-json\/wp\/v2\/product"}],"about":[{"href":"https:\/\/tmp.compunegocios.com.pe\/index.php\/wp-json\/wp\/v2\/types\/product"}],"wp:featuredmedia":[{"embeddable":true,"href":"https:\/\/tmp.compunegocios.com.pe\/index.php\/wp-json\/wp\/v2\/media\/18127"}],"wp:attachment":[{"href":"https:\/\/tmp.compunegocios.com.pe\/index.php\/wp-json\/wp\/v2\/media?parent=18071"}],"wp:term":[{"taxonomy":"pwb-brand","embeddable":true,"href":"https:\/\/tmp.compunegocios.com.pe\/index.php\/wp-json\/wp\/v2\/pwb-brand?post=18071"},{"taxonomy":"product_brand","embeddable":true,"href":"https:\/\/tmp.compunegocios.com.pe\/index.php\/wp-json\/wp\/v2\/product_brand?post=18071"},{"taxonomy":"product_cat","embeddable":true,"href":"https:\/\/tmp.compunegocios.com.pe\/index.php\/wp-json\/wp\/v2\/product_cat?post=18071"},{"taxonomy":"product_tag","embeddable":true,"href":"https:\/\/tmp.compunegocios.com.pe\/index.php\/wp-json\/wp\/v2\/product_tag?post=18071"}],"curies":[{"name":"wp","href":"https:\/\/api.w.org\/{rel}","templated":true}]}}