{"id":18391,"date":"2024-11-08T22:04:23","date_gmt":"2024-11-08T22:04:23","guid":{"rendered":"http:\/\/compunegocios.com.pe\/index.php\/product\/disco-duro-western-digital-wd-black-8-tb-sata-3-5-pn-wd8001fzbx\/"},"modified":"2025-08-19T16:35:43","modified_gmt":"2025-08-19T16:35:43","slug":"disco-duro-western-digital-wd-black-8-tb-sata-3-5-pn-wd8001fzbx","status":"publish","type":"product","link":"https:\/\/tmp.compunegocios.com.pe\/index.php\/product\/disco-duro-western-digital-wd-black-8-tb-sata-3-5-pn-wd8001fzbx\/","title":{"rendered":"DISCO DURO WESTERN DIGITAL WD BLACK 8 TB SATA 3.5 (PN: WD8001FZBX)"},"content":{"rendered":"<p>DISCO DURO WESTERN DIGITAL WD BLACK 8 TB SATA 3.5<\/p>\n<p>MARCA: WESTERN DIGITAL<br \/>\nMODELO: WD BLACK GAMING HDD<br \/>\nNUMERO DE PARTE: WD8001FZBX<br \/>\nCAPACIDAD: 8 TB<br \/>\nINTERFAZ: SATA 6.0 Gb\/s<br \/>\nVELOCIDAD DE ROTACION: 7200 RPM<br \/>\nVELOCIDAD DE TRANSFERENCIA: 238 MB\/S<br \/>\nCACHE: 256 MB<br \/>\nFORMATO: 3.5 PULG<br \/>\nCARACTERISTICAS TECNICAS: EL ALMACENAMIENTO DE RENDIMIENTO WD_BLACK EST\u00c1 DISE\u00d1ADO PARA MEJORAR LA EXPERIENCIA DE SU PC EN TAREAS INFORM\u00c1TICAS M\u00c1S PESADAS, YA SEA QUE SEA UN ARTISTA DIGITAL, EDITOR DE VIDEO, FOT\u00d3GRAFO O GAMER.<\/p>\n","protected":false},"excerpt":{"rendered":"<p>&#8211;<\/p>\n","protected":false},"featured_media":18392,"template":"","meta":[],"pwb-brand":[],"product_brand":[],"product_cat":[136],"product_tag":[],"class_list":{"0":"post-18391","1":"product","2":"type-product","3":"status-publish","4":"has-post-thumbnail","6":"product_cat-136","8":"first","9":"outofstock","10":"taxable","11":"shipping-taxable","12":"purchasable","13":"product-type-simple"},"brands":[],"_links":{"self":[{"href":"https:\/\/tmp.compunegocios.com.pe\/index.php\/wp-json\/wp\/v2\/product\/18391","targetHints":{"allow":["GET"]}}],"collection":[{"href":"https:\/\/tmp.compunegocios.com.pe\/index.php\/wp-json\/wp\/v2\/product"}],"about":[{"href":"https:\/\/tmp.compunegocios.com.pe\/index.php\/wp-json\/wp\/v2\/types\/product"}],"wp:featuredmedia":[{"embeddable":true,"href":"https:\/\/tmp.compunegocios.com.pe\/index.php\/wp-json\/wp\/v2\/media\/18392"}],"wp:attachment":[{"href":"https:\/\/tmp.compunegocios.com.pe\/index.php\/wp-json\/wp\/v2\/media?parent=18391"}],"wp:term":[{"taxonomy":"pwb-brand","embeddable":true,"href":"https:\/\/tmp.compunegocios.com.pe\/index.php\/wp-json\/wp\/v2\/pwb-brand?post=18391"},{"taxonomy":"product_brand","embeddable":true,"href":"https:\/\/tmp.compunegocios.com.pe\/index.php\/wp-json\/wp\/v2\/product_brand?post=18391"},{"taxonomy":"product_cat","embeddable":true,"href":"https:\/\/tmp.compunegocios.com.pe\/index.php\/wp-json\/wp\/v2\/product_cat?post=18391"},{"taxonomy":"product_tag","embeddable":true,"href":"https:\/\/tmp.compunegocios.com.pe\/index.php\/wp-json\/wp\/v2\/product_tag?post=18391"}],"curies":[{"name":"wp","href":"https:\/\/api.w.org\/{rel}","templated":true}]}}