{"id":18720,"date":"2024-12-16T00:39:40","date_gmt":"2024-12-16T00:39:40","guid":{"rendered":"https:\/\/compunegocios.com.pe\/index.php\/product\/mouse-inalambrico-bluetooth-genius-nx-9000bt-recargable-2\/"},"modified":"2025-08-19T16:24:15","modified_gmt":"2025-08-19T16:24:15","slug":"mouse-inalambrico-bluetooth-genius-nx-9000bt-recargable-2","status":"publish","type":"product","link":"https:\/\/tmp.compunegocios.com.pe\/index.php\/product\/mouse-inalambrico-bluetooth-genius-nx-9000bt-recargable-2\/","title":{"rendered":"MOUSE INALAMBRICO BLUETOOTH GENIUS NX-9000BT RECARGABLE"},"content":{"rendered":"<p>MOUSE INALAMBRICO BLUETOOTH GENIUS NX-9000BT RECARGABLE<br \/>\nFrecuencia RF: Bluetooth 5.0.<br \/>\nMotor de sensores: Ojo azul.<br \/>\nResoluci\u00f3n (DPI): 1200 (SmartGenius: 800, 1000, 1200, 1600).<br \/>\nN\u00famero de botones: 3.<br \/>\nTipo de bater\u00eda: Bater\u00eda de pol\u00edmero de litio recargable incorporada de 320 mAh.<br \/>\nRango de operaci\u00f3n de Bluetooth: Aprox. 10 m.<br \/>\nPeso (g): Aprox. 49.5 g.<br \/>\nDimensiones (A x A x P) mm (pulgadas): 54.5 x 81.4 x 34.1 mm (2.15 x 3.2 x 1.34 pulgadas).<br \/>\nManual de usuario: S\u00ed.<br \/>\nSoporte SmartGenius: S\u00ed.<br \/>\nRequisitos del sistema: Windows\u00ae 7, 8, 8.1, 10 \/ macOS 10.8 o posterior.<\/p>\n","protected":false},"excerpt":{"rendered":"<p>&#8211;<\/p>\n","protected":false},"featured_media":0,"template":"","meta":[],"pwb-brand":[],"product_brand":[],"product_cat":[15],"product_tag":[],"class_list":{"0":"post-18720","1":"product","2":"type-product","3":"status-publish","5":"product_cat-uncategorized","7":"first","8":"outofstock","9":"taxable","10":"shipping-taxable","11":"purchasable","12":"product-type-simple"},"brands":[],"_links":{"self":[{"href":"https:\/\/tmp.compunegocios.com.pe\/index.php\/wp-json\/wp\/v2\/product\/18720","targetHints":{"allow":["GET"]}}],"collection":[{"href":"https:\/\/tmp.compunegocios.com.pe\/index.php\/wp-json\/wp\/v2\/product"}],"about":[{"href":"https:\/\/tmp.compunegocios.com.pe\/index.php\/wp-json\/wp\/v2\/types\/product"}],"wp:attachment":[{"href":"https:\/\/tmp.compunegocios.com.pe\/index.php\/wp-json\/wp\/v2\/media?parent=18720"}],"wp:term":[{"taxonomy":"pwb-brand","embeddable":true,"href":"https:\/\/tmp.compunegocios.com.pe\/index.php\/wp-json\/wp\/v2\/pwb-brand?post=18720"},{"taxonomy":"product_brand","embeddable":true,"href":"https:\/\/tmp.compunegocios.com.pe\/index.php\/wp-json\/wp\/v2\/product_brand?post=18720"},{"taxonomy":"product_cat","embeddable":true,"href":"https:\/\/tmp.compunegocios.com.pe\/index.php\/wp-json\/wp\/v2\/product_cat?post=18720"},{"taxonomy":"product_tag","embeddable":true,"href":"https:\/\/tmp.compunegocios.com.pe\/index.php\/wp-json\/wp\/v2\/product_tag?post=18720"}],"curies":[{"name":"wp","href":"https:\/\/api.w.org\/{rel}","templated":true}]}}