{"id":18741,"date":"2025-01-06T18:28:57","date_gmt":"2025-01-06T18:28:57","guid":{"rendered":"https:\/\/compunegocios.com.pe\/index.php\/product\/mouse-logitech-m110-silent-optico-usb-black-910-006756\/"},"modified":"2025-10-14T23:40:51","modified_gmt":"2025-10-14T23:40:51","slug":"mouse-logitech-m110-silent-optico-usb-black-910-006756","status":"publish","type":"product","link":"https:\/\/tmp.compunegocios.com.pe\/index.php\/product\/mouse-logitech-m110-silent-optico-usb-black-910-006756\/","title":{"rendered":"MOUSE LOGITECH M110 SILENT OPTICO USB BLACK (910-006756)"},"content":{"rendered":"<p>MOUSE LOGITECH M110 SILENT OPTICO USB BLACK (910-006756)<br \/>\nMARCA\tLOGITECH<br \/>\nMODELO\tM110<br \/>\nN\u00daMERO DE PARTE\t910-006756<br \/>\nCARACTERISTICAS<br \/>\nSilencioso-C\u00f3modo-Duradero-Esencial.<br \/>\nDISFRUTA DEL SILENCIO\tAcaba todo tu trabajo sin perder el ritmo y sin molestar a los que te rodean. Los silenciosos mouse Silent ofrecen la misma sensaci\u00f3n de click pero<br \/>\nAcaba todo tu trabajo sin perder el ritmo y sin molestar a los que te rodean. Los silenciosos mouse Silent ofrecen la misma sensaci\u00f3n de click pero<br \/>\nvez que protegen la salud y la productividad de todos. Haz que \u00e9ste sea tu \u00faltimo molesto clic. Tu familia y tus amigos te lo agradecer\u00e1n.<br \/>\nMENOS DISTRACCIONES\tNuestra innovadora tecnolog\u00eda SilentTouch elimina m\u00e1s del 90% de los ruidos molestos para ti y los que te rodean, manteniendo la misma sensaci\u00f3n<br \/>\nhabitual de click. Adem\u00e1s, tiene pies de material de alto desempe\u00f1o y un bot\u00f3n rueda de goma para un deslizamiento y un desplazamiento silenciosos.<br \/>\nF\u00c1CIL DE CONFIGURAR Y USAR\tEl mouse est\u00e1 listo para usarlo inmediatamente. Sin complicaciones de instalaci\u00f3n. No requiere software. La instalaci\u00f3n es r\u00e1pida y f\u00e1cil: basta con<br \/>\nconectar el cable a un puerto USB para comenzar a usarlo.<br \/>\nTAMA\u00d1O NORMAL, COMODO, AMBIDIESTRO\tYa seas diestro o zurdo, tendr\u00e1s confort durante horas con este dise\u00f1o de tama\u00f1o normal para uso ambidiestro. La superficie curvada se dise\u00f1\u00f3 para<br \/>\nsoportar los dedos a la perfecci\u00f3n para evitar la fatiga.<br \/>\nMEJOR QUE UN TRACKPAD\tSeguimiento \u00f3ptico preciso y uniforme, que lleva el cursor adonde uno quiera. Edita documentos y navega por Internet de forma m\u00e1s eficiente que con un<br \/>\ntrackpad.<br \/>\nESPECIFICACIONES<br \/>\nDIMENSIONES\t112,96 x 61,7 x 38.4 mm<br \/>\nPESO\t85 g<br \/>\nLONGITUD DEL CABLE\t180 cm<br \/>\nREQUISITOS DEL SISTEMA\tRequiere: puerto USB disponible, Windows 7, 8, 10 o posterior, macOS 10.5 o posterior, Linux Kernel 2.6+<br \/>\nSENSOR\tSeguimiento \u00f3ptico, DPI (m\u00edn.\/m\u00e1x.): 1000\u00b1<br \/>\nBOTONES\tN\u00famero de botones: 3 (click izquierdo\/derecho, click de bot\u00f3n central)<br \/>\nDESPLAZAMIENTO\tDesplazamiento l\u00ednea a l\u00ednea, Rueda de desplazamiento \u00d3ptica.<\/p>\n","protected":false},"excerpt":{"rendered":"<p>&#8211;<\/p>\n","protected":false},"featured_media":0,"template":"","meta":[],"pwb-brand":[],"product_brand":[],"product_cat":[192],"product_tag":[],"class_list":{"0":"post-18741","1":"product","2":"type-product","3":"status-publish","5":"product_cat-192","7":"first","8":"instock","9":"taxable","10":"shipping-taxable","11":"purchasable","12":"product-type-simple"},"brands":[],"_links":{"self":[{"href":"https:\/\/tmp.compunegocios.com.pe\/index.php\/wp-json\/wp\/v2\/product\/18741","targetHints":{"allow":["GET"]}}],"collection":[{"href":"https:\/\/tmp.compunegocios.com.pe\/index.php\/wp-json\/wp\/v2\/product"}],"about":[{"href":"https:\/\/tmp.compunegocios.com.pe\/index.php\/wp-json\/wp\/v2\/types\/product"}],"wp:attachment":[{"href":"https:\/\/tmp.compunegocios.com.pe\/index.php\/wp-json\/wp\/v2\/media?parent=18741"}],"wp:term":[{"taxonomy":"pwb-brand","embeddable":true,"href":"https:\/\/tmp.compunegocios.com.pe\/index.php\/wp-json\/wp\/v2\/pwb-brand?post=18741"},{"taxonomy":"product_brand","embeddable":true,"href":"https:\/\/tmp.compunegocios.com.pe\/index.php\/wp-json\/wp\/v2\/product_brand?post=18741"},{"taxonomy":"product_cat","embeddable":true,"href":"https:\/\/tmp.compunegocios.com.pe\/index.php\/wp-json\/wp\/v2\/product_cat?post=18741"},{"taxonomy":"product_tag","embeddable":true,"href":"https:\/\/tmp.compunegocios.com.pe\/index.php\/wp-json\/wp\/v2\/product_tag?post=18741"}],"curies":[{"name":"wp","href":"https:\/\/api.w.org\/{rel}","templated":true}]}}