{"id":18757,"date":"2025-01-07T23:28:11","date_gmt":"2025-01-07T23:28:11","guid":{"rendered":"https:\/\/compunegocios.com.pe\/index.php\/product\/adaptador-usb-tp-link-ac1300-doble-banda-archer-t4u-plus-wireless\/"},"modified":"2025-08-19T16:36:09","modified_gmt":"2025-08-19T16:36:09","slug":"adaptador-usb-tp-link-ac1300-doble-banda-archer-t4u-plus-wireless","status":"publish","type":"product","link":"https:\/\/tmp.compunegocios.com.pe\/index.php\/product\/adaptador-usb-tp-link-ac1300-doble-banda-archer-t4u-plus-wireless\/","title":{"rendered":"ADAPTADOR USB TP-LINK AC1300 DOBLE BANDA ( ARCHER T4U PLUS) WIRELESS"},"content":{"rendered":"<p>ADAPTADOR USB TP-LINK AC1300 DOBLE BANDA ( ARCHER T4U PLUS) WIRELESS<br \/>\nCaracter\u00edsticas de ADAPTADOR USB TP-LINK AC1300 DOBLE BANDA ARCHER T4U PLUS WIRELESS<br \/>\nCARACTER\u00cdSTICAS DE HARDWARE<br \/>\nInterface\tUSB 3.0<br \/>\nLED\tEstado<br \/>\nDimensiones (W X D X H)\t84 \u00d7 156.3 \u00d7 19.2 mm (3.3 \u00d7 6.2 \u00d7 0.76 in)<br \/>\nAntena\t2 antenas externas de alta ganancia de 5 dBi<br \/>\nCARACTER\u00cdSTICAS INAL\u00c1MBRICAS<br \/>\nEst\u00e1ndares Inal\u00e1mbricos\tIEEE 802.11b\/g\/n 2.4 GHz, IEEE 802.11a\/n\/ac 5 GHz<br \/>\nTasa de Se\u00f1al\t5 GHz:<br \/>\n \t11ac: hasta 867 Mbps (din\u00e1mico)<br \/>\n \t11n: hasta 300 Mbps (din\u00e1mico)<br \/>\n \t11a: hasta 54 Mbps (din\u00e1mico)<br \/>\n \t2,4 GHz:<br \/>\n \t11n: hasta 400 Mbps (din\u00e1mico)<br \/>\n \t11g: hasta 54 Mbps (din\u00e1mico)<br \/>\n \t11b: hasta 11 Mbps (din\u00e1mico)<br \/>\nSensibilidad de Recepci\u00f3n\t5 GHz:<br \/>\n \t11ac VHT80: -62dBm<br \/>\n \t11ac VHT40: -65dBm<br \/>\n \t11ac VHT20: -69dBm<br \/>\n \t11n HT40: -71dBm<br \/>\n \t11n HT20: -74dBm<br \/>\n \t11a 54Mbps: -77dBm<br \/>\n \t2.4 GHz:<br \/>\n \t11n HT40: -70dBm<br \/>\n \t11n HT20: -72dBm<br \/>\n \t11g 54Mbps: -75dBm<br \/>\n \t11b 11Mbps: -87dBm<br \/>\nPotencia de Transmision\t5 GHz: 20dBm (FCC) \/ 20dBm (CE) (EIRP)<br \/>\n \t2,4 GHz: 18dBm (FCC) \/ 18dBm (CE) (EIRP)<br \/>\nModos Inal\u00e1mbricos\tModo de infraestructura<br \/>\nSeguridad Inal\u00e1mbrica\tWEP, WPA\/WPA2, WPA-PSK\/WPA2-PSK<br \/>\nOTROS<br \/>\nCertificacion\tFCC, CE, RoHS<br \/>\nContenidos del Paquete\tAdaptador USB inal\u00e1mbrico de alta ganancia con antenas dobles AC1300 Archer T4U Plus<br \/>\n \tGu\u00eda de Instalaci\u00f3n R\u00e1pida<br \/>\n \tCD de recursos<br \/>\n \tCable USB 3.0 de 1 metro<br \/>\nRequisitos del Sistema\tLos sistemas operativos compatibles incluyen Windows 10 \/ 8.1 \/ 8\/7,<br \/>\n \tMac OS<br \/>\nAmbiente\tTemperatura de funcionamiento: 0 \u2103 ~ 40 \u2103 (32 \u2109 ~ 104 \u2109<br \/>\n \tHumedad de funcionamiento: 10% ~ 90% sin condensaci\u00f3n<br \/>\n \tHumedad de almacenamiento: 5% ~ 90% sin condensaci\u00f3n<\/p>\n","protected":false},"excerpt":{"rendered":"<p>&#8211;<\/p>\n","protected":false},"featured_media":0,"template":"","meta":[],"pwb-brand":[],"product_brand":[],"product_cat":[228],"product_tag":[],"class_list":{"0":"post-18757","1":"product","2":"type-product","3":"status-publish","5":"product_cat-228","7":"first","8":"instock","9":"taxable","10":"shipping-taxable","11":"purchasable","12":"product-type-simple"},"brands":[],"_links":{"self":[{"href":"https:\/\/tmp.compunegocios.com.pe\/index.php\/wp-json\/wp\/v2\/product\/18757","targetHints":{"allow":["GET"]}}],"collection":[{"href":"https:\/\/tmp.compunegocios.com.pe\/index.php\/wp-json\/wp\/v2\/product"}],"about":[{"href":"https:\/\/tmp.compunegocios.com.pe\/index.php\/wp-json\/wp\/v2\/types\/product"}],"wp:attachment":[{"href":"https:\/\/tmp.compunegocios.com.pe\/index.php\/wp-json\/wp\/v2\/media?parent=18757"}],"wp:term":[{"taxonomy":"pwb-brand","embeddable":true,"href":"https:\/\/tmp.compunegocios.com.pe\/index.php\/wp-json\/wp\/v2\/pwb-brand?post=18757"},{"taxonomy":"product_brand","embeddable":true,"href":"https:\/\/tmp.compunegocios.com.pe\/index.php\/wp-json\/wp\/v2\/product_brand?post=18757"},{"taxonomy":"product_cat","embeddable":true,"href":"https:\/\/tmp.compunegocios.com.pe\/index.php\/wp-json\/wp\/v2\/product_cat?post=18757"},{"taxonomy":"product_tag","embeddable":true,"href":"https:\/\/tmp.compunegocios.com.pe\/index.php\/wp-json\/wp\/v2\/product_tag?post=18757"}],"curies":[{"name":"wp","href":"https:\/\/api.w.org\/{rel}","templated":true}]}}