{"id":18770,"date":"2025-01-08T15:38:09","date_gmt":"2025-01-08T15:38:09","guid":{"rendered":"https:\/\/compunegocios.com.pe\/index.php\/product\/mouse-logitech-pebble-2-m350s-910-007047-bluetooth-wireless-white\/"},"modified":"2025-09-01T21:43:01","modified_gmt":"2025-09-01T21:43:01","slug":"mouse-logitech-pebble-2-m350s-910-007047-bluetooth-wireless-white","status":"publish","type":"product","link":"https:\/\/tmp.compunegocios.com.pe\/index.php\/product\/mouse-logitech-pebble-2-m350s-910-007047-bluetooth-wireless-white\/","title":{"rendered":"MOUSE LOGITECH PEBBLE 2 M350S ( 910-007047 ) BLUETOOTH\/WIRELESS | WHITE"},"content":{"rendered":"<p>MOUSE LOGITECH PEBBLE 2 M350S ( 910-007047 ) BLUETOOTH\/WIRELESS | WHITE<br \/>\nCaracter\u00edsticas<br \/>\nMarca: Logitech<br \/>\nModelo: M350S<br \/>\nProducto: Mouse<br \/>\nTecnolog\u00eda de sensor: Seguimiento \u00f3ptico de alta precisi\u00f3n<br \/>\nResoluci\u00f3n de sensor: 1000 DPI<br \/>\nN\u00famero de botones: 3<br \/>\nRueda de desplazamiento: S\u00ed &#8211; Mec\u00e1nico<br \/>\nBotones de desplazamiento: Bot\u00f3n central<br \/>\nMouse apto para Unifying: S\u00ed<br \/>\nReceptor apto para Unifying: No<br \/>\nDistancia de funcionamiento inal\u00e1mbrico: 10 metros 1El radio de acci\u00f3n inal\u00e1mbrico depende de las condiciones del entorno y de los dispositivos.<br \/>\nCompatilidad: Windows | macOS | iPadOS | ChromeOS | Linux | Certificaci\u00f3n Works With Chromebook | Funciona con Surface<\/p>\n","protected":false},"excerpt":{"rendered":"<p>&#8211;<\/p>\n","protected":false},"featured_media":0,"template":"","meta":[],"pwb-brand":[],"product_brand":[],"product_cat":[193],"product_tag":[],"class_list":{"0":"post-18770","1":"product","2":"type-product","3":"status-publish","5":"product_cat-193","7":"first","8":"instock","9":"taxable","10":"shipping-taxable","11":"purchasable","12":"product-type-simple"},"brands":[],"_links":{"self":[{"href":"https:\/\/tmp.compunegocios.com.pe\/index.php\/wp-json\/wp\/v2\/product\/18770","targetHints":{"allow":["GET"]}}],"collection":[{"href":"https:\/\/tmp.compunegocios.com.pe\/index.php\/wp-json\/wp\/v2\/product"}],"about":[{"href":"https:\/\/tmp.compunegocios.com.pe\/index.php\/wp-json\/wp\/v2\/types\/product"}],"wp:attachment":[{"href":"https:\/\/tmp.compunegocios.com.pe\/index.php\/wp-json\/wp\/v2\/media?parent=18770"}],"wp:term":[{"taxonomy":"pwb-brand","embeddable":true,"href":"https:\/\/tmp.compunegocios.com.pe\/index.php\/wp-json\/wp\/v2\/pwb-brand?post=18770"},{"taxonomy":"product_brand","embeddable":true,"href":"https:\/\/tmp.compunegocios.com.pe\/index.php\/wp-json\/wp\/v2\/product_brand?post=18770"},{"taxonomy":"product_cat","embeddable":true,"href":"https:\/\/tmp.compunegocios.com.pe\/index.php\/wp-json\/wp\/v2\/product_cat?post=18770"},{"taxonomy":"product_tag","embeddable":true,"href":"https:\/\/tmp.compunegocios.com.pe\/index.php\/wp-json\/wp\/v2\/product_tag?post=18770"}],"curies":[{"name":"wp","href":"https:\/\/api.w.org\/{rel}","templated":true}]}}