{"id":1880,"date":"2023-11-16T23:25:57","date_gmt":"2023-11-16T23:25:57","guid":{"rendered":"http:\/\/compunegocios.com.pe\/index.php\/product\/mouse-gamer-imexx-python-typhoon\/"},"modified":"2025-08-19T17:04:20","modified_gmt":"2025-08-19T17:04:20","slug":"mouse-gamer-imexx-python-typhoon","status":"publish","type":"product","link":"https:\/\/tmp.compunegocios.com.pe\/index.php\/product\/mouse-gamer-imexx-python-typhoon\/","title":{"rendered":"MOUSE GAMER IMEXX PYTHON TYPHOON"},"content":{"rendered":"<p>MOUSE GAMER IMEXX PYTHON TYPHOON<br \/>\nTecnolog\u00eda de motor l\u00e1ser s\u00faper precisa<br \/>\n7 colores LED<br \/>\nCable de nailon trenzado dise\u00f1ado para soportar condiciones de juego profesionales<br \/>\nFunci\u00f3n de avance \/ retroceso<br \/>\n4 niveles de velocidad: 1200, 1600, 2400, 3200 DPI<br \/>\nDise\u00f1o ergon\u00f3mico, sensaci\u00f3n suave y suave, tacto ligero y confortable.<br \/>\nSistemas compatibles: windows, macOS y linux<br \/>\nTama\u00f1o: 130 * 70 * 40 mm<br \/>\nTipo de interfaz: USB<br \/>\nN\u00famero de llaves: 7<br \/>\nVelocidad de procesamiento de im\u00e1genes: 3000 FPS<br \/>\nResoluci\u00f3n: 800, 1200, 1600, 2400, 3200 DPI<br \/>\nVida clave: 3,000,000<br \/>\nLongitud del cable: 1,5 m<br \/>\nVoltage de funcionamiento: 5 V<\/p>\n","protected":false},"excerpt":{"rendered":"<p>&#8211;<\/p>\n","protected":false},"featured_media":1906,"template":"","meta":[],"pwb-brand":[],"product_brand":[],"product_cat":[194],"product_tag":[],"class_list":{"0":"post-1880","1":"product","2":"type-product","3":"status-publish","4":"has-post-thumbnail","6":"product_cat-194","8":"first","9":"instock","10":"taxable","11":"shipping-taxable","12":"purchasable","13":"product-type-simple"},"brands":[],"_links":{"self":[{"href":"https:\/\/tmp.compunegocios.com.pe\/index.php\/wp-json\/wp\/v2\/product\/1880","targetHints":{"allow":["GET"]}}],"collection":[{"href":"https:\/\/tmp.compunegocios.com.pe\/index.php\/wp-json\/wp\/v2\/product"}],"about":[{"href":"https:\/\/tmp.compunegocios.com.pe\/index.php\/wp-json\/wp\/v2\/types\/product"}],"wp:featuredmedia":[{"embeddable":true,"href":"https:\/\/tmp.compunegocios.com.pe\/index.php\/wp-json\/wp\/v2\/media\/1906"}],"wp:attachment":[{"href":"https:\/\/tmp.compunegocios.com.pe\/index.php\/wp-json\/wp\/v2\/media?parent=1880"}],"wp:term":[{"taxonomy":"pwb-brand","embeddable":true,"href":"https:\/\/tmp.compunegocios.com.pe\/index.php\/wp-json\/wp\/v2\/pwb-brand?post=1880"},{"taxonomy":"product_brand","embeddable":true,"href":"https:\/\/tmp.compunegocios.com.pe\/index.php\/wp-json\/wp\/v2\/product_brand?post=1880"},{"taxonomy":"product_cat","embeddable":true,"href":"https:\/\/tmp.compunegocios.com.pe\/index.php\/wp-json\/wp\/v2\/product_cat?post=1880"},{"taxonomy":"product_tag","embeddable":true,"href":"https:\/\/tmp.compunegocios.com.pe\/index.php\/wp-json\/wp\/v2\/product_tag?post=1880"}],"curies":[{"name":"wp","href":"https:\/\/api.w.org\/{rel}","templated":true}]}}