{"id":18803,"date":"2025-01-09T16:01:23","date_gmt":"2025-01-09T16:01:23","guid":{"rendered":"https:\/\/compunegocios.com.pe\/index.php\/product\/jack-cat6-azul-satra\/"},"modified":"2025-08-23T01:48:37","modified_gmt":"2025-08-23T01:48:37","slug":"jack-cat6-azul-satra","status":"publish","type":"product","link":"https:\/\/tmp.compunegocios.com.pe\/index.php\/product\/jack-cat6-azul-satra\/","title":{"rendered":"JACK CAT6 AZUL SATRA"},"content":{"rendered":"<p>JACK CAT6 AZUL SATRA<br \/>\nLos jacks SATRA est\u00e1n en total cumplimiento e incluso superan los requerimientos publicados en los est\u00e1ndares de la ANSI\/TIA 568-C en la categor\u00eda 5e, 6 y 6A, logrando \u00f3ptimos desempe\u00f1os para transmisiones a m\u00e1s de 1Gbps satisfaciendo los altos requerimientos de ancho de banda. Disponibles en 5 colores diferentes.<\/p>\n<p>Interfaz usada para empalmar el cable horizontal y los patch cords.<br \/>\nJack modulares sin apantallamiento para 4 pares trenzados.<br \/>\nPara la terminaci\u00f3n \u00f3ptima de los jacks se recomienda utilizar nuestro terminador SATRA.<br \/>\nC\u00f3digo de colores seg\u00fan la normativa para ambas terminaciones T568A\/T568B.<br \/>\nLa conexi\u00f3n de los conectores es por desplazamiento de aislante, IDC estilo 110, puede realizarse en cables de 22 a 24AWG conductor solido o 24AWG conductor multifilar.<br \/>\nDise\u00f1ados para cumplir y exceder los requerimientos del est\u00e1ndar ANSI\/TIA-568-C.2 en categor\u00eda 5e, 6.<br \/>\nIdeal para aplicaciones de datos, voz o video con la m\u00ednima atenuaci\u00f3n.<br \/>\nCertificados por ETL<br \/>\nEspecificaciones<\/p>\n<p> Calibre Cable: 22 a 24 AWG<br \/>\n Colores: Amarillo, Azul, Blanco, Marfil, Rojo y Negro.<br \/>\n Terminacion: IDC 110.<br \/>\n Aplicaci\u00f3n: 10Base T \u2013 100 BaseT \u2013 1000BaseT<br \/>\n Material Conductor: 8 pines ba\u00f1ados en oro de 50um.<br \/>\n Inserciones\/Extracciones: 750 ciclos.<\/p>\n","protected":false},"excerpt":{"rendered":"<p>&#8211;<\/p>\n","protected":false},"featured_media":0,"template":"","meta":[],"pwb-brand":[],"product_brand":[],"product_cat":[224],"product_tag":[],"class_list":{"0":"post-18803","1":"product","2":"type-product","3":"status-publish","5":"product_cat-224","7":"first","8":"instock","9":"taxable","10":"shipping-taxable","11":"purchasable","12":"product-type-simple"},"brands":[],"_links":{"self":[{"href":"https:\/\/tmp.compunegocios.com.pe\/index.php\/wp-json\/wp\/v2\/product\/18803","targetHints":{"allow":["GET"]}}],"collection":[{"href":"https:\/\/tmp.compunegocios.com.pe\/index.php\/wp-json\/wp\/v2\/product"}],"about":[{"href":"https:\/\/tmp.compunegocios.com.pe\/index.php\/wp-json\/wp\/v2\/types\/product"}],"wp:attachment":[{"href":"https:\/\/tmp.compunegocios.com.pe\/index.php\/wp-json\/wp\/v2\/media?parent=18803"}],"wp:term":[{"taxonomy":"pwb-brand","embeddable":true,"href":"https:\/\/tmp.compunegocios.com.pe\/index.php\/wp-json\/wp\/v2\/pwb-brand?post=18803"},{"taxonomy":"product_brand","embeddable":true,"href":"https:\/\/tmp.compunegocios.com.pe\/index.php\/wp-json\/wp\/v2\/product_brand?post=18803"},{"taxonomy":"product_cat","embeddable":true,"href":"https:\/\/tmp.compunegocios.com.pe\/index.php\/wp-json\/wp\/v2\/product_cat?post=18803"},{"taxonomy":"product_tag","embeddable":true,"href":"https:\/\/tmp.compunegocios.com.pe\/index.php\/wp-json\/wp\/v2\/product_tag?post=18803"}],"curies":[{"name":"wp","href":"https:\/\/api.w.org\/{rel}","templated":true}]}}