{"id":18824,"date":"2025-01-21T21:18:59","date_gmt":"2025-01-21T21:18:59","guid":{"rendered":"https:\/\/compunegocios.com.pe\/index.php\/product\/nb-laptop-hp-pavilion-x360-14-ek0004la-ram-8gb-ssd-512gb-touch\/"},"modified":"2025-08-19T16:37:00","modified_gmt":"2025-08-19T16:37:00","slug":"nb-laptop-hp-pavilion-x360-14-ek0004la-ram-8gb-ssd-512gb-touch","status":"publish","type":"product","link":"https:\/\/tmp.compunegocios.com.pe\/index.php\/product\/nb-laptop-hp-pavilion-x360-14-ek0004la-ram-8gb-ssd-512gb-touch\/","title":{"rendered":"NB LAPTOP HP PAVILION X360 14-EK0004LA  RAM 8GB\/SSD 512GB TOUCH"},"content":{"rendered":"<p>Laptop HP Pavilion x360 de 14&#8243;, Pantalla touch, modelo 14-ek0004la, Intel Core i5-1235U (12va Gen), 10 n\u00facleos, 8GB RAM, disco s\u00f3lido de 512GB<br \/>\nMarca\tHP<br \/>\nModelo\t14-ek0004la<br \/>\nCon IA\tNo<br \/>\nProcesador\tIntel Core i5-1235U de hasta 10 n\u00facleos (hasta 4,4 GHz con tecnolog\u00eda Intel Turbo Boost, 12 MB de cach\u00e9 L3 y 12 subprocesos)<br \/>\nModelo Procesador\tIntel Core i5<br \/>\nN\u00facleos del procesador\t10 n\u00facleos<br \/>\nSistema Operativo\tWindows 11 Home<br \/>\nMemoria RAM\t8 GB<br \/>\nTipo de memoria RAM\tDDR4<br \/>\nVelocidad de memoria RAM\t3200 MHz<br \/>\nBah\u00eda de almacenamiento expandible\tNo<br \/>\nTipo de gr\u00e1ficos\tIntegrada<br \/>\nModelo de tarjeta gr\u00e1fica\tIntel Iris Xe Graphics<br \/>\nModelo de tarjeta gr\u00e1fica\tGr\u00e1ficos Intel Iris X<br \/>\nTipo de Pantalla\tIPS<br \/>\nTama\u00f1o de pantalla\t14&#8243;<br \/>\nDefinici\u00f3n de Pantalla\tFHD<br \/>\nResoluci\u00f3n de Pantalla\t1920&#215;1080 px<br \/>\nTipo de ranuras para memoria\tMicro SD<br \/>\nPuerto HDMI\t1<br \/>\nEntradas USB tipo C\t1<br \/>\nWifi integrado\tS\u00ed<br \/>\nBluetooth\t5.3<br \/>\nPantalla touch\tS\u00ed<br \/>\nWebcam\tHD HP Wide Vision de 720p<br \/>\nBloqueo de seguridad\tS\u00ed<br \/>\nMicr\u00f3fono integrado\tS\u00ed<br \/>\nCantidad de parlantes\t2<br \/>\nLector de huella digital\tNo<br \/>\nTeclado num\u00e9rico\tNo<br \/>\nTipo de teclado\tEspa\u00f1ol<br \/>\nTeclado retroiluminado\tNo<br \/>\nTipo de Bater\u00eda\tBater\u00eda de pol\u00edmero de iones de litio de 3 celdas y 43 Wh<br \/>\nDuraci\u00f3n de la bater\u00eda\tHasta 8 horas, seg\u00fan condiciones de uso.<br \/>\nTipo adaptador alimentaci\u00f3n\tAdaptador de alimentaci\u00f3n de CA<br \/>\nConsumo\t65 W<br \/>\nAlto\t1.99 cm<br \/>\nAncho\t21 cm<br \/>\nProfundidad\t32.2 cm<br \/>\nPeso\t1.51 kg<br \/>\nPeso con empaque\t2.16 kg<br \/>\nIncluye l\u00e1piz t\u00e1ctil\tS\u00ed<\/p>\n","protected":false},"excerpt":{"rendered":"<p>&#8211;<\/p>\n","protected":false},"featured_media":0,"template":"","meta":[],"pwb-brand":[],"product_brand":[],"product_cat":[21],"product_tag":[],"class_list":{"0":"post-18824","1":"product","2":"type-product","3":"status-publish","5":"product_cat-21","7":"first","8":"outofstock","9":"taxable","10":"shipping-taxable","11":"purchasable","12":"product-type-simple"},"brands":[],"_links":{"self":[{"href":"https:\/\/tmp.compunegocios.com.pe\/index.php\/wp-json\/wp\/v2\/product\/18824","targetHints":{"allow":["GET"]}}],"collection":[{"href":"https:\/\/tmp.compunegocios.com.pe\/index.php\/wp-json\/wp\/v2\/product"}],"about":[{"href":"https:\/\/tmp.compunegocios.com.pe\/index.php\/wp-json\/wp\/v2\/types\/product"}],"wp:attachment":[{"href":"https:\/\/tmp.compunegocios.com.pe\/index.php\/wp-json\/wp\/v2\/media?parent=18824"}],"wp:term":[{"taxonomy":"pwb-brand","embeddable":true,"href":"https:\/\/tmp.compunegocios.com.pe\/index.php\/wp-json\/wp\/v2\/pwb-brand?post=18824"},{"taxonomy":"product_brand","embeddable":true,"href":"https:\/\/tmp.compunegocios.com.pe\/index.php\/wp-json\/wp\/v2\/product_brand?post=18824"},{"taxonomy":"product_cat","embeddable":true,"href":"https:\/\/tmp.compunegocios.com.pe\/index.php\/wp-json\/wp\/v2\/product_cat?post=18824"},{"taxonomy":"product_tag","embeddable":true,"href":"https:\/\/tmp.compunegocios.com.pe\/index.php\/wp-json\/wp\/v2\/product_tag?post=18824"}],"curies":[{"name":"wp","href":"https:\/\/api.w.org\/{rel}","templated":true}]}}