{"id":18830,"date":"2025-01-21T23:54:56","date_gmt":"2025-01-21T23:54:56","guid":{"rendered":"https:\/\/compunegocios.com.pe\/index.php\/product\/impresora-canon-pixma-g3110-multifuncional-con-wifi\/"},"modified":"2025-08-19T16:37:05","modified_gmt":"2025-08-19T16:37:05","slug":"impresora-canon-pixma-g3110-multifuncional-con-wifi","status":"publish","type":"product","link":"https:\/\/tmp.compunegocios.com.pe\/index.php\/product\/impresora-canon-pixma-g3110-multifuncional-con-wifi\/","title":{"rendered":"IMPRESORA CANON PIXMA G3110 MULTIFUNCIONAL CON WIFI"},"content":{"rendered":"<p>IMPRESORA CANON PIXMA G3110 MULTIFUNCIONAL CON WIFI<br \/>\nVelocidad de impresi\u00f3n (hasta)\tFotograf\u00eda sin bordes 10 x 15 cm: aprox. 60 segundos3, 6<br \/>\nNegro: ESAT: aprox. 8.8 ipm 3, 6<br \/>\nColor: ESAT: aprox. 5.0 ipm3, 6<br \/>\nCantidad de boquillas\tColor: 1,152\/ Pigmento Negro: 320\/total: 1,472<br \/>\nTama\u00f1o en picolitros (en color)\t2, 5 y 25<br \/>\nResoluci\u00f3n de impresi\u00f3n (hasta)\tColor: hasta 4800 x 1200 dpi5<br \/>\nNegro: hasta 600 x 600 dpi5<br \/>\nCompatibilidad de tinta\tTipo de Tinta<br \/>\nGI- 190 Negra: Tinta pigmento negra<br \/>\nGI- 190 Cian\/Magenta\/Amarillo: Tinta de colores a base de tintes<\/p>\n<p>GI-190 Botella de Tinta Negra (135 ml)<br \/>\nGI-190 Botella de Tinta Cian (70 ml)<br \/>\nGI-190 Botella de Tinta Magenta (70 ml)<br \/>\nGI-190 Botella de Tinta Amarilla (70 ml)<br \/>\nTama\u00f1os de papel\tA4, A5, B5, Carta, Oficio, Sobres U.S. N\u00fam. 10, 4\u201d x 6\u201d (10 x 15 cm), 5\u201d x 7\u201d, (13 x 18 cm), tama\u00f1o personalizado (anchura de 101.6 mm a 215.9 mm: longitud de 152.4 mm a 676 mm)<br \/>\nCompatibilidad de papel\tCom\u00fan: Papel Com\u00fan, Papel de Alta Resoluci\u00f3n;<br \/>\nBrilloso: Papel Fotogr\u00e1fico Brilloso Plus II, Papel Fotogr\u00e1fico Brilloso;<br \/>\nMate: Papel Fotogr\u00e1fico Mate;<br \/>\nSobres: Sobres U.S. N\u00fam. 10<br \/>\nCaracter\u00edsticas de la impresora\tCorrecci\u00f3n Autom\u00e1tica de Im\u00e1genes II, Impresi\u00f3n sin Bordes2, Impresi\u00f3n de Documentos, Impresi\u00f3n Fotogr\u00e1fica, Easy-PhotoPrint+12, Impresi\u00f3n Completa de Escenas de Videos en HD13, Google Cloud Print10, My Image Garden11, Canon PRINT app1, PIXMA Cloud Link9, Modo Silencioso, Efectos de Filtros Divertidos, Impresi\u00f3n Inal\u00e1mbrica7, Message in Print14, Copia desde Dispositivo Inteligente, Poster Artist Lite (compatible)<br \/>\nCapacidad de la bandeja de salida\t100 hojas de papel com\u00fan o 20 hojas de Papel Fotogr\u00e1fico 4\u201dx 6\u201d \/ 10 hojas de Papel Fotogr\u00e1fico 5\u201d x 7\u201d<br \/>\nCopiadora<br \/>\nVelocidad de copiado (hasta)\tsESAT(en color): aprox. 3.5 ipm4<\/p>\n<p>sFCOT(en color): aprox. 24 segundos4<br \/>\nCaracter\u00edsticas de copiado\tCopiado Est\u00e1ndar<br \/>\nEsc\u00e1ner<br \/>\nTipo de esc\u00e1ner\tEsc\u00e1ner plano<br \/>\nElemento de escaneo\tSensor de imagen por contacto (CIS, por su sigla en ingl\u00e9s)<br \/>\nResoluci\u00f3n m\u00e1xima\t\u00d3ptical: 600 x 1200 dpi7<br \/>\nInterpolada: 19,200 x 19,200 dpi7<br \/>\nCaracter\u00edsticas del esc\u00e1ner\tModo de Escaneo Autom\u00e1tico15, Escaneo en Red, Escaneo Inal\u00e1mbrico, Recordatorio para Remover Documentos, Empuje de Escaneo, Guardar a PC<br \/>\nProfundidad de color\t48 bits (entrada)\/24 bits (salida)<br \/>\nTama\u00f1o m\u00e1ximo del documento\tCarta \/ A4 (21.6 cm x 29.7 cm)<br \/>\nGeneral<br \/>\nOtras caracter\u00edsticas\tSistema de Tinta Integrado &#8211; 4 colores, Sistema de Tinta H\u00edbrido, Matr\u00edz Full Dot LCD, Encendido R\u00e1pido, Alto rendimiento de 6,000 p\u00e1ginas en negro, 7,000 en color y 2000 fotos en color18, Texto N\u00edtido, Wi-Fi, Clasificaci\u00f3n EPEAT Plata, Encendido y Apagado Autom\u00e1tico, Modo Silencioso, Aplicaci\u00f3n Canon PRINT1, PIXMA Cloud Link9<br \/>\nCompatibilidad con sistemas operativos\tSistemas Operativos de Computadoras:<br \/>\nWindows:16<br \/>\nWindows\u00ae 10, Windows 8.1, Windows 7 SP1<\/p>\n<p>Sistemas Operativos de Dispositivos M\u00f3viles:<br \/>\niOS\u00ae, Android,Windows 10 Mobile\u00ae19 y dispositivos Amazon Fire<br \/>\nInterfaz est\u00e1ndar\tUSB de Alta Velocidad<br \/>\nLAN Inal\u00e1mbrica (IEEE 802.11b\/g\/n)8<br \/>\nSoftware in<\/p>\n","protected":false},"excerpt":{"rendered":"<p>&#8211;<\/p>\n","protected":false},"featured_media":0,"template":"","meta":[],"pwb-brand":[],"product_brand":[],"product_cat":[205],"product_tag":[],"class_list":{"0":"post-18830","1":"product","2":"type-product","3":"status-publish","5":"product_cat-205","7":"first","8":"outofstock","9":"taxable","10":"shipping-taxable","11":"purchasable","12":"product-type-simple"},"brands":[],"_links":{"self":[{"href":"https:\/\/tmp.compunegocios.com.pe\/index.php\/wp-json\/wp\/v2\/product\/18830","targetHints":{"allow":["GET"]}}],"collection":[{"href":"https:\/\/tmp.compunegocios.com.pe\/index.php\/wp-json\/wp\/v2\/product"}],"about":[{"href":"https:\/\/tmp.compunegocios.com.pe\/index.php\/wp-json\/wp\/v2\/types\/product"}],"wp:attachment":[{"href":"https:\/\/tmp.compunegocios.com.pe\/index.php\/wp-json\/wp\/v2\/media?parent=18830"}],"wp:term":[{"taxonomy":"pwb-brand","embeddable":true,"href":"https:\/\/tmp.compunegocios.com.pe\/index.php\/wp-json\/wp\/v2\/pwb-brand?post=18830"},{"taxonomy":"product_brand","embeddable":true,"href":"https:\/\/tmp.compunegocios.com.pe\/index.php\/wp-json\/wp\/v2\/product_brand?post=18830"},{"taxonomy":"product_cat","embeddable":true,"href":"https:\/\/tmp.compunegocios.com.pe\/index.php\/wp-json\/wp\/v2\/product_cat?post=18830"},{"taxonomy":"product_tag","embeddable":true,"href":"https:\/\/tmp.compunegocios.com.pe\/index.php\/wp-json\/wp\/v2\/product_tag?post=18830"}],"curies":[{"name":"wp","href":"https:\/\/api.w.org\/{rel}","templated":true}]}}