{"id":18854,"date":"2025-02-07T18:14:10","date_gmt":"2025-02-07T18:14:10","guid":{"rendered":"https:\/\/compunegocios.com.pe\/index.php\/product\/teclado-logitech-mouse-mk270-wireless-usb-black-pn-920-004432\/"},"modified":"2025-09-10T23:54:54","modified_gmt":"2025-09-10T23:54:54","slug":"teclado-logitech-mouse-mk270-wireless-usb-black-pn-920-004432","status":"publish","type":"product","link":"https:\/\/tmp.compunegocios.com.pe\/index.php\/product\/teclado-logitech-mouse-mk270-wireless-usb-black-pn-920-004432\/","title":{"rendered":"TECLADO LOGITECH + MOUSE MK270 WIRELESS USB BLACK (PN 920-004432)"},"content":{"rendered":"<p>TECLADO LOGITECH + MOUSE MK270 WIRELESS USB BLACK (PN 920-004432)<br \/>\nMARCA\tLOGITECH<br \/>\nMODELO\tMK270<br \/>\nN\u00daMERO DE PARTE\t920-004432<br \/>\nCARACTER\u00cdSTICAS<br \/>\nLl\u00e9vate el mouse a donde sea. Este c\u00f3modo mouse cabe f\u00e1cilmente en las fundas y bolsas de computadora para viajar all\u00e1 a donde vayas.<br \/>\nAcceso instant\u00e1neo a los controles de reproducci\u00f3n: pel\u00edculas, m\u00fasica, Internet, correo electr\u00f3nico, funciones de reproducci\u00f3n\/pausa, volumen y<br \/>\nmucho m\u00e1s. Todo con un solo toque.<br \/>\nTECLADO DE TAMA\u00d1O NORMAL\tConfort, tama\u00f1o normal y eficiencia. Con f\u00e1cil acceso a controles multimedia, este teclado te permite hacer m\u00e1s en menos tiempo, mediante ocho<br \/>\ncontroles con los que usar al instante m\u00fasica, medios, ajustes de volumen, etc.<br \/>\nCONFORTABLE MOUSE COMPACTO\tMant\u00e9n tu productividad durante m\u00e1s tiempo con la confortable forma contorneada que se adapta a la curva natural de la mano. Este compacto mouse<br \/>\ninal\u00e1mbrico est\u00e1 dise\u00f1ado para proporcionar el mismo confort a usuarios diestros y zurdos. El fluido control del cursor facilita la navegaci\u00f3n en la<br \/>\nmayor\u00eda de las superficies.<br \/>\nESPECIFICACIONES<br \/>\nTECLADO\tDimensiones: 149 x 441 x 18 mm, peso: 498 g<br \/>\nDISE\u00d1ADO PARA\tCasa \/ Oficina.<br \/>\nCOLOR\tNegro<br \/>\nIDIOMA\tEspa\u00f1ol<br \/>\nMULTIMEDIA\tSi<br \/>\nBATER\u00cdAS\t2 x AAA (no recargables)<br \/>\nDURACI\u00d3N DE LAS BATER\u00cdAS\t36 meses<br \/>\nINTERFACE\tUSB (Receptor)<br \/>\nMOUSE\tDimensiones: 99 x 60 x 39 mm, peso: 75.2 g<br \/>\nDISE\u00d1ADO PARA\tCasa \/ Oficina<br \/>\nCOLOR\tNegro<br \/>\nSENSOR TECNOLOG\u00cdA\t\u00d3ptico<br \/>\nDPI\t1000 dpi<br \/>\nBOTONES\t3 botones<br \/>\nBATER\u00cdA\t1 x AA (no recargables)<br \/>\nDURACI\u00d3N DE LA BATER\u00cdA\t12 meses<br \/>\nINTERFACE\tUSB (Receptor)<br \/>\nCOMPATIBILIDAD\tWindows Vista, 7, 8, 10.<br \/>\nChrome OS.<br \/>\n1 puertos USB.<\/p>\n","protected":false},"excerpt":{"rendered":"<p>&#8211;<\/p>\n","protected":false},"featured_media":0,"template":"","meta":[],"pwb-brand":[],"product_brand":[],"product_cat":[332],"product_tag":[],"class_list":{"0":"post-18854","1":"product","2":"type-product","3":"status-publish","5":"product_cat-332","7":"first","8":"instock","9":"taxable","10":"shipping-taxable","11":"purchasable","12":"product-type-simple"},"brands":[],"_links":{"self":[{"href":"https:\/\/tmp.compunegocios.com.pe\/index.php\/wp-json\/wp\/v2\/product\/18854","targetHints":{"allow":["GET"]}}],"collection":[{"href":"https:\/\/tmp.compunegocios.com.pe\/index.php\/wp-json\/wp\/v2\/product"}],"about":[{"href":"https:\/\/tmp.compunegocios.com.pe\/index.php\/wp-json\/wp\/v2\/types\/product"}],"wp:attachment":[{"href":"https:\/\/tmp.compunegocios.com.pe\/index.php\/wp-json\/wp\/v2\/media?parent=18854"}],"wp:term":[{"taxonomy":"pwb-brand","embeddable":true,"href":"https:\/\/tmp.compunegocios.com.pe\/index.php\/wp-json\/wp\/v2\/pwb-brand?post=18854"},{"taxonomy":"product_brand","embeddable":true,"href":"https:\/\/tmp.compunegocios.com.pe\/index.php\/wp-json\/wp\/v2\/product_brand?post=18854"},{"taxonomy":"product_cat","embeddable":true,"href":"https:\/\/tmp.compunegocios.com.pe\/index.php\/wp-json\/wp\/v2\/product_cat?post=18854"},{"taxonomy":"product_tag","embeddable":true,"href":"https:\/\/tmp.compunegocios.com.pe\/index.php\/wp-json\/wp\/v2\/product_tag?post=18854"}],"curies":[{"name":"wp","href":"https:\/\/api.w.org\/{rel}","templated":true}]}}