{"id":18858,"date":"2025-02-07T18:14:47","date_gmt":"2025-02-07T18:14:47","guid":{"rendered":"https:\/\/compunegocios.com.pe\/index.php\/product\/mouse-genius-nx-7000-wireless-blueeye-blue-31030027402\/"},"modified":"2025-09-01T16:25:38","modified_gmt":"2025-09-01T16:25:38","slug":"mouse-genius-nx-7000-wireless-blueeye-blue-31030027402","status":"publish","type":"product","link":"https:\/\/tmp.compunegocios.com.pe\/index.php\/product\/mouse-genius-nx-7000-wireless-blueeye-blue-31030027402\/","title":{"rendered":"MOUSE GENIUS NX-7000 WIRELESS BLUEEYE BLUE (31030027402)"},"content":{"rendered":"<p>MOUSE GENIUS NX-7000 WIRELESS BLUEEYE BLUE (31030027402)<br \/>\nMARCA\tGENIUS<br \/>\nMODELO\tNX-7000<br \/>\nN\u00daMERO DE PARTE\t31030016402<br \/>\nCARACTER\u00cdSTICAS<br \/>\nEl dise\u00f1o de suaves curvas es c\u00f3modo para cualquier mano y permite utilizarlo durante todo el d\u00eda.<br \/>\nSOBRE CASI CUALQUIER SUPERFICIE\tEl NX-7000 utiliza tecnolog\u00eda BlueEye 1000 dpi para una elevada precisi\u00f3n de rastreo y puede usarse sobre casi cualquier superficie, como vidrio<br \/>\nbiselado, un sof\u00e1 o hasta en la alfombra.<br \/>\nESPACIO PARA EL MINI RECEPTOR\tCuando sale, podr\u00e1 guardar el receptor en la parte de abajo del mouse.<br \/>\nMINI RECEPTOR \u00daNICO\tPuede usar el receptor del NX-7000 con otros ratones inal\u00e1mbricos de Genius para una mayor movilidad. Ya no tendr\u00e1 que preocuparse si pierde un<br \/>\nreceptor de la serie de ratones inal\u00e1mbrica de Genius.<br \/>\nESPECIFICACIONES<br \/>\nFRECUENCIA RF\t2.4 GHz<br \/>\nUNIDAD DE SENSOR\tBlueEye<br \/>\nDPI\t1200 (SmartGenius: 800, 1200, 1600)<br \/>\nCANTIDAD DE BOTONES\tTres (izquierda, derecha y central con desplazamiento)<br \/>\nTIPO DE BATER\u00cdA\tUna pila AA<br \/>\nPESO\tAprox. 56 g (incluye receptor)<br \/>\nDIMENSIONES\t58 x 100 x 39 mm<br \/>\nCOMPATIBILIDAD\tWindows\u00ae 7, 8, 8.1, 10, Mac OS X 10.8 o superior.<\/p>\n","protected":false},"excerpt":{"rendered":"<p>&#8211;<\/p>\n","protected":false},"featured_media":0,"template":"","meta":[],"pwb-brand":[],"product_brand":[],"product_cat":[193],"product_tag":[],"class_list":{"0":"post-18858","1":"product","2":"type-product","3":"status-publish","5":"product_cat-193","7":"first","8":"instock","9":"taxable","10":"shipping-taxable","11":"purchasable","12":"product-type-simple"},"brands":[],"_links":{"self":[{"href":"https:\/\/tmp.compunegocios.com.pe\/index.php\/wp-json\/wp\/v2\/product\/18858","targetHints":{"allow":["GET"]}}],"collection":[{"href":"https:\/\/tmp.compunegocios.com.pe\/index.php\/wp-json\/wp\/v2\/product"}],"about":[{"href":"https:\/\/tmp.compunegocios.com.pe\/index.php\/wp-json\/wp\/v2\/types\/product"}],"wp:attachment":[{"href":"https:\/\/tmp.compunegocios.com.pe\/index.php\/wp-json\/wp\/v2\/media?parent=18858"}],"wp:term":[{"taxonomy":"pwb-brand","embeddable":true,"href":"https:\/\/tmp.compunegocios.com.pe\/index.php\/wp-json\/wp\/v2\/pwb-brand?post=18858"},{"taxonomy":"product_brand","embeddable":true,"href":"https:\/\/tmp.compunegocios.com.pe\/index.php\/wp-json\/wp\/v2\/product_brand?post=18858"},{"taxonomy":"product_cat","embeddable":true,"href":"https:\/\/tmp.compunegocios.com.pe\/index.php\/wp-json\/wp\/v2\/product_cat?post=18858"},{"taxonomy":"product_tag","embeddable":true,"href":"https:\/\/tmp.compunegocios.com.pe\/index.php\/wp-json\/wp\/v2\/product_tag?post=18858"}],"curies":[{"name":"wp","href":"https:\/\/api.w.org\/{rel}","templated":true}]}}