{"id":18873,"date":"2025-02-13T00:04:39","date_gmt":"2025-02-13T00:04:39","guid":{"rendered":"https:\/\/compunegocios.com.pe\/index.php\/product\/mouse-genius-8350s-ai-copilot-dual-wireless-bluetooth-vertical-6-bot-silent-ergonomico-white-grey-31030041401\/"},"modified":"2025-08-19T16:37:38","modified_gmt":"2025-08-19T16:37:38","slug":"mouse-genius-8350s-ai-copilot-dual-wireless-bluetooth-vertical-6-bot-silent-ergonomico-white-grey-31030041401","status":"publish","type":"product","link":"https:\/\/tmp.compunegocios.com.pe\/index.php\/product\/mouse-genius-8350s-ai-copilot-dual-wireless-bluetooth-vertical-6-bot-silent-ergonomico-white-grey-31030041401\/","title":{"rendered":"MOUSE GENIUS 8350S AI COPILOT DUAL WIRELESS\/BLUETOOTH VERTICAL 6-BOT SILENT ERGONOMICO WHITE GREY (31030041401)"},"content":{"rendered":"<p>MOUSE GENIUS 8350S AI COPILOT DUAL WIRELESS\/BLUETOOTH VERTICAL 6-BOT SILENT ERGONOMICO WHITE GREY (31030041401)<br \/>\nMARCA\tGENIUS<br \/>\nMODELO\tERGO 8350S<br \/>\nNUMERO DE PARTE\t31030041401<br \/>\nCARACTERISTICAS<br \/>\nDisfrute de una inclinaci\u00f3n natural de 55\u00b0 para minimizar la tensi\u00f3n del hombro y la fatiga de la mu\u00f1eca con un dise\u00f1o que sostiene la palma y<br \/>\nel pulgar<br \/>\nCONECTIVIDAD\tCambie sin esfuerzo entre dispositivos con conectividad de modo dual y un alcance de hasta 10 metros.<br \/>\nBLUETOOTH + 2,4 GHZ CON CLICS SILENCIOSOS<br \/>\nTRABAJO Y JUEGO\tAlterne entre 1200, 1600 y 2400 DPI para un mejor control y precisi\u00f3n durante cualquier tarea.<br \/>\n6 BOTONES\tAumente la productividad con botones dedicados, incluido uno para acceder con un clic a Copilot AI y un interruptor de ahorro de energ\u00eda inteligente.<br \/>\n(bot\u00f3n izquierdo, derecho, central con desplazamiento, interruptor de DPI, adelante, atr\u00e1s)<br \/>\nESPECIFICACIONES<br \/>\nINTERFAZ\tReceptor Bluetooth y USB<br \/>\nPESO\tMouse: aprox. 81 g<br \/>\nReceptor USB: aprox. 2 g<br \/>\nDIMENSIONES\t67,3 x 105 x 58,4 mm<\/p>\n","protected":false},"excerpt":{"rendered":"<p>&#8211;<\/p>\n","protected":false},"featured_media":0,"template":"","meta":[],"pwb-brand":[],"product_brand":[],"product_cat":[193],"product_tag":[],"class_list":{"0":"post-18873","1":"product","2":"type-product","3":"status-publish","5":"product_cat-193","7":"first","8":"outofstock","9":"taxable","10":"shipping-taxable","11":"purchasable","12":"product-type-simple"},"brands":[],"_links":{"self":[{"href":"https:\/\/tmp.compunegocios.com.pe\/index.php\/wp-json\/wp\/v2\/product\/18873","targetHints":{"allow":["GET"]}}],"collection":[{"href":"https:\/\/tmp.compunegocios.com.pe\/index.php\/wp-json\/wp\/v2\/product"}],"about":[{"href":"https:\/\/tmp.compunegocios.com.pe\/index.php\/wp-json\/wp\/v2\/types\/product"}],"wp:attachment":[{"href":"https:\/\/tmp.compunegocios.com.pe\/index.php\/wp-json\/wp\/v2\/media?parent=18873"}],"wp:term":[{"taxonomy":"pwb-brand","embeddable":true,"href":"https:\/\/tmp.compunegocios.com.pe\/index.php\/wp-json\/wp\/v2\/pwb-brand?post=18873"},{"taxonomy":"product_brand","embeddable":true,"href":"https:\/\/tmp.compunegocios.com.pe\/index.php\/wp-json\/wp\/v2\/product_brand?post=18873"},{"taxonomy":"product_cat","embeddable":true,"href":"https:\/\/tmp.compunegocios.com.pe\/index.php\/wp-json\/wp\/v2\/product_cat?post=18873"},{"taxonomy":"product_tag","embeddable":true,"href":"https:\/\/tmp.compunegocios.com.pe\/index.php\/wp-json\/wp\/v2\/product_tag?post=18873"}],"curies":[{"name":"wp","href":"https:\/\/api.w.org\/{rel}","templated":true}]}}