{"id":18914,"date":"2025-03-19T16:44:56","date_gmt":"2025-03-19T16:44:56","guid":{"rendered":"https:\/\/compunegocios.com.pe\/index.php\/product\/audifono-c-microf-logitech-h390-usb-noise-cancelling-black-981-000014\/"},"modified":"2025-08-19T16:37:57","modified_gmt":"2025-08-19T16:37:57","slug":"audifono-c-microf-logitech-h390-usb-noise-cancelling-black-981-000014","status":"publish","type":"product","link":"https:\/\/tmp.compunegocios.com.pe\/index.php\/product\/audifono-c-microf-logitech-h390-usb-noise-cancelling-black-981-000014\/","title":{"rendered":"AUDIFONO C\/MICROF. LOGITECH H390 USB NOISE CANCELLING BLACK (981-000014)"},"content":{"rendered":"<p>AUDIFONO C\/MICROF. LOGITECH H390 USB NOISE CANCELLING BLACK (981-000014)<br \/>\nMARCA\tLOGITECH<br \/>\nMODELO\tH390<br \/>\nN\u00daMERO DE PARTE\t981-000014<br \/>\nCARACTER\u00cdSTICAS<br \/>\nDISE\u00d1O\tLa almohadilla ajustable y acolchada y almohadillas de felpa le mantienen c\u00f3moda.<br \/>\nMICR\u00d3FONO CON CANCELACI\u00d3N DE RUIDO\tElimina el ruido del exterior. Mantiene conversaciones claras<br \/>\nMICR\u00d3FONO GIRATORIO\tEl micr\u00f3fono gira fuera del camino cuando est\u00e1 escuchando m\u00fasica o viendo una pel\u00edcula.<br \/>\nCONTROLES EN L\u00cdNEA\tAjuste el volumen de forma instant\u00e1nea y silencia el micr\u00f3fono<br \/>\nESPECIFICACIONES<br \/>\nRESPUESTA DE FRECUENCIA\tAuricular 20 Hz a 20 kHz y Micr\u00f3fono 100 Hz a 10KHz<br \/>\nSENSIBILIDAD DE ENTRADA\t-62 dBV , -42 dBV \/ Pa +\/- 3 dB.<br \/>\nLONGITUD DEL CABLE\t1,9 m.<br \/>\nTIPO DE CONECCI\u00d3N MICRO\tUSB 2.0.<\/p>\n","protected":false},"excerpt":{"rendered":"<p>&#8211;<\/p>\n","protected":false},"featured_media":0,"template":"","meta":[],"pwb-brand":[],"product_brand":[],"product_cat":[158],"product_tag":[],"class_list":{"0":"post-18914","1":"product","2":"type-product","3":"status-publish","5":"product_cat-158","7":"first","8":"instock","9":"taxable","10":"shipping-taxable","11":"purchasable","12":"product-type-simple"},"brands":[],"_links":{"self":[{"href":"https:\/\/tmp.compunegocios.com.pe\/index.php\/wp-json\/wp\/v2\/product\/18914","targetHints":{"allow":["GET"]}}],"collection":[{"href":"https:\/\/tmp.compunegocios.com.pe\/index.php\/wp-json\/wp\/v2\/product"}],"about":[{"href":"https:\/\/tmp.compunegocios.com.pe\/index.php\/wp-json\/wp\/v2\/types\/product"}],"wp:attachment":[{"href":"https:\/\/tmp.compunegocios.com.pe\/index.php\/wp-json\/wp\/v2\/media?parent=18914"}],"wp:term":[{"taxonomy":"pwb-brand","embeddable":true,"href":"https:\/\/tmp.compunegocios.com.pe\/index.php\/wp-json\/wp\/v2\/pwb-brand?post=18914"},{"taxonomy":"product_brand","embeddable":true,"href":"https:\/\/tmp.compunegocios.com.pe\/index.php\/wp-json\/wp\/v2\/product_brand?post=18914"},{"taxonomy":"product_cat","embeddable":true,"href":"https:\/\/tmp.compunegocios.com.pe\/index.php\/wp-json\/wp\/v2\/product_cat?post=18914"},{"taxonomy":"product_tag","embeddable":true,"href":"https:\/\/tmp.compunegocios.com.pe\/index.php\/wp-json\/wp\/v2\/product_tag?post=18914"}],"curies":[{"name":"wp","href":"https:\/\/api.w.org\/{rel}","templated":true}]}}