{"id":18920,"date":"2025-04-10T16:58:27","date_gmt":"2025-04-10T16:58:27","guid":{"rendered":"https:\/\/compunegocios.com.pe\/index.php\/product\/teclado-gamer-usb-te-4068-bk-teros\/"},"modified":"2025-10-08T00:26:19","modified_gmt":"2025-10-08T00:26:19","slug":"teclado-gamer-usb-te-4068-bk-teros","status":"publish","type":"product","link":"https:\/\/tmp.compunegocios.com.pe\/index.php\/product\/teclado-gamer-usb-te-4068-bk-teros\/","title":{"rendered":"TECLADO GAMER USB TE-4068 BK TEROS"},"content":{"rendered":"<p>Teclado mec\u00e1nico TE-4068G, retroiluminaci\u00f3n rainbow, USB 2.0, espa\u00f1ol, color negro<br \/>\nMARCA\tMARCA\tTEROS<br \/>\nMODELO\tTE-4068G<br \/>\nNUMERO DE PARTE\tNUMERO DE PARTE\tTE-4068G<br \/>\nTIPO\tMEC\u00c1NICO<br \/>\nIDIOMA\tESPA\u00d1OL<br \/>\nCOLOR\tNEGRO<br \/>\nRETROILUMINACI\u00d3N RAINBOW<br \/>\nESTRUCTURA FISICA\tTIPO DE TECLAS\tMECANICA<br \/>\nCARACTERISTICAS ADICIONALES\tN\u00daMERO DE TECLAS: 105<br \/>\nLONGITUD DE CABLE: 1.6 METROS<br \/>\nCONEXI\u00d3N: USB 2.0<br \/>\nINTERRUPTOR AZUL<br \/>\nTECLAS DE FUNCI\u00d3N MULTIMEDIA INTEGRADAS<br \/>\n3 INDICADORES DE LUCES: NUMLOCK \/ CAPSLOCK \/ WINLOCK-BLUE LIGHT<br \/>\nINTERFAZ\tTIPO DE INTERFAZ\tUSB<br \/>\nTIPO\tUSB 2.0<br \/>\nESPECIFICACIONES FISICAS\tDIMENSIONES\t(ANCHO x ALTO x PROFUNDIDAD): 43.5 x 12.7 x 3.5 CM<br \/>\nPESO\t745 GR<br \/>\nCONTENIDO\tTECLADO<\/p>\n","protected":false},"excerpt":{"rendered":"<p>&#8211;<\/p>\n","protected":false},"featured_media":0,"template":"","meta":[],"pwb-brand":[],"product_brand":[],"product_cat":[187],"product_tag":[],"class_list":{"0":"post-18920","1":"product","2":"type-product","3":"status-publish","5":"product_cat-187","7":"first","8":"instock","9":"taxable","10":"shipping-taxable","11":"purchasable","12":"product-type-simple"},"brands":[],"_links":{"self":[{"href":"https:\/\/tmp.compunegocios.com.pe\/index.php\/wp-json\/wp\/v2\/product\/18920","targetHints":{"allow":["GET"]}}],"collection":[{"href":"https:\/\/tmp.compunegocios.com.pe\/index.php\/wp-json\/wp\/v2\/product"}],"about":[{"href":"https:\/\/tmp.compunegocios.com.pe\/index.php\/wp-json\/wp\/v2\/types\/product"}],"wp:attachment":[{"href":"https:\/\/tmp.compunegocios.com.pe\/index.php\/wp-json\/wp\/v2\/media?parent=18920"}],"wp:term":[{"taxonomy":"pwb-brand","embeddable":true,"href":"https:\/\/tmp.compunegocios.com.pe\/index.php\/wp-json\/wp\/v2\/pwb-brand?post=18920"},{"taxonomy":"product_brand","embeddable":true,"href":"https:\/\/tmp.compunegocios.com.pe\/index.php\/wp-json\/wp\/v2\/product_brand?post=18920"},{"taxonomy":"product_cat","embeddable":true,"href":"https:\/\/tmp.compunegocios.com.pe\/index.php\/wp-json\/wp\/v2\/product_cat?post=18920"},{"taxonomy":"product_tag","embeddable":true,"href":"https:\/\/tmp.compunegocios.com.pe\/index.php\/wp-json\/wp\/v2\/product_tag?post=18920"}],"curies":[{"name":"wp","href":"https:\/\/api.w.org\/{rel}","templated":true}]}}