{"id":1910,"date":"2023-11-17T01:34:55","date_gmt":"2023-11-17T01:34:55","guid":{"rendered":"http:\/\/compunegocios.com.pe\/index.php\/product\/all-in-one-hp-21-b0003la-intel-celeron-j4025-2-0-ghz-ram-4-gb-hdd-1tb-sata-wi-fi-bt-pantalla-led-20-7-full-hd\/"},"modified":"2025-08-19T17:04:27","modified_gmt":"2025-08-19T17:04:27","slug":"all-in-one-hp-21-b0003la-intel-celeron-j4025-2-0-ghz-ram-4-gb-hdd-1tb-sata-wi-fi-bt-pantalla-led-20-7-full-hd","status":"publish","type":"product","link":"https:\/\/tmp.compunegocios.com.pe\/index.php\/product\/all-in-one-hp-21-b0003la-intel-celeron-j4025-2-0-ghz-ram-4-gb-hdd-1tb-sata-wi-fi-bt-pantalla-led-20-7-full-hd\/","title":{"rendered":"ALL IN ONE HP 21-B0003LA INTEL CELERON J4025 2.0 GHZ RAM 4 GB HDD 1TB SATA WI-FI BT PANTALLA LED 20.7&#8243; FULL HD"},"content":{"rendered":"<p>Modelo\tHP All-in-One 21-b003la \/ HP Todo en uno 21-B0003LA \/ HP All-in-One PC 21-b0003la \/ Intel Celeron \/ Latino<br \/>\nProcesador\tIntel\u00ae Celeron\u00ae J4025 (frecuencia base de 2 GHz, hasta 2,9 GHz, 2 MB de cach\u00e9 L2, 2 n\u00facleos)<br \/>\nMemoria RAM\t4 GB DDR4 2666 ampliable<br \/>\nDisco Duro\t1TB 7200RPM SATA<br \/>\nMonitor\t20.7&#8243; diagonal, Full HD (1920 x 1080), anti-reflejo, 200 nits, 72% NTSC<br \/>\nUnidad \u00f3ptica\tNo<br \/>\nTarjeta de video\tGr\u00e1ficos Intel\u00ae UHD 600<br \/>\nConectividad\tLAN: Gigabit Ethernet 10\/100\/1000<br \/>\nWLAN: Combinaci\u00f3n de Realtek RTL8821CE 802.11a\/b\/g\/n\/ac (1&#215;1) Wi-Fi\u00ae y Bluetooth\u00ae 4.2<br \/>\nMultimedia<br \/>\nC\u00e1mara de privacidad con micr\u00f3fonos digitales integrados de doble matriz<br \/>\nAudio : HD con c\u00f3dec Realtek , con altavoces est\u00e9reo integrados<br \/>\nPuertos y Ranuras<br \/>\nInterfaces :2 USB SuperSpeed Type-A de 5 Gb\/s de Velocidad de se\u00f1alizaci\u00f3n; 2 USB 2.0 Type-A; 1 RJ-45; 1 combinaci\u00f3n de auriculares y micr\u00f3fono Lector de Medios<br \/>\nLector de tarjetas 3 en 1 (SD,SDHC, SDXC)<br \/>\nTeclado &amp; mouse<br \/>\nAmbos incluidos.<\/p>\n","protected":false},"excerpt":{"rendered":"<p>&#8211;<\/p>\n","protected":false},"featured_media":1939,"template":"","meta":[],"pwb-brand":[340,338],"product_brand":[],"product_cat":[47],"product_tag":[],"class_list":{"0":"post-1910","1":"product","2":"type-product","3":"status-publish","4":"has-post-thumbnail","6":"pwb-brand-hp","7":"pwb-brand-intel","8":"product_cat-47","10":"first","11":"instock","12":"taxable","13":"shipping-taxable","14":"purchasable","15":"product-type-simple"},"brands":[{"id":340,"name":"HP","slug":"hp"},{"id":338,"name":"Intel","slug":"intel"}],"_links":{"self":[{"href":"https:\/\/tmp.compunegocios.com.pe\/index.php\/wp-json\/wp\/v2\/product\/1910","targetHints":{"allow":["GET"]}}],"collection":[{"href":"https:\/\/tmp.compunegocios.com.pe\/index.php\/wp-json\/wp\/v2\/product"}],"about":[{"href":"https:\/\/tmp.compunegocios.com.pe\/index.php\/wp-json\/wp\/v2\/types\/product"}],"wp:featuredmedia":[{"embeddable":true,"href":"https:\/\/tmp.compunegocios.com.pe\/index.php\/wp-json\/wp\/v2\/media\/1939"}],"wp:attachment":[{"href":"https:\/\/tmp.compunegocios.com.pe\/index.php\/wp-json\/wp\/v2\/media?parent=1910"}],"wp:term":[{"taxonomy":"pwb-brand","embeddable":true,"href":"https:\/\/tmp.compunegocios.com.pe\/index.php\/wp-json\/wp\/v2\/pwb-brand?post=1910"},{"taxonomy":"product_brand","embeddable":true,"href":"https:\/\/tmp.compunegocios.com.pe\/index.php\/wp-json\/wp\/v2\/product_brand?post=1910"},{"taxonomy":"product_cat","embeddable":true,"href":"https:\/\/tmp.compunegocios.com.pe\/index.php\/wp-json\/wp\/v2\/product_cat?post=1910"},{"taxonomy":"product_tag","embeddable":true,"href":"https:\/\/tmp.compunegocios.com.pe\/index.php\/wp-json\/wp\/v2\/product_tag?post=1910"}],"curies":[{"name":"wp","href":"https:\/\/api.w.org\/{rel}","templated":true}]}}