{"id":1911,"date":"2023-11-17T01:58:37","date_gmt":"2023-11-17T01:58:37","guid":{"rendered":"http:\/\/compunegocios.com.pe\/index.php\/product\/all-in-one-hp-22-dd0535la-amd-ryzen-3-3250u-8gb-ram-ddr4-21-5%e2%80%b3-full-hd-1920-x-1080-256gb-ssd-windows-11-6k4z2laabm\/"},"modified":"2025-08-19T17:04:28","modified_gmt":"2025-08-19T17:04:28","slug":"all-in-one-hp-22-dd0535la-amd-ryzen-3","status":"publish","type":"product","link":"https:\/\/tmp.compunegocios.com.pe\/index.php\/product\/all-in-one-hp-22-dd0535la-amd-ryzen-3\/","title":{"rendered":"ALL IN ONE HP 22-DD0535LA  AMD RYZEN 3 3250U 8GB RAM DDR4 21.5 FULL HD 1920 X 1080 256GB SSD WINDOWS 11 (6K4Z2LA#ABM)"},"content":{"rendered":"<p>Nombre del producto<br \/>\nHP All-in-One 22-dd0535la<br \/>\nEspecificaciones de pantalla<br \/>\n21.5&#8243; diagonal, FHD (1920 x 1080), VA, three-sided micro-edge, anti-glare, 250 nits, 72% NTSC<br \/>\nProcesador<br \/>\nAMD Ryzen\u2122 3 3250U (velocidad base de 2,6 GHz, velocidad m\u00e1xima de hasta 3,5 GHz, 4 MB de cach\u00e9 L3 y 2 n\u00facleos)<br \/>\nMemoria 8 GB de RAM DDR4-2400 MHz (1 x 8 GB)<br \/>\nUnidad de estado s\u00f3lido PCIe\u00ae NVMe\u2122 M.2 de 256 GB<br \/>\nGr\u00e1ficos AMD Radeon<br \/>\nPuertos 2 USB SuperSpeed Tipo-A con Velocidad de se\u00f1alizaci\u00f3nde 5 Gbps; 2 USB 2.0 Tipo-A; 1 Salida HDMI 1.4; 1 combinaci\u00f3n de auriculares y micr\u00f3fono; 1 RJ-45<br \/>\nRanuras de expansi\u00f3n<br \/>\n2 M.2 (1 para SSD, 1 para WLAN)<br \/>\nInterfaz de red LAN 10\/100\/1000 GbE integrada<br \/>\nConexi\u00f3n inal\u00e1mbrica<br \/>\nCombinaci\u00f3n de Realtek RTL8821CE 802.11a\/b\/g\/n\/ac (1&#215;1) Wi-Fi\u00ae y Bluetooth\u00ae 4.2<br \/>\nUnidad \u00f3ptica no incluida<br \/>\nDispositivo con tarjeta de memoria<br \/>\nLector de tarjeta de memoria 3 en 1 HP<br \/>\nTeclado<br \/>\nCombinaci\u00f3n de mouse y teclado inal\u00e1mbricos HP 230, en color blanco<br \/>\nC\u00e1mara web<br \/>\nC\u00e1mara de privacidad HP True Vision 720p HD con micr\u00f3fonos digitales de matriz doble integrados<\/p>\n","protected":false},"excerpt":{"rendered":"<p>&#8211;<\/p>\n","protected":false},"featured_media":1944,"template":"","meta":[],"pwb-brand":[336,340],"product_brand":[],"product_cat":[49],"product_tag":[],"class_list":{"0":"post-1911","1":"product","2":"type-product","3":"status-publish","4":"has-post-thumbnail","6":"pwb-brand-amd","7":"pwb-brand-hp","8":"product_cat-49","10":"first","11":"instock","12":"taxable","13":"shipping-taxable","14":"purchasable","15":"product-type-simple"},"brands":[{"id":336,"name":"AMD","slug":"amd"},{"id":340,"name":"HP","slug":"hp"}],"_links":{"self":[{"href":"https:\/\/tmp.compunegocios.com.pe\/index.php\/wp-json\/wp\/v2\/product\/1911","targetHints":{"allow":["GET"]}}],"collection":[{"href":"https:\/\/tmp.compunegocios.com.pe\/index.php\/wp-json\/wp\/v2\/product"}],"about":[{"href":"https:\/\/tmp.compunegocios.com.pe\/index.php\/wp-json\/wp\/v2\/types\/product"}],"wp:featuredmedia":[{"embeddable":true,"href":"https:\/\/tmp.compunegocios.com.pe\/index.php\/wp-json\/wp\/v2\/media\/1944"}],"wp:attachment":[{"href":"https:\/\/tmp.compunegocios.com.pe\/index.php\/wp-json\/wp\/v2\/media?parent=1911"}],"wp:term":[{"taxonomy":"pwb-brand","embeddable":true,"href":"https:\/\/tmp.compunegocios.com.pe\/index.php\/wp-json\/wp\/v2\/pwb-brand?post=1911"},{"taxonomy":"product_brand","embeddable":true,"href":"https:\/\/tmp.compunegocios.com.pe\/index.php\/wp-json\/wp\/v2\/product_brand?post=1911"},{"taxonomy":"product_cat","embeddable":true,"href":"https:\/\/tmp.compunegocios.com.pe\/index.php\/wp-json\/wp\/v2\/product_cat?post=1911"},{"taxonomy":"product_tag","embeddable":true,"href":"https:\/\/tmp.compunegocios.com.pe\/index.php\/wp-json\/wp\/v2\/product_tag?post=1911"}],"curies":[{"name":"wp","href":"https:\/\/api.w.org\/{rel}","templated":true}]}}