{"id":2050,"date":"2023-11-17T18:19:07","date_gmt":"2023-11-17T18:19:07","guid":{"rendered":"http:\/\/compunegocios.com.pe\/index.php\/product\/laptop-hp-240-g8-celeron-n4020-hdd-1tb-4gb-14-freedos\/"},"modified":"2025-08-19T17:04:34","modified_gmt":"2025-08-19T17:04:34","slug":"laptop-hp-240-g8-celeron-n4020-hdd-1tb-4gb-14-freedos","status":"publish","type":"product","link":"https:\/\/tmp.compunegocios.com.pe\/index.php\/product\/laptop-hp-240-g8-celeron-n4020-hdd-1tb-4gb-14-freedos\/","title":{"rendered":"LAPTOP HP 240 G8 CELERON N4020 HDD 1TB 4GB 14 FREEDOS (PN: 27K37EA#ABE)"},"content":{"rendered":"<p>LAPTOP HP 240 G8 CELERON N4020 HDD 1TB 4GB 14 FREEDOS (PN: 27K37EA#ABE)<\/p>\n<p>Intel\u00ae Celeron\u00ae N4020 (frecuencia base de 1,1 GHz, frecuencia de r\u00e1faga de hasta 2,8 GHz, 4 MB de cach\u00e9 L2 y 2 n\u00facleos)<br \/>\nDisco duro SATA de 1 TB y 5400 RPM<br \/>\nGr\u00e1ficos Intel\u00ae UHD<br \/>\nMousepad que admite gestos multit\u00e1ctiles<br \/>\nPuertos<br \/>\n1 RJ-45<br \/>\n1 combinaci\u00f3n de auriculares y micr\u00f3fono<br \/>\n1 HDMI 1.4b<br \/>\n1 alimentaci\u00f3n de CA<br \/>\nPantalla HD de 35,6 cm (14 pulg.) en diagonal<br \/>\nTeclado estilo isla de tama\u00f1o completo, resistente a salpicaduras y derrames<br \/>\nConectividad inal\u00e1mbrica Combinaci\u00f3n de Intel\u00ae 802.11a\/b\/g\/n\/ac (1&#215;1) Wi-Fi\u00ae y Bluetooth\u00ae 4.2<br \/>\nMemoria 4 GB de RAM DDR4-2400 MHz (1 x 4 GB)<br \/>\nC\u00e1mara web<br \/>\nC\u00e1mara HD de 720p<br \/>\nFunciones de audio<br \/>\nAltavoces est\u00e9reo, micr\u00f3fono digital integrado<br \/>\nColor de producto Plateado ceniza oscuro<\/p>\n","protected":false},"excerpt":{"rendered":"<p>&#8211;<\/p>\n","protected":false},"featured_media":12769,"template":"","meta":[],"pwb-brand":[340,338],"product_brand":[],"product_cat":[19],"product_tag":[],"class_list":{"0":"post-2050","1":"product","2":"type-product","3":"status-publish","4":"has-post-thumbnail","6":"pwb-brand-hp","7":"pwb-brand-intel","8":"product_cat-19","10":"first","11":"outofstock","12":"taxable","13":"shipping-taxable","14":"purchasable","15":"product-type-simple"},"brands":[{"id":340,"name":"HP","slug":"hp"},{"id":338,"name":"Intel","slug":"intel"}],"_links":{"self":[{"href":"https:\/\/tmp.compunegocios.com.pe\/index.php\/wp-json\/wp\/v2\/product\/2050","targetHints":{"allow":["GET"]}}],"collection":[{"href":"https:\/\/tmp.compunegocios.com.pe\/index.php\/wp-json\/wp\/v2\/product"}],"about":[{"href":"https:\/\/tmp.compunegocios.com.pe\/index.php\/wp-json\/wp\/v2\/types\/product"}],"wp:featuredmedia":[{"embeddable":true,"href":"https:\/\/tmp.compunegocios.com.pe\/index.php\/wp-json\/wp\/v2\/media\/12769"}],"wp:attachment":[{"href":"https:\/\/tmp.compunegocios.com.pe\/index.php\/wp-json\/wp\/v2\/media?parent=2050"}],"wp:term":[{"taxonomy":"pwb-brand","embeddable":true,"href":"https:\/\/tmp.compunegocios.com.pe\/index.php\/wp-json\/wp\/v2\/pwb-brand?post=2050"},{"taxonomy":"product_brand","embeddable":true,"href":"https:\/\/tmp.compunegocios.com.pe\/index.php\/wp-json\/wp\/v2\/product_brand?post=2050"},{"taxonomy":"product_cat","embeddable":true,"href":"https:\/\/tmp.compunegocios.com.pe\/index.php\/wp-json\/wp\/v2\/product_cat?post=2050"},{"taxonomy":"product_tag","embeddable":true,"href":"https:\/\/tmp.compunegocios.com.pe\/index.php\/wp-json\/wp\/v2\/product_tag?post=2050"}],"curies":[{"name":"wp","href":"https:\/\/api.w.org\/{rel}","templated":true}]}}