{"id":22,"date":"2023-11-11T12:14:36","date_gmt":"2023-11-11T12:14:36","guid":{"rendered":"http:\/\/compunegocios.com.pe\/index.php\/product\/impresora-epson-l8050-pvc-cd-dvd\/"},"modified":"2025-08-19T16:59:28","modified_gmt":"2025-08-19T16:59:28","slug":"impresora-epson-l8050-pvc-cd-dvd","status":"publish","type":"product","link":"https:\/\/tmp.compunegocios.com.pe\/index.php\/product\/impresora-epson-l8050-pvc-cd-dvd\/","title":{"rendered":"IMPRESORA EPSON L8050 PVC\/CD\/DVD"},"content":{"rendered":"<p>Impresora Fotografica Epson Ecotank L8050, PVC\/CD\/DVD, USB, Wi-Fi, Wi-Fi Direct<br \/>\nCon un costo por foto ultrabajo e impresi\u00f3n m\u00f3vil, esta inyecci\u00f3n de tinta r\u00e1pida y sin cartuchos es perfecta para la impresi\u00f3n de fotograf\u00edas A4 de gran volumen. Con un dise\u00f1o compacto, botellas con cierre de llave y tanques de tinta frontales para facilitar el llenado de tinta, la L8050 ofrece a los fot\u00f3grafos una soluci\u00f3n f\u00e1cil de usar y que ahorra espacio. Ofreciendo una amplia compatibilidad con los medios, imprima en tarjetas de identificaci\u00f3n de PVC, as\u00ed como en CD y DVD. Es f\u00e1cil imprimir desde m\u00f3viles, tabletas y port\u00e1tiles con la L8050. Con Wi-Fi y Wi-Fi Direct, puede enviar documentos para imprimir desde dispositivos inteligentes mediante la aplicaci\u00f3n Epson Smart Panel.<\/p>\n","protected":false},"excerpt":{"rendered":"<p>&#8211;<\/p>\n","protected":false},"featured_media":1329,"template":"","meta":[],"pwb-brand":[333],"product_brand":[],"product_cat":[203],"product_tag":[],"class_list":{"0":"post-22","1":"product","2":"type-product","3":"status-publish","4":"has-post-thumbnail","6":"pwb-brand-epson","7":"product_cat-203","9":"first","10":"outofstock","11":"taxable","12":"shipping-taxable","13":"purchasable","14":"product-type-simple"},"brands":[{"id":333,"name":"Epson","slug":"epson"}],"_links":{"self":[{"href":"https:\/\/tmp.compunegocios.com.pe\/index.php\/wp-json\/wp\/v2\/product\/22","targetHints":{"allow":["GET"]}}],"collection":[{"href":"https:\/\/tmp.compunegocios.com.pe\/index.php\/wp-json\/wp\/v2\/product"}],"about":[{"href":"https:\/\/tmp.compunegocios.com.pe\/index.php\/wp-json\/wp\/v2\/types\/product"}],"wp:featuredmedia":[{"embeddable":true,"href":"https:\/\/tmp.compunegocios.com.pe\/index.php\/wp-json\/wp\/v2\/media\/1329"}],"wp:attachment":[{"href":"https:\/\/tmp.compunegocios.com.pe\/index.php\/wp-json\/wp\/v2\/media?parent=22"}],"wp:term":[{"taxonomy":"pwb-brand","embeddable":true,"href":"https:\/\/tmp.compunegocios.com.pe\/index.php\/wp-json\/wp\/v2\/pwb-brand?post=22"},{"taxonomy":"product_brand","embeddable":true,"href":"https:\/\/tmp.compunegocios.com.pe\/index.php\/wp-json\/wp\/v2\/product_brand?post=22"},{"taxonomy":"product_cat","embeddable":true,"href":"https:\/\/tmp.compunegocios.com.pe\/index.php\/wp-json\/wp\/v2\/product_cat?post=22"},{"taxonomy":"product_tag","embeddable":true,"href":"https:\/\/tmp.compunegocios.com.pe\/index.php\/wp-json\/wp\/v2\/product_tag?post=22"}],"curies":[{"name":"wp","href":"https:\/\/api.w.org\/{rel}","templated":true}]}}