{"id":2259,"date":"2023-11-17T21:26:00","date_gmt":"2023-11-17T21:26:00","guid":{"rendered":"http:\/\/compunegocios.com.pe\/index.php\/product\/mouse-inalambrico-logitech-m187\/"},"modified":"2025-09-28T01:06:12","modified_gmt":"2025-09-28T01:06:12","slug":"mouse-inalambrico-logitech-m187","status":"publish","type":"product","link":"https:\/\/tmp.compunegocios.com.pe\/index.php\/product\/mouse-inalambrico-logitech-m187\/","title":{"rendered":"MOUSE INALAMBRICO LOGITECH M187 BLACK"},"content":{"rendered":"<p>MOUSE INALAMBRICO LOGITECH M187 BLACK<\/p>\n<p>Tecnolog\u00eda de sensor: Seguimiento \u00f3ptico avanzado<br \/>\nResoluci\u00f3n de sensor: 1000 dpi<br \/>\nN\u00famero de botones: 3<br \/>\nBot\u00f3n scroll (S\u00ed\/No):: S\u00ed<br \/>\nPilas: BATER\u00cdA DE HASTA 6 MESES DE DURACI\u00d3N.<br \/>\nTipo de bater\u00edas: 1 bater\u00eda AAA<br \/>\nDistancia de funcionamiento inal\u00e1mbrico: Aprox. 10m.<br \/>\nTecnolog\u00eda inal\u00e1mbrica: Conexi\u00f3n inal\u00e1mbrica avanzada de 2,4 GHz.<br \/>\nInterfaz: Receptor USB<\/p>\n","protected":false},"excerpt":{"rendered":"<p>&#8211;<\/p>\n","protected":false},"featured_media":12789,"template":"","meta":[],"pwb-brand":[],"product_brand":[],"product_cat":[193],"product_tag":[],"class_list":{"0":"post-2259","1":"product","2":"type-product","3":"status-publish","4":"has-post-thumbnail","6":"product_cat-193","8":"first","9":"instock","10":"taxable","11":"shipping-taxable","12":"purchasable","13":"product-type-simple"},"brands":[],"_links":{"self":[{"href":"https:\/\/tmp.compunegocios.com.pe\/index.php\/wp-json\/wp\/v2\/product\/2259","targetHints":{"allow":["GET"]}}],"collection":[{"href":"https:\/\/tmp.compunegocios.com.pe\/index.php\/wp-json\/wp\/v2\/product"}],"about":[{"href":"https:\/\/tmp.compunegocios.com.pe\/index.php\/wp-json\/wp\/v2\/types\/product"}],"wp:featuredmedia":[{"embeddable":true,"href":"https:\/\/tmp.compunegocios.com.pe\/index.php\/wp-json\/wp\/v2\/media\/12789"}],"wp:attachment":[{"href":"https:\/\/tmp.compunegocios.com.pe\/index.php\/wp-json\/wp\/v2\/media?parent=2259"}],"wp:term":[{"taxonomy":"pwb-brand","embeddable":true,"href":"https:\/\/tmp.compunegocios.com.pe\/index.php\/wp-json\/wp\/v2\/pwb-brand?post=2259"},{"taxonomy":"product_brand","embeddable":true,"href":"https:\/\/tmp.compunegocios.com.pe\/index.php\/wp-json\/wp\/v2\/product_brand?post=2259"},{"taxonomy":"product_cat","embeddable":true,"href":"https:\/\/tmp.compunegocios.com.pe\/index.php\/wp-json\/wp\/v2\/product_cat?post=2259"},{"taxonomy":"product_tag","embeddable":true,"href":"https:\/\/tmp.compunegocios.com.pe\/index.php\/wp-json\/wp\/v2\/product_tag?post=2259"}],"curies":[{"name":"wp","href":"https:\/\/api.w.org\/{rel}","templated":true}]}}