{"id":2287,"date":"2023-11-17T21:41:28","date_gmt":"2023-11-17T21:41:28","guid":{"rendered":"http:\/\/compunegocios.com.pe\/index.php\/product\/mouse-inalambrico-logitech-m170\/"},"modified":"2025-09-26T17:12:43","modified_gmt":"2025-09-26T17:12:43","slug":"mouse-inalambrico-logitech-m170","status":"publish","type":"product","link":"https:\/\/tmp.compunegocios.com.pe\/index.php\/product\/mouse-inalambrico-logitech-m170\/","title":{"rendered":"MOUSE INALAMBRICO LOGITECH M170 ROJO"},"content":{"rendered":"<p>MOUSE INALAMBRICO LOGITECH M170 ROJO<br \/>\nTecnolog\u00eda de sensor: Seguimiento \u00f3ptico uniforme<br \/>\nDPI (m\u00edn.\/m\u00e1x.): 1000\u00b1<br \/>\nN\u00famero de botones: 3 (click izquierdo\/derecho, click de bot\u00f3n central)<br \/>\nAplicaci\u00f3n de personalizaci\u00f3n<br \/>\nCompatibilidad con Logi Options+ para Windows y macOS.<br \/>\nRueda de desplazamiento: S\u00ed, 2D, \u00f3ptico<br \/>\nPilas: 12 meses 2La duraci\u00f3n de las bater\u00edas depende del uso y de los dispositivos<br \/>\nDetalles de bater\u00eda: 1 x AA (incluida)<br \/>\nTipo de conexi\u00f3n: Conexi\u00f3n inal\u00e1mbrica de 2.4 GHz<br \/>\nRadio de acci\u00f3n inal\u00e1mbrico: 10 metros.<br \/>\nConexi\u00f3n \/ Encendido: S\u00ed, interruptor de encendido\/apagado<br \/>\nHuella de carbono del producto: 4,05 kg de CO2e<br \/>\nCon certificaci\u00f3n de carbono neutral<\/p>\n","protected":false},"excerpt":{"rendered":"<p>&#8211;<\/p>\n","protected":false},"featured_media":12797,"template":"","meta":[],"pwb-brand":[],"product_brand":[],"product_cat":[193],"product_tag":[],"class_list":{"0":"post-2287","1":"product","2":"type-product","3":"status-publish","4":"has-post-thumbnail","6":"product_cat-193","8":"first","9":"instock","10":"taxable","11":"shipping-taxable","12":"purchasable","13":"product-type-simple"},"brands":[],"_links":{"self":[{"href":"https:\/\/tmp.compunegocios.com.pe\/index.php\/wp-json\/wp\/v2\/product\/2287","targetHints":{"allow":["GET"]}}],"collection":[{"href":"https:\/\/tmp.compunegocios.com.pe\/index.php\/wp-json\/wp\/v2\/product"}],"about":[{"href":"https:\/\/tmp.compunegocios.com.pe\/index.php\/wp-json\/wp\/v2\/types\/product"}],"wp:featuredmedia":[{"embeddable":true,"href":"https:\/\/tmp.compunegocios.com.pe\/index.php\/wp-json\/wp\/v2\/media\/12797"}],"wp:attachment":[{"href":"https:\/\/tmp.compunegocios.com.pe\/index.php\/wp-json\/wp\/v2\/media?parent=2287"}],"wp:term":[{"taxonomy":"pwb-brand","embeddable":true,"href":"https:\/\/tmp.compunegocios.com.pe\/index.php\/wp-json\/wp\/v2\/pwb-brand?post=2287"},{"taxonomy":"product_brand","embeddable":true,"href":"https:\/\/tmp.compunegocios.com.pe\/index.php\/wp-json\/wp\/v2\/product_brand?post=2287"},{"taxonomy":"product_cat","embeddable":true,"href":"https:\/\/tmp.compunegocios.com.pe\/index.php\/wp-json\/wp\/v2\/product_cat?post=2287"},{"taxonomy":"product_tag","embeddable":true,"href":"https:\/\/tmp.compunegocios.com.pe\/index.php\/wp-json\/wp\/v2\/product_tag?post=2287"}],"curies":[{"name":"wp","href":"https:\/\/api.w.org\/{rel}","templated":true}]}}