{"id":2358,"date":"2023-11-17T22:16:12","date_gmt":"2023-11-17T22:16:12","guid":{"rendered":"http:\/\/compunegocios.com.pe\/index.php\/product\/mouse-inalambrico-logitech-m220-silent\/"},"modified":"2025-08-19T17:26:24","modified_gmt":"2025-08-19T17:26:24","slug":"mouse-inalambrico-logitech-m220-silent","status":"publish","type":"product","link":"https:\/\/tmp.compunegocios.com.pe\/index.php\/product\/mouse-inalambrico-logitech-m220-silent\/","title":{"rendered":"MOUSE INALAMBRICO LOGITECH M220 SILENT BLANCO"},"content":{"rendered":"<p>MOUSE INALAMBRICO LOGITECH M220 SILENT BLANCO<br \/>\nTecnolog\u00eda SilentTouch: Reducci\u00f3n del ruido en un 90% (clic izquierdo\/derecho, clic del bot\u00f3n central).<br \/>\nTecnolog\u00eda de sensor: Seguimiento \u00f3ptico fluido.<br \/>\nDPI (m\u00edn.\/m\u00e1x.): 1000\u00b1.<br \/>\nN\u00famero de botones: 3 (clic izquierdo\/derecho, clic de bot\u00f3n central).<br \/>\nDesplazamiento l\u00ednea a l\u00ednea: Bot\u00f3n rueda: S\u00ed, 2D, \u00f3ptico.<br \/>\nPilas: 18 meses 2La duraci\u00f3n de las pilas depende del uso y de los dispositivos.<br \/>\nDetalles de las pilas: Una pila AA (incluida).<br \/>\nTipo de conexi\u00f3n: Conexi\u00f3n inal\u00e1mbrica por USB de 2,4 GHz.<br \/>\nRadio de acci\u00f3n inal\u00e1mbrico: 10 metros.<br \/>\nConexi\u00f3n \/ Encendido: S\u00ed, conmutador de encendido\/apagado.<br \/>\nRequiere: Puerto USB disponible.<br \/>\nCompatibilidad: Windows\u00ae 10,11 o posterior, macOS 10.5 o posterior, Chrome OS, Linux\u00ae Kernel 2.6+.<\/p>\n","protected":false},"excerpt":{"rendered":"<p>&#8211;<\/p>\n","protected":false},"featured_media":12819,"template":"","meta":[],"pwb-brand":[],"product_brand":[],"product_cat":[193],"product_tag":[],"class_list":{"0":"post-2358","1":"product","2":"type-product","3":"status-publish","4":"has-post-thumbnail","6":"product_cat-193","8":"first","9":"outofstock","10":"taxable","11":"shipping-taxable","12":"purchasable","13":"product-type-simple"},"brands":[],"_links":{"self":[{"href":"https:\/\/tmp.compunegocios.com.pe\/index.php\/wp-json\/wp\/v2\/product\/2358","targetHints":{"allow":["GET"]}}],"collection":[{"href":"https:\/\/tmp.compunegocios.com.pe\/index.php\/wp-json\/wp\/v2\/product"}],"about":[{"href":"https:\/\/tmp.compunegocios.com.pe\/index.php\/wp-json\/wp\/v2\/types\/product"}],"wp:featuredmedia":[{"embeddable":true,"href":"https:\/\/tmp.compunegocios.com.pe\/index.php\/wp-json\/wp\/v2\/media\/12819"}],"wp:attachment":[{"href":"https:\/\/tmp.compunegocios.com.pe\/index.php\/wp-json\/wp\/v2\/media?parent=2358"}],"wp:term":[{"taxonomy":"pwb-brand","embeddable":true,"href":"https:\/\/tmp.compunegocios.com.pe\/index.php\/wp-json\/wp\/v2\/pwb-brand?post=2358"},{"taxonomy":"product_brand","embeddable":true,"href":"https:\/\/tmp.compunegocios.com.pe\/index.php\/wp-json\/wp\/v2\/product_brand?post=2358"},{"taxonomy":"product_cat","embeddable":true,"href":"https:\/\/tmp.compunegocios.com.pe\/index.php\/wp-json\/wp\/v2\/product_cat?post=2358"},{"taxonomy":"product_tag","embeddable":true,"href":"https:\/\/tmp.compunegocios.com.pe\/index.php\/wp-json\/wp\/v2\/product_tag?post=2358"}],"curies":[{"name":"wp","href":"https:\/\/api.w.org\/{rel}","templated":true}]}}