{"id":237,"date":"2023-11-11T12:21:25","date_gmt":"2023-11-11T12:21:25","guid":{"rendered":"http:\/\/compunegocios.com.pe\/index.php\/product\/impresora-multifuncional-hp-smart-tank-580-inalambrica\/"},"modified":"2025-08-28T23:22:28","modified_gmt":"2025-08-28T23:22:28","slug":"impresora-multifuncional-hp-smart-tank-580-inalambrica","status":"publish","type":"product","link":"https:\/\/tmp.compunegocios.com.pe\/index.php\/product\/impresora-multifuncional-hp-smart-tank-580-inalambrica\/","title":{"rendered":"IMPRESORA MULTIFUNCIONAL HP SMART TANK 580 INALAMBRICA"},"content":{"rendered":"<p>IMPRESORA MULTIFUNCIONAL HP SMART TANK 580 INALAMBRICA<br \/>\nImpresi\u00f3n doble cara: No<br \/>\nTecnolog\u00eda de impresi\u00f3n:Inyecci\u00f3n de Tinta<br \/>\nVelocidad max. Impresi\u00f3n: Negro (ISO): Hasta 12 ppm, Color(ISO): Hasta 5 ppm<br \/>\nResoluci\u00f3n de impresi\u00f3n: M\u00e1s 1200 dpi<br \/>\nFormatos compatibles (TAMA\u00d1O PAPEL): A4, B5, A6, SobreDL, legal.<br \/>\nCompatibilidad: Papel com\u00fan, papeles para folletos mate, papeles para folletos con brillo, papeles fotogr\u00e1ficos, sobres, otros papeles especiales de inyecci\u00f3n de tinta.<br \/>\nTipo de pantalla:LCD<br \/>\nCONECTIVIDAD\tHI-SPEED USB 2.0, BLUETOOTH DE BAJO CONSUMO DE ENERG\u00cdA, WI-FI 802.11B\/G\/N, WI-FI DIRECT<br \/>\nResoluci\u00f3n de esc\u00e1ner (dpi):  Hardware: Hasta 1200 x 1200 dpi, \u00d3ptica: hasta 1200 ppp.<br \/>\nVelocidad de copia\tJPEG, PDF<br \/>\nCapacidad de papel (hojas): 100<br \/>\nCopias m\u00faltiples: S\u00ed<br \/>\nImpresi\u00f3n sin bordes: S\u00ed<br \/>\nIncluye cable USB: No<br \/>\nIncluye cartuchos :S\u00ed<\/p>\n","protected":false},"excerpt":{"rendered":"<p>&#8211;<\/p>\n","protected":false},"featured_media":572,"template":"","meta":[],"pwb-brand":[340],"product_brand":[],"product_cat":[205],"product_tag":[],"class_list":{"0":"post-237","1":"product","2":"type-product","3":"status-publish","4":"has-post-thumbnail","6":"pwb-brand-hp","7":"product_cat-205","9":"first","10":"outofstock","11":"taxable","12":"shipping-taxable","13":"purchasable","14":"product-type-simple"},"brands":[{"id":340,"name":"HP","slug":"hp"}],"_links":{"self":[{"href":"https:\/\/tmp.compunegocios.com.pe\/index.php\/wp-json\/wp\/v2\/product\/237","targetHints":{"allow":["GET"]}}],"collection":[{"href":"https:\/\/tmp.compunegocios.com.pe\/index.php\/wp-json\/wp\/v2\/product"}],"about":[{"href":"https:\/\/tmp.compunegocios.com.pe\/index.php\/wp-json\/wp\/v2\/types\/product"}],"wp:featuredmedia":[{"embeddable":true,"href":"https:\/\/tmp.compunegocios.com.pe\/index.php\/wp-json\/wp\/v2\/media\/572"}],"wp:attachment":[{"href":"https:\/\/tmp.compunegocios.com.pe\/index.php\/wp-json\/wp\/v2\/media?parent=237"}],"wp:term":[{"taxonomy":"pwb-brand","embeddable":true,"href":"https:\/\/tmp.compunegocios.com.pe\/index.php\/wp-json\/wp\/v2\/pwb-brand?post=237"},{"taxonomy":"product_brand","embeddable":true,"href":"https:\/\/tmp.compunegocios.com.pe\/index.php\/wp-json\/wp\/v2\/product_brand?post=237"},{"taxonomy":"product_cat","embeddable":true,"href":"https:\/\/tmp.compunegocios.com.pe\/index.php\/wp-json\/wp\/v2\/product_cat?post=237"},{"taxonomy":"product_tag","embeddable":true,"href":"https:\/\/tmp.compunegocios.com.pe\/index.php\/wp-json\/wp\/v2\/product_tag?post=237"}],"curies":[{"name":"wp","href":"https:\/\/api.w.org\/{rel}","templated":true}]}}