{"id":23796,"date":"2025-05-15T22:02:07","date_gmt":"2025-05-15T22:02:07","guid":{"rendered":"https:\/\/compunegocios.com.pe\/index.php\/product\/laptop-hp-envy-x360-convertible-14-es1013-intel-core-i5-120u-ram-8gb-disco-512gb-ssd-14pulgadas-fhd-tactil-windows-11\/"},"modified":"2025-08-19T16:38:25","modified_gmt":"2025-08-19T16:38:25","slug":"laptop-hp-envy-x360-convertible-14-es1013-intel-core-i5-120u-ram-8gb-disco-512gb-ssd-14pulgadas-fhd-tactil-windows-11","status":"publish","type":"product","link":"https:\/\/tmp.compunegocios.com.pe\/index.php\/product\/laptop-hp-envy-x360-convertible-14-es1013-intel-core-i5-120u-ram-8gb-disco-512gb-ssd-14pulgadas-fhd-tactil-windows-11\/","title":{"rendered":"Laptop HP Envy X360 Convertible 14-ES1013 Intel Core i5 120U RAM 8GB Disco 512GB SSD 14PULGADAS FHD T\u00e1ctil Windows 11"},"content":{"rendered":"<p>Laptop HP Envy X360 Convertible 14-ES1013 Intel Core i5 120U RAM 8GB Disco 512GB SSD 14PULGADAS FHD T\u00e1ctil Windows 11<br \/>\nMarca:HP<br \/>\nModelo:Envy X360 Convertible 14-ES1013<br \/>\nPart-Number:9R8R2UA#ABA<br \/>\nProcesador:Intel\u00ae Core\u2122 5<br \/>\nTipo de Procesador 120U(Gen 14) 1.4 GHz Turbo Boost 5.0 GHz, Cach\u00e9 12MB, 10 N\u00facleos<br \/>\nAlmacenamiento:512GB SSD<br \/>\nTipo de Almacenamiento:PCIe\u00ae NVMe\u2122 M.2<br \/>\nMemoria RAM:8GB<br \/>\nTipo de Memoria RAM:DDR4 3200MHz<br \/>\nTarjeta de Video:Intel\u00ae UHD<br \/>\nTipo de Tarjeta de Video:Integrado<br \/>\nPantalla:14&#8243; FHD (1920 x 1080) T\u00e1ctil<br \/>\nRed Inal\u00e1mbrica:WiFi 6 (2\u00d72)<br \/>\nRed Local:Bluetooth\u00ae 5.3<br \/>\nC\u00e1mara:720p HD<br \/>\nMicr\u00f3fono:2x, matriz<br \/>\nBater\u00eda:Iones de Litio de 3 Celdas y 43 Wh<br \/>\nAdaptador:CA de 65 W<br \/>\nPuertos:1 USB Type-C\u00ae con velocidad de se\u00f1alizaci\u00f3n de 10 Gbps (USB Power Delivery, DisplayPort\u2122 1.4, HP Sleep and Charge); 2 USB Type-A con velocidad de se\u00f1alizaci\u00f3n de 5 Gbps; 1 HDMI 2.1; 1 pin inteligente de CA; 1 combo de auriculares y micr\u00f3fono<br \/>\nSistema Operativo:Windows 11<br \/>\nTeclado:Ingles<br \/>\nChasis:Policarbonato<br \/>\nPeso:1.98 kg Aprox.<br \/>\nDimensiones:35.8 x 23 x 1.89 cm<br \/>\ncolor:Gris<br \/>\ncondici\u00f3n:Nuevo en Caja Sellado<\/p>\n","protected":false},"excerpt":{"rendered":"<p>&#8211;<\/p>\n","protected":false},"featured_media":23954,"template":"","meta":[],"pwb-brand":[],"product_brand":[],"product_cat":[29],"product_tag":[],"class_list":{"0":"post-23796","1":"product","2":"type-product","3":"status-publish","4":"has-post-thumbnail","6":"product_cat-29","8":"first","9":"outofstock","10":"taxable","11":"shipping-taxable","12":"purchasable","13":"product-type-simple"},"brands":[],"_links":{"self":[{"href":"https:\/\/tmp.compunegocios.com.pe\/index.php\/wp-json\/wp\/v2\/product\/23796","targetHints":{"allow":["GET"]}}],"collection":[{"href":"https:\/\/tmp.compunegocios.com.pe\/index.php\/wp-json\/wp\/v2\/product"}],"about":[{"href":"https:\/\/tmp.compunegocios.com.pe\/index.php\/wp-json\/wp\/v2\/types\/product"}],"wp:featuredmedia":[{"embeddable":true,"href":"https:\/\/tmp.compunegocios.com.pe\/index.php\/wp-json\/wp\/v2\/media\/23954"}],"wp:attachment":[{"href":"https:\/\/tmp.compunegocios.com.pe\/index.php\/wp-json\/wp\/v2\/media?parent=23796"}],"wp:term":[{"taxonomy":"pwb-brand","embeddable":true,"href":"https:\/\/tmp.compunegocios.com.pe\/index.php\/wp-json\/wp\/v2\/pwb-brand?post=23796"},{"taxonomy":"product_brand","embeddable":true,"href":"https:\/\/tmp.compunegocios.com.pe\/index.php\/wp-json\/wp\/v2\/product_brand?post=23796"},{"taxonomy":"product_cat","embeddable":true,"href":"https:\/\/tmp.compunegocios.com.pe\/index.php\/wp-json\/wp\/v2\/product_cat?post=23796"},{"taxonomy":"product_tag","embeddable":true,"href":"https:\/\/tmp.compunegocios.com.pe\/index.php\/wp-json\/wp\/v2\/product_tag?post=23796"}],"curies":[{"name":"wp","href":"https:\/\/api.w.org\/{rel}","templated":true}]}}