{"id":238,"date":"2023-11-11T12:21:27","date_gmt":"2023-11-11T12:21:27","guid":{"rendered":"http:\/\/compunegocios.com.pe\/index.php\/product\/impresora-multifuncional-hp-smart-tank-720-inalambrica\/"},"modified":"2025-09-08T16:27:43","modified_gmt":"2025-09-08T16:27:43","slug":"impresora-multifuncional-hp-smart-tank-720-inalambrica","status":"publish","type":"product","link":"https:\/\/tmp.compunegocios.com.pe\/index.php\/product\/impresora-multifuncional-hp-smart-tank-720-inalambrica\/","title":{"rendered":"IMPRESORA MULTIFUNCIONAL HP SMART TANK 720 INALAMBRICA"},"content":{"rendered":"<p>IMPRESORA MULTIFUNCIONAL HP SMART TANK 720 INALAMBRICA<br \/>\nImpresi\u00f3n doble cara: S\u00ed<br \/>\nN\u00famero de cartuchos de impresi\u00f3n: Usa 4 botellas de tinta: GT53 negro, GT52 Cian, GT52 amarillo y GT52 magenta<br \/>\nImpresi\u00f3n sin bordes: S\u00ed<br \/>\nIncluye cartuchos: S\u00ed<br \/>\nResoluci\u00f3n de impresi\u00f3n en negro (dpi): Negro (\u00f3ptima): Hasta 1200 x 1200 ppp<br \/>\nResoluci\u00f3n de impresi\u00f3n a colores (dpi): Color (\u00f3ptima): Hasta 4800 x 1200 ppp<br \/>\nVelocidad m\u00e1xima de impresi\u00f3n en negro (ipm): Hasta 15 ppm; Negro (borrador): Hasta 23 ppm<br \/>\nVelocidad m\u00e1xima de impresi\u00f3n a colores (ipm): Hasta 9 ppm<br \/>\nCapacidad de papel (hojas): 250<br \/>\nResoluci\u00f3n de esc\u00e1ner (dpi): Hardware: Hasta 1200 x 1200 ppp; \u00d3ptica: Hasta 1200 ppp<br \/>\nResoluci\u00f3n de la fotocopiadora (dpi): Negro (texto y gr\u00e1ficos): Hasta 600 ppp; Hasta 600 ppp; Color (texto y gr\u00e1ficos): Hasta 600 x 600 ppp<br \/>\nConexi\u00f3n inal\u00e1mbrica: Wi-Fi<br \/>\nCopias m\u00faltiples: S\u00ed<br \/>\nCompatibilidad: Windows \/ Mac OS<br \/>\nIncluye cable USB: No<br \/>\nTecnolog\u00eda de impresi\u00f3n: Inyecci\u00f3n de Tinta<\/p>\n","protected":false},"excerpt":{"rendered":"<p>&#8211;<\/p>\n","protected":false},"featured_media":568,"template":"","meta":[],"pwb-brand":[340],"product_brand":[],"product_cat":[205],"product_tag":[],"class_list":{"0":"post-238","1":"product","2":"type-product","3":"status-publish","4":"has-post-thumbnail","6":"pwb-brand-hp","7":"product_cat-205","9":"first","10":"instock","11":"taxable","12":"shipping-taxable","13":"purchasable","14":"product-type-simple"},"brands":[{"id":340,"name":"HP","slug":"hp"}],"_links":{"self":[{"href":"https:\/\/tmp.compunegocios.com.pe\/index.php\/wp-json\/wp\/v2\/product\/238","targetHints":{"allow":["GET"]}}],"collection":[{"href":"https:\/\/tmp.compunegocios.com.pe\/index.php\/wp-json\/wp\/v2\/product"}],"about":[{"href":"https:\/\/tmp.compunegocios.com.pe\/index.php\/wp-json\/wp\/v2\/types\/product"}],"wp:featuredmedia":[{"embeddable":true,"href":"https:\/\/tmp.compunegocios.com.pe\/index.php\/wp-json\/wp\/v2\/media\/568"}],"wp:attachment":[{"href":"https:\/\/tmp.compunegocios.com.pe\/index.php\/wp-json\/wp\/v2\/media?parent=238"}],"wp:term":[{"taxonomy":"pwb-brand","embeddable":true,"href":"https:\/\/tmp.compunegocios.com.pe\/index.php\/wp-json\/wp\/v2\/pwb-brand?post=238"},{"taxonomy":"product_brand","embeddable":true,"href":"https:\/\/tmp.compunegocios.com.pe\/index.php\/wp-json\/wp\/v2\/product_brand?post=238"},{"taxonomy":"product_cat","embeddable":true,"href":"https:\/\/tmp.compunegocios.com.pe\/index.php\/wp-json\/wp\/v2\/product_cat?post=238"},{"taxonomy":"product_tag","embeddable":true,"href":"https:\/\/tmp.compunegocios.com.pe\/index.php\/wp-json\/wp\/v2\/product_tag?post=238"}],"curies":[{"name":"wp","href":"https:\/\/api.w.org\/{rel}","templated":true}]}}