{"id":23868,"date":"2025-07-28T17:56:36","date_gmt":"2025-07-28T17:56:36","guid":{"rendered":"https:\/\/compunegocios.com.pe\/index.php\/product\/camara-de-seguridad-tapo-c320ws-tplink-4mpwifi-exterior\/"},"modified":"2025-08-19T16:39:00","modified_gmt":"2025-08-19T16:39:00","slug":"camara-de-seguridad-tapo-c320ws-tplink-4mpwifi-exterior","status":"publish","type":"product","link":"https:\/\/tmp.compunegocios.com.pe\/index.php\/product\/camara-de-seguridad-tapo-c320ws-tplink-4mpwifi-exterior\/","title":{"rendered":"CAMARA DE SEGURIDAD TAPO C320WS TPLINK 4MP,WIFI EXTERIOR"},"content":{"rendered":"<p>CAMARA DE SEGURIDAD TAPO C320WS TPLINK 4MP,WIFI EXTERIOR<br \/>\nC\u00c1MARA<br \/>\nSensor de Imagen\t1\/3\u201c<br \/>\nLente\tF\/NO: 1,61; Longitud focal: 3,18 mm<br \/>\nVisi\u00f3n nocturna\tLED IR de 850 nm hasta 98 \u200b\u200bpies (30 m)<br \/>\nEncendiendo\t2 \u00d7 focos incorporados<br \/>\nInterfaz y bot\u00f3n\t1\u00d7 Puerto Ethernet 1\u00d7 Bot\u00f3n RESET 1\u00d7 Ranura para tarjeta MicroSD (Hasta 512 GB)<br \/>\nResoluci\u00f3n\t4 megap\u00edxeles (2560 \u00d7 1440)<br \/>\nAUDIO VIDEO<br \/>\nResoluci\u00f3n M\u00e1xima\t2560 \u00d7 1440 p\u00edxeles<br \/>\nCuadros por segundo\t15 fps<br \/>\nZoom digital\t12\u00d7<br \/>\nCompresi\u00f3n de video\tH.264<br \/>\nVista en vivo\tS\u00ed<br \/>\nMejora de la imagen\t3DNR WDR<br \/>\nEntrada y salida de audio\tMicr\u00f3fono y altavoz incorporados<br \/>\nComunicaci\u00f3n de audio\tAudio bidireccional con cancelaci\u00f3n de ruido<br \/>\nVolumen de la sirena\t91 dB (nivel medido a una distancia de 10 cm\/4 pulgadas)<br \/>\nVIDEO<br \/>\nCuadros por segundo\t15 fps<br \/>\nV\u00eddeo transmitido en vivo\t4 MP<br \/>\nCompresi\u00f3n de Video\tH.264<br \/>\nDETECCI\u00d3N Y NOTIFICACIONES<br \/>\nDetecci\u00f3n de IA\tDetecci\u00f3n de movimiento<br \/>\n \tDetecci\u00f3n de personas<br \/>\n \tDetecci\u00f3n de intrusiones<br \/>\n \tDetecci\u00f3n de veh\u00edculos Detecci\u00f3n<br \/>\n \tde cruce de l\u00edneas Detecci\u00f3n<br \/>\n \tde manipulaci\u00f3n<br \/>\nZonas de actividad\tS\u00ed<br \/>\nNotificaci\u00f3n de salida\tNotificaci\u00f3n del sistema<br \/>\n \tNotificaci\u00f3n del sistema con instant\u00e1nea (Servicios de Tapo Care)<br \/>\nAUDIO<br \/>\nComunicaci\u00f3n de audio\taudio bidireccional<br \/>\nEntrada y salida de audio:\tMicr\u00f3fono y altavoz integrados<br \/>\nRED<br \/>\nConectividad de red\tCon\u00e9ctese a trav\u00e9s de Wi-Fi o Ethernet<br \/>\nConectividad inal\u00e1mbrica\tIEEE 802.11b\/g\/n, Wi-Fi de 2,4 GHz<br \/>\nTarifa inal\u00e1mbrica\t11Mbps(802.11b)<br \/>\n \t54Mbps(802.11g)<br \/>\n \t150Mbps(802.11n)<br \/>\nPuerto Ethernet\t1 puerto RJ45 de 10\/100 Mbps en la c\u00e1mara<br \/>\nSeguridad inal\u00e1mbrica\tWPA\/WPA2-PSK<br \/>\nRTSP\tS\u00ed<br \/>\nONVIF\tS\u00ed<br \/>\nSeguridad\tCifrado AES de 128 bits con SSL\/TLS<br \/>\nFrecuencia\t2,4 GHz<br \/>\nSEGURIDAD<br \/>\nSeguridad\tAprendizaje autom\u00e1tico en el dispositivo Cifrado<br \/>\n \tAES de 128 bits con SSL\/TLS<br \/>\n \tWPA\/WPA2-PSK<\/p>\n","protected":false},"excerpt":{"rendered":"<p>&#8211;<\/p>\n","protected":false},"featured_media":0,"template":"","meta":[],"pwb-brand":[],"product_brand":[],"product_cat":[235],"product_tag":[],"class_list":{"0":"post-23868","1":"product","2":"type-product","3":"status-publish","5":"product_cat-235","7":"first","8":"instock","9":"taxable","10":"shipping-taxable","11":"purchasable","12":"product-type-simple"},"brands":[],"_links":{"self":[{"href":"https:\/\/tmp.compunegocios.com.pe\/index.php\/wp-json\/wp\/v2\/product\/23868","targetHints":{"allow":["GET"]}}],"collection":[{"href":"https:\/\/tmp.compunegocios.com.pe\/index.php\/wp-json\/wp\/v2\/product"}],"about":[{"href":"https:\/\/tmp.compunegocios.com.pe\/index.php\/wp-json\/wp\/v2\/types\/product"}],"wp:attachment":[{"href":"https:\/\/tmp.compunegocios.com.pe\/index.php\/wp-json\/wp\/v2\/media?parent=23868"}],"wp:term":[{"taxonomy":"pwb-brand","embeddable":true,"href":"https:\/\/tmp.compunegocios.com.pe\/index.php\/wp-json\/wp\/v2\/pwb-brand?post=23868"},{"taxonomy":"product_brand","embeddable":true,"href":"https:\/\/tmp.compunegocios.com.pe\/index.php\/wp-json\/wp\/v2\/product_brand?post=23868"},{"taxonomy":"product_cat","embeddable":true,"href":"https:\/\/tmp.compunegocios.com.pe\/index.php\/wp-json\/wp\/v2\/product_cat?post=23868"},{"taxonomy":"product_tag","embeddable":true,"href":"https:\/\/tmp.compunegocios.com.pe\/index.php\/wp-json\/wp\/v2\/product_tag?post=23868"}],"curies":[{"name":"wp","href":"https:\/\/api.w.org\/{rel}","templated":true}]}}