{"id":23869,"date":"2025-07-28T17:56:40","date_gmt":"2025-07-28T17:56:40","guid":{"rendered":"https:\/\/compunegocios.com.pe\/index.php\/product\/camara-tp-link-tapo-c420s2-4mp-smart-wire-free-security-2\/"},"modified":"2025-09-02T15:47:14","modified_gmt":"2025-09-02T15:47:14","slug":"camara-tp-link-tapo-c420s2-4mp-smart-wire-free-security-2","status":"publish","type":"product","link":"https:\/\/tmp.compunegocios.com.pe\/index.php\/product\/camara-tp-link-tapo-c420s2-4mp-smart-wire-free-security-2\/","title":{"rendered":"C\u00c1MARA TP-LINK TAPO C420S2 4MP SMART WIRE-FREE SECURITY 2"},"content":{"rendered":"<p>C\u00c1MARA TP-LINK TAPO C420S2 4MP SMART WIRE-FREE SECURITY 2<br \/>\n2K QHD: ahora con 1,7 veces m\u00e1s p\u00edxeles que 1080p, lo que proporciona v\u00eddeos y fotos m\u00e1s claros.<br \/>\nDuraci\u00f3n de la bater\u00eda de 180 d\u00edas : la bater\u00eda recargable y extra\u00edble con un protocolo de bajo consumo extiende su uso. *<br \/>\nVisi\u00f3n nocturna a todo color: Revele detalles y colores de alta fidelidad durante la noche con el sensor de luz de estrellas.<br \/>\nDetecci\u00f3n y notificaci\u00f3n de IA inteligente : la IA inteligente identifica personas, mascotas y autom\u00f3viles y notifica a los usuarios seg\u00fan sea necesario.<br \/>\nColocaci\u00f3n sin cables: sin cables, significa que puede colocar las c\u00e1maras pr\u00e1cticamente en cualquier lugar, ya sea interior o exterior, \u00a1lo que sea mejor para usted!<br \/>\nAlarma de luz y sonido : activa el sonido y la luz como alarma cuando se detecta movimiento.<br \/>\nAudio bidireccional : permite la comunicaci\u00f3n a trav\u00e9s de un micr\u00f3fono y un altavoz integrados.<br \/>\nOpciones de almacenamiento flexibles: guarde los videos grabados en la tarjeta microSD instalada en el concentrador \u2020 (hasta 512 GB) o mediante los servicios de almacenamiento en la nube Tapo Care \u2021 .<br \/>\nResistente al agua y al polvo IP65 : ofrece un excelente rendimiento a prueba de agua y polvo para escenarios al aire libre.<\/p>\n","protected":false},"excerpt":{"rendered":"<p>&#8211;<\/p>\n","protected":false},"featured_media":0,"template":"","meta":[],"pwb-brand":[],"product_brand":[],"product_cat":[235],"product_tag":[],"class_list":{"0":"post-23869","1":"product","2":"type-product","3":"status-publish","5":"product_cat-235","7":"first","8":"instock","9":"taxable","10":"shipping-taxable","11":"purchasable","12":"product-type-simple"},"brands":[],"_links":{"self":[{"href":"https:\/\/tmp.compunegocios.com.pe\/index.php\/wp-json\/wp\/v2\/product\/23869","targetHints":{"allow":["GET"]}}],"collection":[{"href":"https:\/\/tmp.compunegocios.com.pe\/index.php\/wp-json\/wp\/v2\/product"}],"about":[{"href":"https:\/\/tmp.compunegocios.com.pe\/index.php\/wp-json\/wp\/v2\/types\/product"}],"wp:attachment":[{"href":"https:\/\/tmp.compunegocios.com.pe\/index.php\/wp-json\/wp\/v2\/media?parent=23869"}],"wp:term":[{"taxonomy":"pwb-brand","embeddable":true,"href":"https:\/\/tmp.compunegocios.com.pe\/index.php\/wp-json\/wp\/v2\/pwb-brand?post=23869"},{"taxonomy":"product_brand","embeddable":true,"href":"https:\/\/tmp.compunegocios.com.pe\/index.php\/wp-json\/wp\/v2\/product_brand?post=23869"},{"taxonomy":"product_cat","embeddable":true,"href":"https:\/\/tmp.compunegocios.com.pe\/index.php\/wp-json\/wp\/v2\/product_cat?post=23869"},{"taxonomy":"product_tag","embeddable":true,"href":"https:\/\/tmp.compunegocios.com.pe\/index.php\/wp-json\/wp\/v2\/product_tag?post=23869"}],"curies":[{"name":"wp","href":"https:\/\/api.w.org\/{rel}","templated":true}]}}