{"id":23870,"date":"2025-07-28T17:56:44","date_gmt":"2025-07-28T17:56:44","guid":{"rendered":"https:\/\/compunegocios.com.pe\/index.php\/product\/camara-de-seguridad-tapo-c520ws-tplink-wifi-exterior-360-2k\/"},"modified":"2025-08-19T16:39:01","modified_gmt":"2025-08-19T16:39:01","slug":"camara-de-seguridad-tapo-c520ws-tplink-wifi-exterior-360-2k","status":"publish","type":"product","link":"https:\/\/tmp.compunegocios.com.pe\/index.php\/product\/camara-de-seguridad-tapo-c520ws-tplink-wifi-exterior-360-2k\/","title":{"rendered":"CAMARA DE SEGURIDAD TAPO C520WS TPLINK WIFI EXTERIOR 360\u00b0 2K"},"content":{"rendered":"<p>CAMARA DE SEGURIDAD TAPO C520WS TPLINK WIFI EXTERIOR 360\u00b0 2K<br \/>\nC\u00c1MARA<br \/>\nSensor de Imagen\tCMOS de 1\/3\u00bb<br \/>\nPrimavera\tF\/NO: 1,61\u00b110%; Longitud focal: 3,18 mm \u00b1 5%<br \/>\nRango de movimiento\tRango mec\u00e1nico de giro: 340\u00b0 (cobertura de giro de 360\u00b0)<br \/>\nRango mec\u00e1nico de inclinaci\u00f3n: 60\u00b0 (cobertura de inclinaci\u00f3n de 130\u00b0)<br \/>\nVisi\u00f3n nocturna\tLED IR de 850 nm (hasta 98 \u200b\u200bpies), visi\u00f3n nocturna en color Starlight<br \/>\nIluminaci\u00f3n\t2 \u00d7 focos incorporados<br \/>\nInterfaz y bot\u00f3n\t1\u00d7 Puerto Ethernet<br \/>\n1\u00d7 Bot\u00f3n RESET<br \/>\n1\u00d7 Ranura para tarjeta MicroSD (hasta 512 GB)<br \/>\nClasificaci\u00f3n resistente a la intemperie\tIP66<br \/>\nRango de vista\t360\u00b0 horizontales y 130\u00b0 verticales<br \/>\nResoluci\u00f3n\t2K QHD 4MP (2560 \u00d7 1440 p\u00edxeles)<br \/>\nAUDIO VIDEO<br \/>\nResoluci\u00f3n M\u00e1xima\t2K QHD 4MP (2560 \u00d7 1440 p\u00edxeles)<br \/>\nCuadros por segundo\t15\/20\/25\/30 fps (predeterminado 15 fps)<br \/>\nZoom digital\t12x<br \/>\nCompresi\u00f3n de video\tH.264<br \/>\nVista en vivo\tS\u00ed<br \/>\nMejora de la imagen\t3DNR<br \/>\nWDR<br \/>\nEntrada y salida de audio\tMicr\u00f3fono y altavoz incorporados<br \/>\nComunicaci\u00f3n de audio\tAudio bidireccional con cancelaci\u00f3n de ruido<br \/>\nVolumen de la sirena\t93 dB (nivel medido a una distancia de 10 cm\/4 pulgadas)<br \/>\nALMACENAMIENTO<br \/>\nAlmacenamiento local\tRanura para tarjeta MicroSD en la c\u00e1mara (hasta 512 GB)<br \/>\nInformaci\u00f3n general sobre el uso de tarjetas MicroSD &gt;<br \/>\nAlmacenamiento en la nube\tServicios de almacenamiento en la nube de Tapo Care (se requiere suscripci\u00f3n)<br \/>\nVIDEO<br \/>\nCuadros por segundo\tHasta 25\/30 fps<br \/>\nV\u00eddeo transmitido en vivo\t2K QHD<br \/>\nCompresi\u00f3n de Video\tH.264<br \/>\nDETECCI\u00d3N Y NOTIFICACIONES<br \/>\nDetecci\u00f3n de IA<br \/>\nDetecci\u00f3n de movimiento<br \/>\nDetecci\u00f3n de personas<br \/>\nDetecci\u00f3n de mascotas<br \/>\nDetecci\u00f3n de veh\u00edculos Detecci\u00f3n<br \/>\nde cruce de l\u00edneas<br \/>\nDetecci\u00f3n de manipulaci\u00f3n<\/p>\n<p>Zonas de actividad\tS\u00ed<br \/>\nNotificaci\u00f3n de salida\tNotificaci\u00f3n del sistema<br \/>\nNotificaci\u00f3n del sistema con instant\u00e1nea (Servicios de Tapo Care)<br \/>\nAUDIO<br \/>\nComunicaci\u00f3n de audio\tBidireccional<br \/>\nEntrada y salida de audio:\tMicr\u00f3fono y altavoz incorporados<br \/>\nRED<br \/>\nConectividad de red\tCon\u00e9ctese a trav\u00e9s de Wi-Fi o Ethernet<br \/>\nConectividad inal\u00e1mbrica\tIEEE 802.11b\/g\/n, Wi-Fi de 2,4 GHz<br \/>\nProtocolo\tTCP\/IP, ICMP, DNS, HTTPS, TCP, UDP<br \/>\nPuerto Ethernet\t1 puerto RJ45 de 10\/100 Mbps en la c\u00e1mara<br \/>\nSeguridad inal\u00e1mbrica\tWPA\/WPA2-PSK<br \/>\nRTSP\tS\u00ed<br \/>\nONVIF\tS\u00ed<br \/>\nEst\u00e1ndares y Protocolos\tIEEE 802.11b\/g\/n<br \/>\nSeguridad\tCifrado AES de 128 bits con SSL\/TLS<br \/>\nFrecuencia\t2,4 GHz<br \/>\nSEGURIDAD<br \/>\nSeguridad\tAprendizaje autom\u00e1tico en el dispositivo Cifrado<br \/>\nAES de 128 bits con SSL\/TLS<br \/>\nWPA\/WPA2-PSK<br \/>\nALIMENTACI\u00d3N<br \/>\nFuente de alimentaci\u00f3n\tAdaptador de corriente CC de 9 V<br \/>\nVoltaje de entrada\t100-240 V, 50\/60 Hz<br \/>\nTensi\u00f3n de salida\t9 V, 0,85 A (alimentaci\u00f3n CC)<br \/>\nGENERAL<br \/>\nIntegraci\u00f3n inteligente\tAsistente de Google, Amazon Alexa<br \/>\nResistencia al clima\tIP66<br \/>\nRequisitos del sistema\tAplicaci\u00f3n Tapo: iOS 9.0 o superior, Andriod 4.4 o superior<br \/>\nOpciones de montaje\tMontado en el techo<br \/>\nMontado en la<br \/>\npared Montado en poste (se requieren bucles de montaje en poste, pero no incluidos)<br \/>\nTemperatura de Funcionamiento\t-30 \u2103 ~ 60 \u2103<br \/>\nTemperatura de almacenamiento\t-40 \u2103 ~ 60 \u2103<br \/>\nHumedad de funcionamiento\t10%~90% HR, sin condensaci\u00f3n<br \/>\nHumedad de almacenamiento\t0~90% HR, si<\/p>\n","protected":false},"excerpt":{"rendered":"<p>&#8211;<\/p>\n","protected":false},"featured_media":0,"template":"","meta":[],"pwb-brand":[],"product_brand":[],"product_cat":[235],"product_tag":[],"class_list":{"0":"post-23870","1":"product","2":"type-product","3":"status-publish","5":"product_cat-235","7":"first","8":"instock","9":"taxable","10":"shipping-taxable","11":"purchasable","12":"product-type-simple"},"brands":[],"_links":{"self":[{"href":"https:\/\/tmp.compunegocios.com.pe\/index.php\/wp-json\/wp\/v2\/product\/23870","targetHints":{"allow":["GET"]}}],"collection":[{"href":"https:\/\/tmp.compunegocios.com.pe\/index.php\/wp-json\/wp\/v2\/product"}],"about":[{"href":"https:\/\/tmp.compunegocios.com.pe\/index.php\/wp-json\/wp\/v2\/types\/product"}],"wp:attachment":[{"href":"https:\/\/tmp.compunegocios.com.pe\/index.php\/wp-json\/wp\/v2\/media?parent=23870"}],"wp:term":[{"taxonomy":"pwb-brand","embeddable":true,"href":"https:\/\/tmp.compunegocios.com.pe\/index.php\/wp-json\/wp\/v2\/pwb-brand?post=23870"},{"taxonomy":"product_brand","embeddable":true,"href":"https:\/\/tmp.compunegocios.com.pe\/index.php\/wp-json\/wp\/v2\/product_brand?post=23870"},{"taxonomy":"product_cat","embeddable":true,"href":"https:\/\/tmp.compunegocios.com.pe\/index.php\/wp-json\/wp\/v2\/product_cat?post=23870"},{"taxonomy":"product_tag","embeddable":true,"href":"https:\/\/tmp.compunegocios.com.pe\/index.php\/wp-json\/wp\/v2\/product_tag?post=23870"}],"curies":[{"name":"wp","href":"https:\/\/api.w.org\/{rel}","templated":true}]}}