{"id":23871,"date":"2025-07-28T17:56:48","date_gmt":"2025-07-28T17:56:48","guid":{"rendered":"https:\/\/compunegocios.com.pe\/index.php\/product\/camara-de-seguridad-tapo-c325wb-tplink-wifi-outdoor-2k-qhd-exterior\/"},"modified":"2025-08-19T16:39:02","modified_gmt":"2025-08-19T16:39:02","slug":"camara-de-seguridad-tapo-c325wb-tplink-wifi-outdoor-2k-qhd-exterior","status":"publish","type":"product","link":"https:\/\/tmp.compunegocios.com.pe\/index.php\/product\/camara-de-seguridad-tapo-c325wb-tplink-wifi-outdoor-2k-qhd-exterior\/","title":{"rendered":"CAMARA DE SEGURIDAD TAPO C325WB TPLINK WIFI OUTDOOR 2K QHD EXTERIOR"},"content":{"rendered":"<p>CAMARA DE SEGURIDAD TAPO C325WB TPLINK WIFI OUTDOOR 2K QHD EXTERIOR<br \/>\nC\u00c1MARA<br \/>\nSensor de Imagen\tCMOS de escaneo progresivo de 1\/1,79&#8243;<br \/>\nPrimavera\tF\/NO: 1,0 \u00b1 5 %; Longitud focal: 4,58 mm \u00b1 5 %<br \/>\nVisi\u00f3n nocturna\tVisi\u00f3n nocturna ColorPro<br \/>\nIluminaci\u00f3n m\u00ednima\tColor: 0,0005 Lux, 0 Lux con focos<br \/>\nIluminaci\u00f3n\t2 focos incorporados<br \/>\nInterfaz y bot\u00f3n\t1\u00d7 Puerto Ethernet<br \/>\n1\u00d7 Bot\u00f3n RESET<br \/>\n1\u00d7 Ranura para tarjeta MicroSD (hasta 512 GB)<br \/>\nClasificaci\u00f3n resistente a la intemperie\tIP66<br \/>\n\u00c1ngulo de visi\u00f3n\t127\u00b0 Diagonal<br \/>\nResoluci\u00f3n\t2K QHD de 4 MP<br \/>\nAUDIO VIDEO<br \/>\nResoluci\u00f3n M\u00e1xima\t2688 \u00d7 1520 p\u00edxeles<br \/>\nCuadros por segundo\t20 fps<br \/>\nZoom digital\t12,67\u00d7<br \/>\nCompresi\u00f3n de video\tH.264<br \/>\nVista en vivo\tS\u00ed<br \/>\nMejora de la imagen\t3DNR<br \/>\nWDR<br \/>\nHDR<br \/>\nEntrada y salida de audio\tMicr\u00f3fono y altavoz integrados<br \/>\nComunicaci\u00f3n de audio\tAudio bidireccional con cancelaci\u00f3n de ruido<br \/>\nVolumen de la sirena\t97 dB (nivel medido a una distancia de 4 pulgadas\/10 cm)<br \/>\nALMACENAMIENTO<br \/>\nAlmacenamiento local\tRanura para tarjeta MicroSD en la c\u00e1mara (hasta 512 GB)<br \/>\nInformaci\u00f3n general sobre el uso de tarjetas MicroSD &gt;<br \/>\nAlmacenamiento en la nube\tServicios de almacenamiento en la nube de Tapo Care (se requiere suscripci\u00f3n)<br \/>\nDETECCI\u00d3N Y NOTIFICACIONES<br \/>\nDetecci\u00f3n de IA\tDetecci\u00f3n de movimiento<br \/>\nDetecci\u00f3n de personas<br \/>\nDetecci\u00f3n de mascotas<br \/>\nDetecci\u00f3n de veh\u00edculos Detecci\u00f3n<br \/>\nde cruce de l\u00ednea Detecci\u00f3n<br \/>\nde manipulaci\u00f3n<br \/>\nZonas de actividad\tS\u00ed<br \/>\nNotificaci\u00f3n de salida\tNotificaci\u00f3n del sistema<br \/>\nNotificaci\u00f3n del sistema con instant\u00e1neas (Servicios Tapo Care)<br \/>\nAUDIO<br \/>\nComunicaci\u00f3n de audio\tAudio bidireccional<br \/>\nRED<br \/>\nConectividad de red\tConectarse a trav\u00e9s de Wi-Fi o Ethernet<br \/>\nConectividad inal\u00e1mbrica\tIEEE 802.11b\/g\/n, Wi-Fi de 2,4 GHz<br \/>\nPuerto Ethernet\t1 puerto RJ45 de 10\/100 Mbps en la c\u00e1mara<br \/>\nRTP\tS\u00ed<br \/>\nONVIF\tS\u00ed<br \/>\nEst\u00e1ndares y Protocolos\tIEEE 802.11b\/g\/n, 2,4 GHz<br \/>\nFrecuencia\t2,4 GHz<br \/>\nSEGURIDAD<br \/>\nSeguridad\tAprendizaje autom\u00e1tico en el dispositivo Cifrado<br \/>\nAES de 128 bits con SSL\/TLS<br \/>\nWPA\/WPA2-PSK<br \/>\nALIMENTACI\u00d3N<br \/>\nFuente de alimentaci\u00f3n\tAdaptador de corriente CC de 9 V<br \/>\nVoltaje de entrada\t100-240 V, 50\/60 Hz<br \/>\nTensi\u00f3n de salida\t9 V, 0,6 A (corriente continua)<br \/>\nGENERAL<br \/>\nIntegraci\u00f3n inteligente\tAsistente de Google, Amazon Alexa<br \/>\nResistencia al clima\tIP66\u3000<br \/>\nRequisitos del sistema\tAplicaci\u00f3n Tapo: iOS 9.0 o superior, Android 4.4 o superior<br \/>\nOpciones de montaje\tMontado en la pared<br \/>\nTemperatura de Funcionamiento\t-20\u2103~45\u2103<br \/>\nTemperatura de almacenamiento\t-20\u2103~70\u2103<br \/>\nHumedad de funcionamiento\t10%~90% HR, sin condensaci\u00f3n<br \/>\nHumedad de almacenamiento\t0~90 % HR, sin condensaci\u00f3n<br \/>\nDimensiones\t5,85 \u00d7 4,09 \u00d7 2,78 pulgadas (148,7 \u00d7 104 \u00d7 70,6 mm)<br \/>\nContenidos del Paquete<br \/>\nAdaptador de corriente Tapo C325WB<br \/>\nSello impermeable<br \/>\nAnclajes de montaje<br \/>\nTornillos de montaje Plantilla<br \/>\nde montaje<br \/>\nAccesorios de cable impermeables<br \/>\nGu\u00eda de inicio r\u00e1pido<br \/>\nDimensiones (W X D X H)\t5,85 x 5,43 x 3,56 pulgadas (148,7 x 137,9 x 90,4 mm)<br \/>\nCertificaciones\tCE, FCC, RoHS, RCM<br \/>\nAMBIENTE<br \/>\nTemperatura en Funcionamiento\t-20\u2103~45\u2103(-4\u00b0F~113\u00b0F)<br \/>\nTemperatura en Almacenamiento\t-40 \u2103 ~ 60 \u2103 (-40 \u00b0F ~ 140 \u00b0F)<br \/>\nHumedad en Funcionamiento\t10%~90% HR, sin condensaci\u00f3n<br \/>\nHume<\/p>\n","protected":false},"excerpt":{"rendered":"<p>&#8211;<\/p>\n","protected":false},"featured_media":0,"template":"","meta":[],"pwb-brand":[],"product_brand":[],"product_cat":[235],"product_tag":[],"class_list":{"0":"post-23871","1":"product","2":"type-product","3":"status-publish","5":"product_cat-235","7":"first","8":"instock","9":"taxable","10":"shipping-taxable","11":"purchasable","12":"product-type-simple"},"brands":[],"_links":{"self":[{"href":"https:\/\/tmp.compunegocios.com.pe\/index.php\/wp-json\/wp\/v2\/product\/23871","targetHints":{"allow":["GET"]}}],"collection":[{"href":"https:\/\/tmp.compunegocios.com.pe\/index.php\/wp-json\/wp\/v2\/product"}],"about":[{"href":"https:\/\/tmp.compunegocios.com.pe\/index.php\/wp-json\/wp\/v2\/types\/product"}],"wp:attachment":[{"href":"https:\/\/tmp.compunegocios.com.pe\/index.php\/wp-json\/wp\/v2\/media?parent=23871"}],"wp:term":[{"taxonomy":"pwb-brand","embeddable":true,"href":"https:\/\/tmp.compunegocios.com.pe\/index.php\/wp-json\/wp\/v2\/pwb-brand?post=23871"},{"taxonomy":"product_brand","embeddable":true,"href":"https:\/\/tmp.compunegocios.com.pe\/index.php\/wp-json\/wp\/v2\/product_brand?post=23871"},{"taxonomy":"product_cat","embeddable":true,"href":"https:\/\/tmp.compunegocios.com.pe\/index.php\/wp-json\/wp\/v2\/product_cat?post=23871"},{"taxonomy":"product_tag","embeddable":true,"href":"https:\/\/tmp.compunegocios.com.pe\/index.php\/wp-json\/wp\/v2\/product_tag?post=23871"}],"curies":[{"name":"wp","href":"https:\/\/api.w.org\/{rel}","templated":true}]}}