{"id":23872,"date":"2025-07-28T17:56:52","date_gmt":"2025-07-28T17:56:52","guid":{"rendered":"https:\/\/compunegocios.com.pe\/index.php\/product\/camara-seguridad-tp-link-tapo-c222-vigilancia-2k-comunicacion-2vias-detecta-llanto\/"},"modified":"2025-08-19T16:39:03","modified_gmt":"2025-08-19T16:39:03","slug":"camara-seguridad-tp-link-tapo-c222-vigilancia-2k-comunicacion-2vias-detecta-llanto","status":"publish","type":"product","link":"https:\/\/tmp.compunegocios.com.pe\/index.php\/product\/camara-seguridad-tp-link-tapo-c222-vigilancia-2k-comunicacion-2vias-detecta-llanto\/","title":{"rendered":"C\u00c1MARA SEGURIDAD TP-LINK TAPO C222 VIGILANCIA 2K COMUNICACI\u00d3N 2V\u00cdAS DETECTA LLANTO"},"content":{"rendered":"<p>C\u00c1MARA SEGURIDAD TP-LINK TAPO C222 VIGILANCIA 2K COMUNICACI\u00d3N 2V\u00cdAS<br \/>\nMarca\tTP-LINK<br \/>\nalto empaque\t17<br \/>\nancho empaque\t17<br \/>\nlargo empaque\t10<br \/>\nPeso (kg)\t0.9<br \/>\nTipo de producto\tC\u00e1maras Seguridad<br \/>\nModelo\tTAPO C222 (64GB)\/B138<br \/>\nDistancia m\u00e1xima (m)\t12M IR<br \/>\nVisi\u00f3n nocturna\tS\u00ed<br \/>\nGrabaci\u00f3n a color\tS\u00ed<br \/>\nConectividad\tWifi<br \/>\nAdministraci\u00f3n v\u00eda smartphone\tS\u00ed<br \/>\nCompatibilidad\tAndroid, iPhone y Pc<br \/>\nFunciones\tDetecci\u00f3n de movimiento, personas, mascotas.<br \/>\nResistente al agua\tNo<br \/>\nInstrucciones uso\tINSTALAR PERSONAL CAPACITADO<br \/>\nAdvertencia de uso\tLEER LAS INDICACIONES Y CARACTER\u00cdSTICAS<br \/>\nCantidad de piezas (nro)\t1<br \/>\nAlto (cm)\t17<br \/>\nAncho (cm)\t17<br \/>\nLargo (cm)\t10<\/p>\n","protected":false},"excerpt":{"rendered":"<p>&#8211;<\/p>\n","protected":false},"featured_media":0,"template":"","meta":[],"pwb-brand":[],"product_brand":[],"product_cat":[235],"product_tag":[],"class_list":{"0":"post-23872","1":"product","2":"type-product","3":"status-publish","5":"product_cat-235","7":"first","8":"instock","9":"taxable","10":"shipping-taxable","11":"purchasable","12":"product-type-simple"},"brands":[],"_links":{"self":[{"href":"https:\/\/tmp.compunegocios.com.pe\/index.php\/wp-json\/wp\/v2\/product\/23872","targetHints":{"allow":["GET"]}}],"collection":[{"href":"https:\/\/tmp.compunegocios.com.pe\/index.php\/wp-json\/wp\/v2\/product"}],"about":[{"href":"https:\/\/tmp.compunegocios.com.pe\/index.php\/wp-json\/wp\/v2\/types\/product"}],"wp:attachment":[{"href":"https:\/\/tmp.compunegocios.com.pe\/index.php\/wp-json\/wp\/v2\/media?parent=23872"}],"wp:term":[{"taxonomy":"pwb-brand","embeddable":true,"href":"https:\/\/tmp.compunegocios.com.pe\/index.php\/wp-json\/wp\/v2\/pwb-brand?post=23872"},{"taxonomy":"product_brand","embeddable":true,"href":"https:\/\/tmp.compunegocios.com.pe\/index.php\/wp-json\/wp\/v2\/product_brand?post=23872"},{"taxonomy":"product_cat","embeddable":true,"href":"https:\/\/tmp.compunegocios.com.pe\/index.php\/wp-json\/wp\/v2\/product_cat?post=23872"},{"taxonomy":"product_tag","embeddable":true,"href":"https:\/\/tmp.compunegocios.com.pe\/index.php\/wp-json\/wp\/v2\/product_tag?post=23872"}],"curies":[{"name":"wp","href":"https:\/\/api.w.org\/{rel}","templated":true}]}}