{"id":24034,"date":"2025-08-02T21:19:01","date_gmt":"2025-08-02T21:19:01","guid":{"rendered":"https:\/\/compunegocios.com.pe\/index.php\/product\/nb-laptop-hp-255-g10-amd-ryzen-3-7320u-lpddr4-8gb-ssd256gb-15-6%e2%80%b3-free\/"},"modified":"2025-10-14T21:25:46","modified_gmt":"2025-10-14T21:25:46","slug":"nb-laptop-hp-255-g10-amd-ryzen-3-7320u-lpddr4-8gb-ssd256gb-15-6%e2%80%b3-free","status":"publish","type":"product","link":"https:\/\/tmp.compunegocios.com.pe\/index.php\/product\/nb-laptop-hp-255-g10-amd-ryzen-3-7320u-lpddr4-8gb-ssd256gb-15-6%e2%80%b3-free\/","title":{"rendered":"NB LAPTOP HP 255 G10 AMD RYZEN 3 7320U LPDDR4 8GB\/SSD256GB\/15.6PULG \/FREE"},"content":{"rendered":"<p>MARCA\tHP<br \/>\nMODELO\t255 G10<br \/>\nPART NUMBER\tA9BS1LT<br \/>\nPROCESADOR\tAMD Ryzen 3 7320U (aumento m\u00e1ximo del reloj hasta 4.1 GHz, 4MB de cach\u00e9 L3, 4 n\u00facleos, 8 subprocesos)<br \/>\nMEMORIA\tCAPACIDAD\t8GB<br \/>\nTIPO\tDDR4 3200 MHz<br \/>\nALMACENAMIENTO\tCAPACIDAD\t256GB<br \/>\nTIPO\tSSD PCIe NVMe<br \/>\nPANTALLA\t15.6&#8243; HD (1366 x 768), 250 nits y 45% NTSC, con bisel angosto, Antirreflectante<br \/>\nTARJETA DE VIDEO\tMARCA\tAMD<br \/>\nCHIPSET\tGr\u00e1ficos Radeon<br \/>\nCONECTIVIDAD\tWLAN\tWi-Fi 6 RTL8852BE (2&#215;2)<br \/>\nBLUETOOTH\t5.3<br \/>\nSONIDO\tPARLANTES\tAltavoces<br \/>\nPUERTOS\tCombo Audio\/Micr\u00f3fono\tS\u00ed<br \/>\nINCORPORA\tWEBCAM\tS\u00ed<br \/>\nTOUCHPAD\tS\u00ed<br \/>\nPUERTOS\tUSB TIPO-C\t1<br \/>\nUSB TIPO-A\t2<br \/>\nHDMI\t1<br \/>\nBATERIA\tTIPO BATERIA\tIones de litio 3 celdas<br \/>\nCAPACIDAD\t41 Wh<br \/>\nDIMENSIONES\tLARGO\t23.6 cm<br \/>\nANCHO\t36 cm<br \/>\nALTO\t1.86 cm<br \/>\nPESO\t1.52 Kg<br \/>\nSISTEMA OPERATIVO\tFreeDos, No incluye sistema operativo<br \/>\nGARANTIA\t12 meses<\/p>\n","protected":false},"excerpt":{"rendered":"<p>&#8211;<\/p>\n","protected":false},"featured_media":0,"template":"","meta":[],"pwb-brand":[],"product_brand":[],"product_cat":[24],"product_tag":[],"class_list":{"0":"post-24034","1":"product","2":"type-product","3":"status-publish","5":"product_cat-24","7":"first","8":"instock","9":"taxable","10":"shipping-taxable","11":"purchasable","12":"product-type-simple"},"brands":[],"_links":{"self":[{"href":"https:\/\/tmp.compunegocios.com.pe\/index.php\/wp-json\/wp\/v2\/product\/24034","targetHints":{"allow":["GET"]}}],"collection":[{"href":"https:\/\/tmp.compunegocios.com.pe\/index.php\/wp-json\/wp\/v2\/product"}],"about":[{"href":"https:\/\/tmp.compunegocios.com.pe\/index.php\/wp-json\/wp\/v2\/types\/product"}],"wp:attachment":[{"href":"https:\/\/tmp.compunegocios.com.pe\/index.php\/wp-json\/wp\/v2\/media?parent=24034"}],"wp:term":[{"taxonomy":"pwb-brand","embeddable":true,"href":"https:\/\/tmp.compunegocios.com.pe\/index.php\/wp-json\/wp\/v2\/pwb-brand?post=24034"},{"taxonomy":"product_brand","embeddable":true,"href":"https:\/\/tmp.compunegocios.com.pe\/index.php\/wp-json\/wp\/v2\/product_brand?post=24034"},{"taxonomy":"product_cat","embeddable":true,"href":"https:\/\/tmp.compunegocios.com.pe\/index.php\/wp-json\/wp\/v2\/product_cat?post=24034"},{"taxonomy":"product_tag","embeddable":true,"href":"https:\/\/tmp.compunegocios.com.pe\/index.php\/wp-json\/wp\/v2\/product_tag?post=24034"}],"curies":[{"name":"wp","href":"https:\/\/api.w.org\/{rel}","templated":true}]}}