{"id":242,"date":"2023-11-11T12:21:34","date_gmt":"2023-11-11T12:21:34","guid":{"rendered":"http:\/\/compunegocios.com.pe\/index.php\/product\/laptop-lenovo-idepad-5-14itl05-14-core-i7-1165g7-ssd-512gb-8gb-ddr4\/"},"modified":"2025-08-19T17:03:18","modified_gmt":"2025-08-19T17:03:18","slug":"laptop-lenovo-idepad-5-14itl05-14-core-i7-1165g7-ssd-512gb-8gb-ddr4","status":"publish","type":"product","link":"https:\/\/tmp.compunegocios.com.pe\/index.php\/product\/laptop-lenovo-idepad-5-14itl05-14-core-i7-1165g7-ssd-512gb-8gb-ddr4\/","title":{"rendered":"LAPTOP LENOVO IDEPAD 5 14ITL05 14&#8243; Core i7-1165G7 SSD 512GB 8GB DDR4"},"content":{"rendered":"<p>Notebook Lenovo IdeaPad 5 14ITL05 14&#8243; FHD Intel Core i7-1165G7 SSD 512GB 8GB DDR4 Windows 11 Home<\/p>\n<p>Pantalla 14\u201d FullHD TN 1920 x 1080, microbordes, antireflejo<br \/>\nProcesador Intel Core i7 -1165G7, Quad core 2.8 hasta 4.2 Ghz, cache 8MB<br \/>\nVideo Intel Iris Xe Graphics<br \/>\nMemoria RAM 8 GB DDR4 3200 MHz<br \/>\nDisco Duro 512 GB SSD M.2 PCIe NVMe<br \/>\nC\u00e1mara HD 720p con obturador<br \/>\nPuertos: 2 USB 3.2, 1 USB-C, Lector de tarjetas SD, 1 HDMI, 1 Audio\/mic<br \/>\nConectividad 802.11ac 2&#215;2 Wi-Fi + Bluetooth 5.1<br \/>\nParlantes Stereo con Dolby Audio<br \/>\nBater\u00eda de pol\u00edmero de litio 3 celdas, duraci\u00f3n aprox. 11 horas<br \/>\nTeclado Espa\u00f1ol y touch mouse<br \/>\nSistema operativo Windows 11 Home SL 64 bits Espa\u00f1ol<br \/>\nMetal, color azul<\/p>\n","protected":false},"excerpt":{"rendered":"<p>&#8211;<\/p>\n","protected":false},"featured_media":554,"template":"","meta":[],"pwb-brand":[338,341],"product_brand":[],"product_cat":[22],"product_tag":[],"class_list":{"0":"post-242","1":"product","2":"type-product","3":"status-publish","4":"has-post-thumbnail","6":"pwb-brand-intel","7":"pwb-brand-lenovo","8":"product_cat-22","10":"first","11":"outofstock","12":"taxable","13":"shipping-taxable","14":"purchasable","15":"product-type-simple"},"brands":[{"id":338,"name":"Intel","slug":"intel"},{"id":341,"name":"Lenovo","slug":"lenovo"}],"_links":{"self":[{"href":"https:\/\/tmp.compunegocios.com.pe\/index.php\/wp-json\/wp\/v2\/product\/242","targetHints":{"allow":["GET"]}}],"collection":[{"href":"https:\/\/tmp.compunegocios.com.pe\/index.php\/wp-json\/wp\/v2\/product"}],"about":[{"href":"https:\/\/tmp.compunegocios.com.pe\/index.php\/wp-json\/wp\/v2\/types\/product"}],"wp:featuredmedia":[{"embeddable":true,"href":"https:\/\/tmp.compunegocios.com.pe\/index.php\/wp-json\/wp\/v2\/media\/554"}],"wp:attachment":[{"href":"https:\/\/tmp.compunegocios.com.pe\/index.php\/wp-json\/wp\/v2\/media?parent=242"}],"wp:term":[{"taxonomy":"pwb-brand","embeddable":true,"href":"https:\/\/tmp.compunegocios.com.pe\/index.php\/wp-json\/wp\/v2\/pwb-brand?post=242"},{"taxonomy":"product_brand","embeddable":true,"href":"https:\/\/tmp.compunegocios.com.pe\/index.php\/wp-json\/wp\/v2\/product_brand?post=242"},{"taxonomy":"product_cat","embeddable":true,"href":"https:\/\/tmp.compunegocios.com.pe\/index.php\/wp-json\/wp\/v2\/product_cat?post=242"},{"taxonomy":"product_tag","embeddable":true,"href":"https:\/\/tmp.compunegocios.com.pe\/index.php\/wp-json\/wp\/v2\/product_tag?post=242"}],"curies":[{"name":"wp","href":"https:\/\/api.w.org\/{rel}","templated":true}]}}