{"id":246,"date":"2023-11-11T12:21:41","date_gmt":"2023-11-11T12:21:41","guid":{"rendered":"http:\/\/compunegocios.com.pe\/index.php\/product\/impresora-multifuncional-hp-smart-tank-750-inalambrica\/"},"modified":"2025-09-02T18:32:07","modified_gmt":"2025-09-02T18:32:07","slug":"impresora-multifuncional-hp-smart-tank-750-inalambrica","status":"publish","type":"product","link":"https:\/\/tmp.compunegocios.com.pe\/index.php\/product\/impresora-multifuncional-hp-smart-tank-750-inalambrica\/","title":{"rendered":"IMPRESORA MULTIFUNCIONAL HP SMART TANK 750 INALAMBRICA"},"content":{"rendered":"<p>IMPRESORA MULTIFUNCIONAL HP SMART TANK 750 INALAMBRICA<br \/>\nFunciones: Impresi\u00f3n, escaneo, copiado, ADF y conexi\u00f3n inal\u00e1mbrica<br \/>\nImpresi\u00f3n doble cara: S\u00ed<br \/>\nCantidad puertos USB: 0<br \/>\nVelocidad m\u00e1xima de impresi\u00f3n en negro (ipm): Hasta 15 ppm; Negro (borrador): Hasta 23 ppm<br \/>\nVelocidad m\u00e1xima de impresi\u00f3n a colores (ipm): Hasta 9 ppm<br \/>\nCapacidad de entrada: 250 hojas<br \/>\ncapacidad de salida: 100 hojas<br \/>\nConexi\u00f3n estandar: USB 2.0 de alta velocidad, Wi-Fi, Bluetooth LE, LAN ethernet<br \/>\nCopias m\u00faltiples: S\u00ed<br \/>\nCompatibilidad: Windows \/ Mac OS<br \/>\nN\u00famero de cartuchos de impresi\u00f3n: Usa 4 botellas de tinta: GT53 negro, GT52 Cian, GT52 amarillo y GT52 magenta<br \/>\nImpresi\u00f3n sin bordes: S\u00ed<br \/>\nIncluye cable USB: No<\/p>\n","protected":false},"excerpt":{"rendered":"<p>&#8211;<\/p>\n","protected":false},"featured_media":537,"template":"","meta":[],"pwb-brand":[340],"product_brand":[],"product_cat":[205],"product_tag":[],"class_list":{"0":"post-246","1":"product","2":"type-product","3":"status-publish","4":"has-post-thumbnail","6":"pwb-brand-hp","7":"product_cat-205","9":"first","10":"instock","11":"taxable","12":"shipping-taxable","13":"purchasable","14":"product-type-simple"},"brands":[{"id":340,"name":"HP","slug":"hp"}],"_links":{"self":[{"href":"https:\/\/tmp.compunegocios.com.pe\/index.php\/wp-json\/wp\/v2\/product\/246","targetHints":{"allow":["GET"]}}],"collection":[{"href":"https:\/\/tmp.compunegocios.com.pe\/index.php\/wp-json\/wp\/v2\/product"}],"about":[{"href":"https:\/\/tmp.compunegocios.com.pe\/index.php\/wp-json\/wp\/v2\/types\/product"}],"wp:featuredmedia":[{"embeddable":true,"href":"https:\/\/tmp.compunegocios.com.pe\/index.php\/wp-json\/wp\/v2\/media\/537"}],"wp:attachment":[{"href":"https:\/\/tmp.compunegocios.com.pe\/index.php\/wp-json\/wp\/v2\/media?parent=246"}],"wp:term":[{"taxonomy":"pwb-brand","embeddable":true,"href":"https:\/\/tmp.compunegocios.com.pe\/index.php\/wp-json\/wp\/v2\/pwb-brand?post=246"},{"taxonomy":"product_brand","embeddable":true,"href":"https:\/\/tmp.compunegocios.com.pe\/index.php\/wp-json\/wp\/v2\/product_brand?post=246"},{"taxonomy":"product_cat","embeddable":true,"href":"https:\/\/tmp.compunegocios.com.pe\/index.php\/wp-json\/wp\/v2\/product_cat?post=246"},{"taxonomy":"product_tag","embeddable":true,"href":"https:\/\/tmp.compunegocios.com.pe\/index.php\/wp-json\/wp\/v2\/product_tag?post=246"}],"curies":[{"name":"wp","href":"https:\/\/api.w.org\/{rel}","templated":true}]}}