{"id":248,"date":"2023-11-11T12:21:45","date_gmt":"2023-11-11T12:21:45","guid":{"rendered":"http:\/\/compunegocios.com.pe\/index.php\/product\/impresora-laser-multifuncional-kyocera-ecosys-m2640idw-l\/"},"modified":"2025-09-12T17:51:13","modified_gmt":"2025-09-12T17:51:13","slug":"impresora-laser-multifuncional-kyocera-ecosys-m2640idw-l","status":"publish","type":"product","link":"https:\/\/tmp.compunegocios.com.pe\/index.php\/product\/impresora-laser-multifuncional-kyocera-ecosys-m2640idw-l\/","title":{"rendered":"IMPRESORA LASER MULTIFUNCIONAL KYOCERA ECOSYS M2640IDW\/L MONOCROMATICO"},"content":{"rendered":"<p>IMPRESORA LASER MULTIFUNCIONAL KYOCERA ECOSYS M2640IDW\/L MONOCROMATICO<\/p>\n<p>Equipo multifuncional \u2013 Impresi\u00f3n\/Escaneo Color\/Copiado\/Fax\/ADF.<br \/>\nWi-Fi: SI.<br \/>\nConexion Ethernet: SI.<br \/>\nD\u00faplex: SI, D\u00faplex de serie; 60\u2013163 g\/m\u00b2; A4, A5, B5, Carta, Legal.<br \/>\nP\u00e1ginas por minuto: Carta: 42 ppm, legal: 34 ppm; A4: 40 ppm.<br \/>\nPantalla: Panel de control con pantalla t\u00e1ctil color (Interfaz TSI) de 4.3\u2033.<br \/>\nTiempo de calentamiento: 20 segundos o menos (Encendido) 10 segundos o menos desde el modo Descanso.<br \/>\nTiempo de salida de la primera impresi\u00f3n: Copiado\/Impresi\u00f3n: 6.4 Segundos o Menos.<br \/>\nResoluci\u00f3n: 1200\u00d71200 dpi, 600 x 600 dpi, 300 x 300 dpi.<br \/>\nMemoria: Est\u00e1ndar con: 512 MB, expandible a 1.5 GB.<br \/>\nFuentes de papel est\u00e1ndar: Bandeja de hojas simple para 250 hojas, bandeja multiprop\u00f3sito para 100 hojas.<br \/>\nCapacidad Bandeja ADF: 50 hojas, 50 \u2013 160 g\/m2, A4, A5, B5, Carta, Legal, personalizado (100 x 148 mm \u2013216 x 356 mm).<br \/>\nInterfaces: 10\/100\/1000BaseTX, USB 2.0 de alta velocidad.<br \/>\nSistemas operativos: Todos los sistemas operativos de Windows, MAC OS X versi\u00f3n 10.5 o superior, Unix, Linux as\u00ed como otros sistemas operativos bajo petici\u00f3n.<br \/>\nCiclo de trabajo mensual m\u00e1ximo: 80,000 p\u00e1ginas por mes.<\/p>\n","protected":false},"excerpt":{"rendered":"<p>&#8211;<\/p>\n","protected":false},"featured_media":529,"template":"","meta":[],"pwb-brand":[],"product_brand":[],"product_cat":[206],"product_tag":[],"class_list":{"0":"post-248","1":"product","2":"type-product","3":"status-publish","4":"has-post-thumbnail","6":"product_cat-206","8":"first","9":"instock","10":"taxable","11":"shipping-taxable","12":"purchasable","13":"product-type-simple"},"brands":[],"_links":{"self":[{"href":"https:\/\/tmp.compunegocios.com.pe\/index.php\/wp-json\/wp\/v2\/product\/248","targetHints":{"allow":["GET"]}}],"collection":[{"href":"https:\/\/tmp.compunegocios.com.pe\/index.php\/wp-json\/wp\/v2\/product"}],"about":[{"href":"https:\/\/tmp.compunegocios.com.pe\/index.php\/wp-json\/wp\/v2\/types\/product"}],"wp:featuredmedia":[{"embeddable":true,"href":"https:\/\/tmp.compunegocios.com.pe\/index.php\/wp-json\/wp\/v2\/media\/529"}],"wp:attachment":[{"href":"https:\/\/tmp.compunegocios.com.pe\/index.php\/wp-json\/wp\/v2\/media?parent=248"}],"wp:term":[{"taxonomy":"pwb-brand","embeddable":true,"href":"https:\/\/tmp.compunegocios.com.pe\/index.php\/wp-json\/wp\/v2\/pwb-brand?post=248"},{"taxonomy":"product_brand","embeddable":true,"href":"https:\/\/tmp.compunegocios.com.pe\/index.php\/wp-json\/wp\/v2\/product_brand?post=248"},{"taxonomy":"product_cat","embeddable":true,"href":"https:\/\/tmp.compunegocios.com.pe\/index.php\/wp-json\/wp\/v2\/product_cat?post=248"},{"taxonomy":"product_tag","embeddable":true,"href":"https:\/\/tmp.compunegocios.com.pe\/index.php\/wp-json\/wp\/v2\/product_tag?post=248"}],"curies":[{"name":"wp","href":"https:\/\/api.w.org\/{rel}","templated":true}]}}