{"id":252,"date":"2023-11-11T12:21:52","date_gmt":"2023-11-11T12:21:52","guid":{"rendered":"http:\/\/compunegocios.com.pe\/index.php\/product\/impresora-laser-multifuncional-kyocera-ecosys-m2040dn-l\/"},"modified":"2025-08-19T17:03:29","modified_gmt":"2025-08-19T17:03:29","slug":"impresora-laser-multifuncional-kyocera-ecosys-m2040dn-l","status":"publish","type":"product","link":"https:\/\/tmp.compunegocios.com.pe\/index.php\/product\/impresora-laser-multifuncional-kyocera-ecosys-m2040dn-l\/","title":{"rendered":"IMPRESORA LASER MULTIFUNCIONAL KYOCERA ECOSYS M2040DN\/L"},"content":{"rendered":"<p>IMPRESORA LASER MULTIFUNCIONAL KYOCERA ECOSYS M2040DN\/L<br \/>\nMultifuncional A4.<br \/>\nVelocidad : 42 ppm.<br \/>\nResoluci\u00f3n: 600 dpi \/ Fina 1,200 dpi.<br \/>\nAlimentaci\u00f3n de papel: Bandeja de 250 h. + B.M.P 100 h. total 350 hojas est\u00e1ndar \u2013 m\u00e1ximo 850 hojas.<br \/>\nDSDP \u2013 Alimentador de originales dual d\u00faplex \/ 50 hojas.<br \/>\nImpresi\u00f3n D\u00faplex: Est\u00e1ndar.<br \/>\nTama\u00f1o de papel: Desde 5.5\u2033 x 8.5\u201c hasta 8.5\u2033 x 14\u2033.<br \/>\nInterfaz: 10\/100\/1000BaseTX, USB, 1 Host USB y Mobile Print.<br \/>\nPantalla LCD de 5 l\u00edneas.<br \/>\nTiempo de calentamiento: 20 Segundos.<br \/>\nMateriales de entrada: Papel Normal, Papel Bond, Papel Reciclado, Sobres, OHP, Pergamino, Papel Con Membrete, Etiquetas.<\/p>\n","protected":false},"excerpt":{"rendered":"<p>&#8211;<\/p>\n","protected":false},"featured_media":515,"template":"","meta":[],"pwb-brand":[340],"product_brand":[],"product_cat":[206],"product_tag":[],"class_list":{"0":"post-252","1":"product","2":"type-product","3":"status-publish","4":"has-post-thumbnail","6":"pwb-brand-hp","7":"product_cat-206","9":"first","10":"outofstock","11":"taxable","12":"shipping-taxable","13":"purchasable","14":"product-type-simple"},"brands":[{"id":340,"name":"HP","slug":"hp"}],"_links":{"self":[{"href":"https:\/\/tmp.compunegocios.com.pe\/index.php\/wp-json\/wp\/v2\/product\/252","targetHints":{"allow":["GET"]}}],"collection":[{"href":"https:\/\/tmp.compunegocios.com.pe\/index.php\/wp-json\/wp\/v2\/product"}],"about":[{"href":"https:\/\/tmp.compunegocios.com.pe\/index.php\/wp-json\/wp\/v2\/types\/product"}],"wp:featuredmedia":[{"embeddable":true,"href":"https:\/\/tmp.compunegocios.com.pe\/index.php\/wp-json\/wp\/v2\/media\/515"}],"wp:attachment":[{"href":"https:\/\/tmp.compunegocios.com.pe\/index.php\/wp-json\/wp\/v2\/media?parent=252"}],"wp:term":[{"taxonomy":"pwb-brand","embeddable":true,"href":"https:\/\/tmp.compunegocios.com.pe\/index.php\/wp-json\/wp\/v2\/pwb-brand?post=252"},{"taxonomy":"product_brand","embeddable":true,"href":"https:\/\/tmp.compunegocios.com.pe\/index.php\/wp-json\/wp\/v2\/product_brand?post=252"},{"taxonomy":"product_cat","embeddable":true,"href":"https:\/\/tmp.compunegocios.com.pe\/index.php\/wp-json\/wp\/v2\/product_cat?post=252"},{"taxonomy":"product_tag","embeddable":true,"href":"https:\/\/tmp.compunegocios.com.pe\/index.php\/wp-json\/wp\/v2\/product_tag?post=252"}],"curies":[{"name":"wp","href":"https:\/\/api.w.org\/{rel}","templated":true}]}}