{"id":256,"date":"2023-11-11T12:22:00","date_gmt":"2023-11-11T12:22:00","guid":{"rendered":"http:\/\/compunegocios.com.pe\/index.php\/product\/laptop-lenovo-v14-iil-core-i5-1035g1-ram-8gb-ssd250gb-hdd-1tb-14-82c400eelm-free-dos\/"},"modified":"2025-08-19T23:47:32","modified_gmt":"2025-08-19T23:47:32","slug":"laptop-lenovo-v14-iil-core-i5-1035g1-ram-8gb-ssd250gb-hdd-1tb-14-82c400eelm-free-dos","status":"publish","type":"product","link":"https:\/\/tmp.compunegocios.com.pe\/index.php\/product\/laptop-lenovo-v14-iil-core-i5-1035g1-ram-8gb-ssd250gb-hdd-1tb-14-82c400eelm-free-dos\/","title":{"rendered":"LAPTOP LENOVO V14-IIL  CORE I5-1035G1  RAM 8GB SSD250GB +  HDD 1TB 14&#8243; ( 82C400EELM )  FREE DOS"},"content":{"rendered":"<p>Notebook Lenovo V14 IIL, 14\u2033 HD, Intel Core i5-1035G1 1.00 \/ 3.60GHz, 8GB DDR4, SSD250GB +1TB SATA Video Integrated Intel UHD Graphics,<br \/>\nLaptop Lenovo V14-IIL<br \/>\nProducto: Laptop<br \/>\nMarca: Lenovo<br \/>\nModelo: v14-iiL<br \/>\nSKU: 82C400EELM<br \/>\nProcesador: Intel core i5-1035G1 hasta 3.6 GHz<br \/>\nRAM: 8GB DDR4, 2666 MHZ<br \/>\nSSD:250GB  M.2 MVME<br \/>\nDisco Duro:        1TB SATA<br \/>\nTama\u00f1o:              14 pulgadas \/ Resoluci\u00f3n 1366 \u00d7 768 p\u00edxeles<br \/>\nWireless 802.11ac<br \/>\n Bluetooth 4.2<br \/>\nC\u00c1MARA WEB Integrada<br \/>\nMICR\u00d3FONO Integrado<br \/>\nColor: Iron Grey<\/p>\n","protected":false},"excerpt":{"rendered":"<p>&#8211;<\/p>\n","protected":false},"featured_media":503,"template":"","meta":[],"pwb-brand":[338,341],"product_brand":[],"product_cat":[21],"product_tag":[],"class_list":{"0":"post-256","1":"product","2":"type-product","3":"status-publish","4":"has-post-thumbnail","6":"pwb-brand-intel","7":"pwb-brand-lenovo","8":"product_cat-21","10":"first","11":"instock","12":"taxable","13":"shipping-taxable","14":"purchasable","15":"product-type-simple"},"brands":[{"id":338,"name":"Intel","slug":"intel"},{"id":341,"name":"Lenovo","slug":"lenovo"}],"_links":{"self":[{"href":"https:\/\/tmp.compunegocios.com.pe\/index.php\/wp-json\/wp\/v2\/product\/256","targetHints":{"allow":["GET"]}}],"collection":[{"href":"https:\/\/tmp.compunegocios.com.pe\/index.php\/wp-json\/wp\/v2\/product"}],"about":[{"href":"https:\/\/tmp.compunegocios.com.pe\/index.php\/wp-json\/wp\/v2\/types\/product"}],"wp:featuredmedia":[{"embeddable":true,"href":"https:\/\/tmp.compunegocios.com.pe\/index.php\/wp-json\/wp\/v2\/media\/503"}],"wp:attachment":[{"href":"https:\/\/tmp.compunegocios.com.pe\/index.php\/wp-json\/wp\/v2\/media?parent=256"}],"wp:term":[{"taxonomy":"pwb-brand","embeddable":true,"href":"https:\/\/tmp.compunegocios.com.pe\/index.php\/wp-json\/wp\/v2\/pwb-brand?post=256"},{"taxonomy":"product_brand","embeddable":true,"href":"https:\/\/tmp.compunegocios.com.pe\/index.php\/wp-json\/wp\/v2\/product_brand?post=256"},{"taxonomy":"product_cat","embeddable":true,"href":"https:\/\/tmp.compunegocios.com.pe\/index.php\/wp-json\/wp\/v2\/product_cat?post=256"},{"taxonomy":"product_tag","embeddable":true,"href":"https:\/\/tmp.compunegocios.com.pe\/index.php\/wp-json\/wp\/v2\/product_tag?post=256"}],"curies":[{"name":"wp","href":"https:\/\/api.w.org\/{rel}","templated":true}]}}